{"id":11507,"date":"2019-11-24T18:29:36","date_gmt":"2019-11-24T17:29:36","guid":{"rendered":"http:\/\/woerrlein-naturfoto.de\/wordpress\/?page_id=11507"},"modified":"2022-10-19T13:46:00","modified_gmt":"2022-10-19T11:46:00","slug":"kuh-roehrling","status":"publish","type":"page","link":"https:\/\/woerrlein-naturfoto.de\/wordpress\/pilze-a-z\/kuh-roehrling\/","title":{"rendered":"Kuh-R\u00f6hrling"},"content":{"rendered":"<p><a href=\"http:\/\/woerrlein-naturfoto.de\/wordpress\/hauptseite-pflanzen\/pflanzen\/\"><span style=\"color: #ffff66;\">Pflanzen<\/span> <\/a>-&gt;<a href=\"http:\/\/woerrlein-naturfoto.de\/wordpress\/hauptseite-pflanzen\/pflanzen\/pilze-2\/\"> <span style=\"color: #ffff66;\">Pilze<\/span><\/a><br \/>\n<a href=\"http:\/\/woerrlein-naturfoto.de\/wordpress\/pflanzen-von-a-z\/\">Pflanzen von A-Z<\/a><br \/>\nzur Galerie <a href=\"https:\/\/woerrlein-naturfoto.de\/wordpress\/hauptseite-pflanzen\/pflanzen\/pilze-2\/pilze-ii-h-bis-r\/\">Pilze II<\/a><\/p>\n<p><img loading=\"lazy\" decoding=\"async\" class=\"alignleft wp-image-11476\" src=\"http:\/\/woerrlein-naturfoto.de\/wordpress\/wp-content\/uploads\/2015\/01\/Kuhroehrling_AW_61399_5938x3959-400x600.jpg\" alt=\"\" width=\"267\" height=\"400\" srcset=\"https:\/\/woerrlein-naturfoto.de\/wordpress\/wp-content\/uploads\/2015\/01\/Kuhroehrling_AW_61399_5938x3959-400x600.jpg 400w, https:\/\/woerrlein-naturfoto.de\/wordpress\/wp-content\/uploads\/2015\/01\/Kuhroehrling_AW_61399_5938x3959.jpg 567w\" sizes=\"auto, (max-width: 267px) 100vw, 267px\" \/><\/p>\n<p>Der <b>Kuh-R\u00f6hrling<\/b> oder <b>Kuhpilz<\/b> (<i>Suillus bovinus<\/i>) ist ein essbarer Pilz aus der Familie der Schmierr\u00f6hrlingsverwandten. Er ist h\u00e4ufig unter Kiefern anzutreffen, mit denen er <a title=\"Mykorrhiza\" href=\"https:\/\/de.wikipedia.org\/wiki\/Mykorrhiza\" target=\"_blank\" rel=\"noopener noreferrer\">Mykorrhiza<\/a> bildet.<br \/>\nDer d\u00fcnnfleischige Hut des Kuh-R\u00f6hrlings ist etwa vier bis acht\u00a0Zentimeter breit und ist gelb- oder orangebraun. Bei jungen Pilzen ist er gew\u00f6lbt, sp\u00e4ter abgeflachter und oft wellig verbogen. Er ist von einer f\u00fcr die Schmierr\u00f6hrlinge typischen, klebrigen und schmierigen Haut \u00fcberzogen, die bei feuchter Witterung einen schleimigen Film bekommt. Der Hutrand ist anfangs eingerollt und bei \u00e4lteren Pilzen scharf. Der Kuh-R\u00f6hrling verf\u00fcgt \u00fcber kurze (zehn\u00a0Millimeter), etwas am Stiel herablaufende R\u00f6hren olivgelblicher Farbe mit beim reifen Pilz relativ gro\u00dfen M\u00fcndungen. Sie l\u00f6sen sich nur schwer vom Hutfleisch und sind aus zwei bis vier k\u00fcrzeren R\u00f6hren zusammengesetzt. Die Poren des Pilzes sind zun\u00e4chst klein und werden dann im Alter weiter und langgezogener. Sie sind unregelm\u00e4\u00dfig eckig geformt und in der Tiefe durch Scheidew\u00e4nde geteilt. Ihre Farbe ist die des Hutes, allerdings sind sie bisweilen auch rostbraun gef\u00e4rbt. Die L\u00e4nge des Stiels betr\u00e4gt drei bis sechs\u00a0Zentimeter und seine St\u00e4rke 15\u00a0Millimeter, wobei dieser meist verbogen ist. Er ist z\u00e4h, d\u00fcnn, elastisch und hat keinen Ring; seine Farbe ist das Gelb des Hutes, zur Basis hin wird er oft r\u00f6tlich.<\/p>\n<p><strong>Vorkommen:<\/strong>\u00a0\u00a0\u00a0\u00a0\u00a0\u00a0\u00a0 Juli &#8211; November<\/p>\n<p>zur Galerie <a href=\"https:\/\/woerrlein-naturfoto.de\/wordpress\/hauptseite-pflanzen\/pflanzen\/pilze-2\/pilze-ii-h-bis-r\/\">Pilze II<\/a><\/p>\n<p><em>Quelle des Textauszuges und weitere Infos bei <\/em><a href=\"https:\/\/de.wikipedia.org\/wiki\/Kuh-R%C3%B6hrling\" target=\"_blank\" rel=\"noopener noreferrer\">Wikipedia<\/a><em> (<\/em><a href=\"http:\/\/www.gnu.org\/licenses\/fdl-1.3.txt\" target=\"_blank\" rel=\"noopener noreferrer\">GNU-Lizenz<\/a><em>)\u2013 mein Dank gilt den <\/em><a href=\"https:\/\/de.wikipedia.org\/w\/index.php?title=Kuh-R%C3%B6hrling&amp;action=history\" target=\"_blank\" rel=\"noopener noreferrer\">Autoren<\/a><em>.<\/em><\/p>\n","protected":false},"excerpt":{"rendered":"<p>Pflanzen -&gt; Pilze Pflanzen von A-Z zur Galerie Pilze II Der Kuh-R\u00f6hrling oder Kuhpilz (Suillus bovinus) ist ein essbarer Pilz aus der Familie der Schmierr\u00f6hrlingsverwandten. Er ist h\u00e4ufig unter Kiefern anzutreffen, mit denen er Mykorrhiza bildet. Der d\u00fcnnfleischige Hut des Kuh-R\u00f6hrlings ist etwa vier bis acht\u00a0Zentimeter breit und ist gelb- oder orangebraun. Bei jungen Pilzen &hellip; <a href=\"https:\/\/woerrlein-naturfoto.de\/wordpress\/pilze-a-z\/kuh-roehrling\/\" class=\"more-link\"><span class=\"screen-reader-text\">Kuh-R\u00f6hrling<\/span> weiterlesen <span class=\"meta-nav\">&rarr;<\/span><\/a><\/p>\n","protected":false},"author":1,"featured_media":0,"parent":5118,"menu_order":0,"comment_status":"closed","ping_status":"closed","template":"page-templates\/full-width.php","meta":{"footnotes":""},"class_list":["post-11507","page","type-page","status-publish","hentry"],"_links":{"self":[{"href":"https:\/\/woerrlein-naturfoto.de\/wordpress\/wp-json\/wp\/v2\/pages\/11507","targetHints":{"allow":["GET"]}}],"collection":[{"href":"https:\/\/woerrlein-naturfoto.de\/wordpress\/wp-json\/wp\/v2\/pages"}],"about":[{"href":"https:\/\/woerrlein-naturfoto.de\/wordpress\/wp-json\/wp\/v2\/types\/page"}],"author":[{"embeddable":true,"href":"https:\/\/woerrlein-naturfoto.de\/wordpress\/wp-json\/wp\/v2\/users\/1"}],"replies":[{"embeddable":true,"href":"https:\/\/woerrlein-naturfoto.de\/wordpress\/wp-json\/wp\/v2\/comments?post=11507"}],"version-history":[{"count":4,"href":"https:\/\/woerrlein-naturfoto.de\/wordpress\/wp-json\/wp\/v2\/pages\/11507\/revisions"}],"predecessor-version":[{"id":15536,"href":"https:\/\/woerrlein-naturfoto.de\/wordpress\/wp-json\/wp\/v2\/pages\/11507\/revisions\/15536"}],"up":[{"embeddable":true,"href":"https:\/\/woerrlein-naturfoto.de\/wordpress\/wp-json\/wp\/v2\/pages\/5118"}],"wp:attachment":[{"href":"https:\/\/woerrlein-naturfoto.de\/wordpress\/wp-json\/wp\/v2\/media?parent=11507"}],"curies":[{"name":"wp","href":"https:\/\/api.w.org\/{rel}","templated":true}]}}