{"id":11502,"date":"2019-11-24T18:12:46","date_gmt":"2019-11-24T17:12:46","guid":{"rendered":"http:\/\/woerrlein-naturfoto.de\/wordpress\/?page_id=11502"},"modified":"2022-10-19T13:22:45","modified_gmt":"2022-10-19T11:22:45","slug":"gelbstieliger-nitrat-helmling","status":"publish","type":"page","link":"https:\/\/woerrlein-naturfoto.de\/wordpress\/pilze-a-z\/gelbstieliger-nitrat-helmling\/","title":{"rendered":"Gelbstieliger Nitrat-Helmling"},"content":{"rendered":"<p><a href=\"http:\/\/woerrlein-naturfoto.de\/wordpress\/hauptseite-pflanzen\/pflanzen\/\"><span style=\"color: #ffff66;\">Pflanzen<\/span> <\/a>-&gt;<a href=\"http:\/\/woerrlein-naturfoto.de\/wordpress\/hauptseite-pflanzen\/pflanzen\/pilze-2\/\"> <span style=\"color: #ffff66;\">Pilze<\/span><\/a><br \/>\n<a href=\"http:\/\/woerrlein-naturfoto.de\/wordpress\/pflanzen-von-a-z\/\">Pflanzen von A-Z<\/a><br \/>\nzur Galerie <a href=\"https:\/\/woerrlein-naturfoto.de\/wordpress\/hauptseite-pflanzen\/pflanzen\/pilze-2\/pilze-i-a-bis-g\/\">Pilze I<\/a><\/p>\n<p><img loading=\"lazy\" decoding=\"async\" class=\"alignleft wp-image-11471\" src=\"http:\/\/woerrlein-naturfoto.de\/wordpress\/wp-content\/uploads\/2015\/01\/Gelbstieliger_Nitrathelmling_AW_61629_7360x4912-400x600.jpg\" alt=\"\" width=\"267\" height=\"400\" srcset=\"https:\/\/woerrlein-naturfoto.de\/wordpress\/wp-content\/uploads\/2015\/01\/Gelbstieliger_Nitrathelmling_AW_61629_7360x4912-400x600.jpg 400w, https:\/\/woerrlein-naturfoto.de\/wordpress\/wp-content\/uploads\/2015\/01\/Gelbstieliger_Nitrathelmling_AW_61629_7360x4912.jpg 567w\" sizes=\"auto, (max-width: 267px) 100vw, 267px\" \/><\/p>\n<p>Der ungenie\u00dfbare <b>Gelbstielige Nitrat-Helmling<\/b> (<i>Mycena renati<\/i>, syn. <i>Mycena flavipes<\/i>) ist eine Pilzart aus der Familie der Helmlingsverwandten. Der Helmling ist durch seinen rosabr\u00e4unlichen Hut, den kr\u00e4ftig gelben Stiel, das b\u00fcschelige Wachstum und den chlorartigen Geruch gut zu erkennen. Die Fruchtk\u00f6rper erscheinen von Mai bis September an Laubholz, vorwiegend in Buchenw\u00e4ldern. Er wird auch <b>Gelbstieliger Nitrose-<\/b> oder <b>Gelbf\u00fc\u00dfiger Helmling<\/b> genannt.<br \/>\nDer Hut ist 1\u20133\u00a0cm breit, anfangs halbkugelig, sp\u00e4ter glockig bis kegelig. Die Oberfl\u00e4che ist glatt, matt und fleischfarben bis br\u00e4unlich rosa gef\u00e4rbt. Die Mitte ist meist dunkler, der meist geriefte Rand etwas heller gef\u00e4rbt.Die breiten, schwach bauchigen Lamellen laufen mit einem Z\u00e4hnchen am Stiel herab. Sie sind anfangs wei\u00dflich und schlagen sp\u00e4ter nach rosa um. Ihre Schneiden sind glatt und mehr oder weniger gleichfarben, das Sporenpulver ist wei\u00dflich. Der r\u00f6hrig-hohle, br\u00fcchige Stiel ist 2\u20136\u00a0cm lang und 1\u20132\u00a0mm breit. Er ist glatt, gl\u00e4nzend, gelbbraun, goldgelb bis orange-gelb gef\u00e4rbt, die Stielspitze ist etwas heller. An der leicht filzigen Basis sind die Fruchtk\u00f6rper zu dichten B\u00fcscheln verwachsen. Das sehr d\u00fcnne, wei\u00dfliche Fleisch riecht nitros oder chlorartig und schmeckt mehr oder weniger mild bis rettichartig.<\/p>\n<p><strong>Vorkommen:<\/strong>\u00a0\u00a0\u00a0\u00a0\u00a0\u00a0\u00a0 Mai &#8211; September<\/p>\n<p>zur Galerie <a href=\"https:\/\/woerrlein-naturfoto.de\/wordpress\/hauptseite-pflanzen\/pflanzen\/pilze-2\/pilze-i-a-bis-g\/\">Pilze I<\/a><\/p>\n<p><em>Quelle des Textauszuges und weitere Infos bei <\/em><a href=\"https:\/\/de.wikipedia.org\/wiki\/Gelbstieliger_Nitrat-Helmling\" target=\"_blank\" rel=\"noopener noreferrer\">Wikipedia<\/a><em> (<\/em><a href=\"http:\/\/www.gnu.org\/licenses\/fdl-1.3.txt\" target=\"_blank\" rel=\"noopener noreferrer\">GNU-Lizenz<\/a><em>)\u2013 mein Dank gilt den <\/em><a href=\"https:\/\/de.wikipedia.org\/w\/index.php?title=Amiant-K%C3%B6rnchenschirmling&amp;action=history\" target=\"_blank\" rel=\"noopener noreferrer\">Autoren<\/a><em>.<\/em><\/p>\n","protected":false},"excerpt":{"rendered":"<p>Pflanzen -&gt; Pilze Pflanzen von A-Z zur Galerie Pilze I Der ungenie\u00dfbare Gelbstielige Nitrat-Helmling (Mycena renati, syn. Mycena flavipes) ist eine Pilzart aus der Familie der Helmlingsverwandten. Der Helmling ist durch seinen rosabr\u00e4unlichen Hut, den kr\u00e4ftig gelben Stiel, das b\u00fcschelige Wachstum und den chlorartigen Geruch gut zu erkennen. Die Fruchtk\u00f6rper erscheinen von Mai bis September &hellip; <a href=\"https:\/\/woerrlein-naturfoto.de\/wordpress\/pilze-a-z\/gelbstieliger-nitrat-helmling\/\" class=\"more-link\"><span class=\"screen-reader-text\">Gelbstieliger Nitrat-Helmling<\/span> weiterlesen <span class=\"meta-nav\">&rarr;<\/span><\/a><\/p>\n","protected":false},"author":1,"featured_media":0,"parent":5118,"menu_order":0,"comment_status":"closed","ping_status":"closed","template":"page-templates\/full-width.php","meta":{"footnotes":""},"class_list":["post-11502","page","type-page","status-publish","hentry"],"_links":{"self":[{"href":"https:\/\/woerrlein-naturfoto.de\/wordpress\/wp-json\/wp\/v2\/pages\/11502","targetHints":{"allow":["GET"]}}],"collection":[{"href":"https:\/\/woerrlein-naturfoto.de\/wordpress\/wp-json\/wp\/v2\/pages"}],"about":[{"href":"https:\/\/woerrlein-naturfoto.de\/wordpress\/wp-json\/wp\/v2\/types\/page"}],"author":[{"embeddable":true,"href":"https:\/\/woerrlein-naturfoto.de\/wordpress\/wp-json\/wp\/v2\/users\/1"}],"replies":[{"embeddable":true,"href":"https:\/\/woerrlein-naturfoto.de\/wordpress\/wp-json\/wp\/v2\/comments?post=11502"}],"version-history":[{"count":4,"href":"https:\/\/woerrlein-naturfoto.de\/wordpress\/wp-json\/wp\/v2\/pages\/11502\/revisions"}],"predecessor-version":[{"id":15517,"href":"https:\/\/woerrlein-naturfoto.de\/wordpress\/wp-json\/wp\/v2\/pages\/11502\/revisions\/15517"}],"up":[{"embeddable":true,"href":"https:\/\/woerrlein-naturfoto.de\/wordpress\/wp-json\/wp\/v2\/pages\/5118"}],"wp:attachment":[{"href":"https:\/\/woerrlein-naturfoto.de\/wordpress\/wp-json\/wp\/v2\/media?parent=11502"}],"curies":[{"name":"wp","href":"https:\/\/api.w.org\/{rel}","templated":true}]}}