{"id":11496,"date":"2019-11-24T18:01:25","date_gmt":"2019-11-24T17:01:25","guid":{"rendered":"http:\/\/woerrlein-naturfoto.de\/wordpress\/?page_id=11496"},"modified":"2022-10-19T12:55:14","modified_gmt":"2022-10-19T10:55:14","slug":"falscher-pfifferling","status":"publish","type":"page","link":"https:\/\/woerrlein-naturfoto.de\/wordpress\/pilze-a-z\/falscher-pfifferling\/","title":{"rendered":"Falscher Pfifferling"},"content":{"rendered":"<p><a href=\"http:\/\/woerrlein-naturfoto.de\/wordpress\/hauptseite-pflanzen\/pflanzen\/\"><span style=\"color: #ffff66;\">Pflanzen<\/span> <\/a>-&gt;<a href=\"http:\/\/woerrlein-naturfoto.de\/wordpress\/hauptseite-pflanzen\/pflanzen\/pilze-2\/\"> <span style=\"color: #ffff66;\">Pilze<\/span><\/a><br \/>\n<a href=\"http:\/\/woerrlein-naturfoto.de\/wordpress\/pflanzen-von-a-z\/\">Pflanzen von A-Z<\/a><br \/>\nzur Galerie <a href=\"https:\/\/woerrlein-naturfoto.de\/wordpress\/hauptseite-pflanzen\/pflanzen\/pilze-2\/pilze-i-a-bis-g\/\">Pilze I<\/a><\/p>\n<p><img loading=\"lazy\" decoding=\"async\" class=\"alignleft wp-image-11469\" src=\"http:\/\/woerrlein-naturfoto.de\/wordpress\/wp-content\/uploads\/2015\/01\/Falscher_Pfifferling_AW_614424717x7075-400x600.jpg\" alt=\"\" width=\"267\" height=\"400\" \/>Der <b>Falsche Pfifferling<\/b> (<i>Hygrophoropsis aurantiaca<\/i>) ist ein St\u00e4nderpilz und geh\u00f6rt trotz seiner lamellenartigen Hutunterseite zur Ordnung der Dickr\u00f6hrlingsartigen. Seinen Namen erhielt er wegen der \u00c4hnlichkeit zum Echten Pfifferling. Der 2\u20137(10)\u00a0cm breite Hut hat jung eine polsterartige, bald verflachende Form. Zuletzt ist er flach vertieft bis genabelt. Markant ist der lange eingerollte Hutrand. Das Farbspektrum reicht von blass gelb bis kr\u00e4ftig orange, im Alter zeigt der Fruchtk\u00f6rper schmutzige Flecken und kann in der Mitte mehr olivbr\u00e4unlich erscheinen. Die Oberfl\u00e4che ist trocken und lange feinfilzig, selten sogar feinschuppig. Die Lamellen stehen eng zusammen, sind mehrfach gegabelt und laufen weit am Stiel herab. Jung sind sie dicklich, sp\u00e4ter d\u00fcnnschneidiger.<\/p>\n<p><strong>Vorkommen:<\/strong>\u00a0\u00a0\u00a0\u00a0\u00a0\u00a0\u00a0 August &#8211; Dezember<\/p>\n<p>zur Galerie <a href=\"https:\/\/woerrlein-naturfoto.de\/wordpress\/hauptseite-pflanzen\/pflanzen\/pilze-2\/pilze-i-a-bis-g\/\">Pilze I<\/a><\/p>\n<p><em>Quelle des Textauszuges und weitere Infos bei <\/em><a href=\"https:\/\/de.wikipedia.org\/wiki\/Falscher_Pfifferling\" target=\"_blank\" rel=\"noopener noreferrer\">Wikipedia<\/a><em> (<\/em><a href=\"http:\/\/www.gnu.org\/licenses\/fdl-1.3.txt\" target=\"_blank\" rel=\"noopener noreferrer\">GNU-Lizenz<\/a><em>)\u2013 mein Dank gilt den <\/em><a href=\"https:\/\/de.wikipedia.org\/w\/index.php?title=Falscher_Pfifferling&amp;action=history\" target=\"_blank\" rel=\"noopener noreferrer\">Autoren<\/a><em>.<\/em><\/p>\n","protected":false},"excerpt":{"rendered":"<p>Pflanzen -&gt; Pilze Pflanzen von A-Z zur Galerie Pilze I Der Falsche Pfifferling (Hygrophoropsis aurantiaca) ist ein St\u00e4nderpilz und geh\u00f6rt trotz seiner lamellenartigen Hutunterseite zur Ordnung der Dickr\u00f6hrlingsartigen. Seinen Namen erhielt er wegen der \u00c4hnlichkeit zum Echten Pfifferling. Der 2\u20137(10)\u00a0cm breite Hut hat jung eine polsterartige, bald verflachende Form. Zuletzt ist er flach vertieft bis &hellip; <a href=\"https:\/\/woerrlein-naturfoto.de\/wordpress\/pilze-a-z\/falscher-pfifferling\/\" class=\"more-link\"><span class=\"screen-reader-text\">Falscher Pfifferling<\/span> weiterlesen <span class=\"meta-nav\">&rarr;<\/span><\/a><\/p>\n","protected":false},"author":1,"featured_media":0,"parent":5118,"menu_order":0,"comment_status":"closed","ping_status":"closed","template":"page-templates\/full-width.php","meta":{"footnotes":""},"class_list":["post-11496","page","type-page","status-publish","hentry"],"_links":{"self":[{"href":"https:\/\/woerrlein-naturfoto.de\/wordpress\/wp-json\/wp\/v2\/pages\/11496","targetHints":{"allow":["GET"]}}],"collection":[{"href":"https:\/\/woerrlein-naturfoto.de\/wordpress\/wp-json\/wp\/v2\/pages"}],"about":[{"href":"https:\/\/woerrlein-naturfoto.de\/wordpress\/wp-json\/wp\/v2\/types\/page"}],"author":[{"embeddable":true,"href":"https:\/\/woerrlein-naturfoto.de\/wordpress\/wp-json\/wp\/v2\/users\/1"}],"replies":[{"embeddable":true,"href":"https:\/\/woerrlein-naturfoto.de\/wordpress\/wp-json\/wp\/v2\/comments?post=11496"}],"version-history":[{"count":4,"href":"https:\/\/woerrlein-naturfoto.de\/wordpress\/wp-json\/wp\/v2\/pages\/11496\/revisions"}],"predecessor-version":[{"id":15512,"href":"https:\/\/woerrlein-naturfoto.de\/wordpress\/wp-json\/wp\/v2\/pages\/11496\/revisions\/15512"}],"up":[{"embeddable":true,"href":"https:\/\/woerrlein-naturfoto.de\/wordpress\/wp-json\/wp\/v2\/pages\/5118"}],"wp:attachment":[{"href":"https:\/\/woerrlein-naturfoto.de\/wordpress\/wp-json\/wp\/v2\/media?parent=11496"}],"curies":[{"name":"wp","href":"https:\/\/api.w.org\/{rel}","templated":true}]}}