{"id":11465,"date":"2019-11-24T15:35:31","date_gmt":"2019-11-24T14:35:31","guid":{"rendered":"http:\/\/woerrlein-naturfoto.de\/wordpress\/?page_id=11465"},"modified":"2022-10-19T14:14:42","modified_gmt":"2022-10-19T12:14:42","slug":"warzenschirmling","status":"publish","type":"page","link":"https:\/\/woerrlein-naturfoto.de\/wordpress\/pilze-a-z\/warzenschirmling\/","title":{"rendered":"Warzenschirmling"},"content":{"rendered":"<p><a href=\"http:\/\/woerrlein-naturfoto.de\/wordpress\/hauptseite-pflanzen\/pflanzen\/\"><span style=\"color: #ffff66;\">Pflanzen<\/span> <\/a>-&gt;<a href=\"http:\/\/woerrlein-naturfoto.de\/wordpress\/hauptseite-pflanzen\/pflanzen\/pilze-2\/\"> <span style=\"color: #ffff66;\">Pilze<\/span><\/a><br \/>\n<a href=\"http:\/\/woerrlein-naturfoto.de\/wordpress\/pflanzen-von-a-z\/\">Pflanzen von A-Z<\/a><br \/>\nzur Galerie <a href=\"https:\/\/woerrlein-naturfoto.de\/wordpress\/hauptseite-pflanzen\/pflanzen\/pilze-2\/pilze-iii-s-bis-z\/\">Pilze III<\/a><\/p>\n<p><img loading=\"lazy\" decoding=\"async\" class=\"alignleft wp-image-11385\" src=\"http:\/\/woerrlein-naturfoto.de\/wordpress\/wp-content\/uploads\/2015\/01\/Warzen-Riesenschirmling_191027_3655-600x400.jpg\" alt=\"\" width=\"600\" height=\"400\" srcset=\"https:\/\/woerrlein-naturfoto.de\/wordpress\/wp-content\/uploads\/2015\/01\/Warzen-Riesenschirmling_191027_3655-600x400.jpg 600w, https:\/\/woerrlein-naturfoto.de\/wordpress\/wp-content\/uploads\/2015\/01\/Warzen-Riesenschirmling_191027_3655-768x512.jpg 768w, https:\/\/woerrlein-naturfoto.de\/wordpress\/wp-content\/uploads\/2015\/01\/Warzen-Riesenschirmling_191027_3655-120x80.jpg 120w, https:\/\/woerrlein-naturfoto.de\/wordpress\/wp-content\/uploads\/2015\/01\/Warzen-Riesenschirmling_191027_3655.jpg 1000w\" sizes=\"auto, (max-width: 600px) 100vw, 600px\" \/>Der <b>Zitzen-Riesenschirmling<\/b> (<i>Macrolepiota mastoidea<\/i>) ist eine Pilzart aus der Gattung der Riesenschirmlinge (<i>Macrolepiota<\/i>). Weitere deutsche Namen sind <b>Spitzbuckliger Schirmling<\/b>, <b>Warzenschirmling<\/b>, <b>Warzen-Schirmpilz<\/b>, <b>Zitzen-<\/b> oder <b>Zitzenwarziger Riesenschirmpilz<\/b>.<br \/>\n\u00c4hnlich wie beim <a class=\"mw-redirect\" title=\"Parasol\" href=\"https:\/\/woerrlein-naturfoto.de\/wordpress\/pilze-a-z\/parasol\/\" target=\"_blank\" rel=\"noopener noreferrer\">Parasol<\/a> handelt es sich beim Zitzen-Riesenschirmling um eine Gruppe sehr \u00e4hnlicher, schwierig voneinander abzugrenzender Formen, deren taxonomischer Rang umstritten ist. Gemeinsam sind diesen Formen ein einfacher Ring (au\u00dfer Wei\u00dfstieliger Zitzen-Riesenschirmling) und gegen\u00fcber dem Parasol schm\u00e4chtigere Form.<\/p>\n<p><strong>Vorkommen:<\/strong>\u00a0\u00a0\u00a0\u00a0\u00a0\u00a0\u00a0 August &#8211; Oktober<\/p>\n<p>zur Galerie <a href=\"https:\/\/woerrlein-naturfoto.de\/wordpress\/hauptseite-pflanzen\/pflanzen\/pilze-2\/pilze-iii-s-bis-z\/\">Pilze III<\/a><\/p>\n<p><em>Quelle des Textauszuges und weitere Infos bei <\/em><a href=\"https:\/\/de.wikipedia.org\/wiki\/Zitzen-Riesenschirmling\" target=\"_blank\" rel=\"noopener noreferrer\">Wikipedia<\/a><em> (<\/em><a href=\"http:\/\/www.gnu.org\/licenses\/fdl-1.3.txt\" target=\"_blank\" rel=\"noopener noreferrer\">GNU-Lizenz<\/a><em>)\u2013 mein Dank gilt den <\/em><a href=\"https:\/\/de.wikipedia.org\/w\/index.php?title=Gemeiner_Rotfu%C3%9Fr%C3%B6hrling&amp;action=history\" target=\"_blank\" rel=\"noopener noreferrer\">Autoren<\/a><em>.<\/em><\/p>\n","protected":false},"excerpt":{"rendered":"<p>Pflanzen -&gt; Pilze Pflanzen von A-Z zur Galerie Pilze III Der Zitzen-Riesenschirmling (Macrolepiota mastoidea) ist eine Pilzart aus der Gattung der Riesenschirmlinge (Macrolepiota). Weitere deutsche Namen sind Spitzbuckliger Schirmling, Warzenschirmling, Warzen-Schirmpilz, Zitzen- oder Zitzenwarziger Riesenschirmpilz. \u00c4hnlich wie beim Parasol handelt es sich beim Zitzen-Riesenschirmling um eine Gruppe sehr \u00e4hnlicher, schwierig voneinander abzugrenzender Formen, deren taxonomischer &hellip; <a href=\"https:\/\/woerrlein-naturfoto.de\/wordpress\/pilze-a-z\/warzenschirmling\/\" class=\"more-link\"><span class=\"screen-reader-text\">Warzenschirmling<\/span> weiterlesen <span class=\"meta-nav\">&rarr;<\/span><\/a><\/p>\n","protected":false},"author":1,"featured_media":0,"parent":5118,"menu_order":0,"comment_status":"closed","ping_status":"closed","template":"page-templates\/full-width.php","meta":{"footnotes":""},"class_list":["post-11465","page","type-page","status-publish","hentry"],"_links":{"self":[{"href":"https:\/\/woerrlein-naturfoto.de\/wordpress\/wp-json\/wp\/v2\/pages\/11465","targetHints":{"allow":["GET"]}}],"collection":[{"href":"https:\/\/woerrlein-naturfoto.de\/wordpress\/wp-json\/wp\/v2\/pages"}],"about":[{"href":"https:\/\/woerrlein-naturfoto.de\/wordpress\/wp-json\/wp\/v2\/types\/page"}],"author":[{"embeddable":true,"href":"https:\/\/woerrlein-naturfoto.de\/wordpress\/wp-json\/wp\/v2\/users\/1"}],"replies":[{"embeddable":true,"href":"https:\/\/woerrlein-naturfoto.de\/wordpress\/wp-json\/wp\/v2\/comments?post=11465"}],"version-history":[{"count":2,"href":"https:\/\/woerrlein-naturfoto.de\/wordpress\/wp-json\/wp\/v2\/pages\/11465\/revisions"}],"predecessor-version":[{"id":15570,"href":"https:\/\/woerrlein-naturfoto.de\/wordpress\/wp-json\/wp\/v2\/pages\/11465\/revisions\/15570"}],"up":[{"embeddable":true,"href":"https:\/\/woerrlein-naturfoto.de\/wordpress\/wp-json\/wp\/v2\/pages\/5118"}],"wp:attachment":[{"href":"https:\/\/woerrlein-naturfoto.de\/wordpress\/wp-json\/wp\/v2\/media?parent=11465"}],"curies":[{"name":"wp","href":"https:\/\/api.w.org\/{rel}","templated":true}]}}