{"id":11460,"date":"2019-11-24T15:17:12","date_gmt":"2019-11-24T14:17:12","guid":{"rendered":"http:\/\/woerrlein-naturfoto.de\/wordpress\/?page_id=11460"},"modified":"2022-10-19T14:12:40","modified_gmt":"2022-10-19T12:12:40","slug":"violetter-lacktrichterling","status":"publish","type":"page","link":"https:\/\/woerrlein-naturfoto.de\/wordpress\/pilze-a-z\/violetter-lacktrichterling\/","title":{"rendered":"Violetter Lacktrichterling"},"content":{"rendered":"<p><a href=\"http:\/\/woerrlein-naturfoto.de\/wordpress\/hauptseite-pflanzen\/pflanzen\/\"><span style=\"color: #ffff66;\">Pflanzen<\/span> <\/a>-&gt;<a href=\"http:\/\/woerrlein-naturfoto.de\/wordpress\/hauptseite-pflanzen\/pflanzen\/pilze-2\/\"> <span style=\"color: #ffff66;\">Pilze<\/span><\/a><br \/>\n<a href=\"http:\/\/woerrlein-naturfoto.de\/wordpress\/pflanzen-von-a-z\/\">Pflanzen von A-Z<\/a><br \/>\nzur Galerie <a href=\"https:\/\/woerrlein-naturfoto.de\/wordpress\/hauptseite-pflanzen\/pflanzen\/pilze-2\/pilze-iii-s-bis-z\/\">Pilze III<\/a><\/p>\n<p><img loading=\"lazy\" decoding=\"async\" class=\"alignleft wp-image-11384\" src=\"http:\/\/woerrlein-naturfoto.de\/wordpress\/wp-content\/uploads\/2015\/01\/VioletterLacktrichterling_191101_3729-35-600x400.jpg\" alt=\"\" width=\"600\" height=\"400\" srcset=\"https:\/\/woerrlein-naturfoto.de\/wordpress\/wp-content\/uploads\/2015\/01\/VioletterLacktrichterling_191101_3729-35-600x400.jpg 600w, https:\/\/woerrlein-naturfoto.de\/wordpress\/wp-content\/uploads\/2015\/01\/VioletterLacktrichterling_191101_3729-35-768x512.jpg 768w, https:\/\/woerrlein-naturfoto.de\/wordpress\/wp-content\/uploads\/2015\/01\/VioletterLacktrichterling_191101_3729-35-120x80.jpg 120w, https:\/\/woerrlein-naturfoto.de\/wordpress\/wp-content\/uploads\/2015\/01\/VioletterLacktrichterling_191101_3729-35.jpg 1000w\" sizes=\"auto, (max-width: 600px) 100vw, 600px\" \/>Der <b>Violette<\/b> oder <b>Amethystblaue Lacktrichterling<\/b> (<i>Laccaria amethystina<\/i>) ist eine Pilzart aus der Familie der Heidetr\u00fcffelverwandten. Der auch unter dem Namen <b>Violetter Bl\u00e4uling<\/b> oder kurz <b>Bl\u00e4uling<\/b> bekannte Pilz ist wie alle Lacktrichterlinge essbar. Exemplare mit rein violetter F\u00e4rbung sind f\u00fcr den Verzehr besser geeignet. Allerdings weist Marcel Bon in <i>Pareys Buch der Pilze<\/i> darauf hin, dass unter anderen der Violette Lacktrichterling noch immer sehr hohe <a class=\"mw-redirect\" title=\"C\u00e4sium\" href=\"https:\/\/de.wikipedia.org\/wiki\/C%C3%A4sium\" target=\"_blank\" rel=\"noopener noreferrer\">C\u00e4sium<\/a>-137-Werte nach der Reaktorkatastrophe in Tschernobyl 1986 aufweist. Au\u00dferdem reichert er bedenklich hohe Mengen des <a title=\"Karzinogen\" href=\"https:\/\/de.wikipedia.org\/wiki\/Karzinogen\" target=\"_blank\" rel=\"noopener noreferrer\">Karzinogens<\/a> <a title=\"Dimethylarsins\u00e4ure\" href=\"https:\/\/de.wikipedia.org\/wiki\/Dimethylarsins%C3%A4ure\" target=\"_blank\" rel=\"noopener noreferrer\">Dimethylarsins\u00e4ure<\/a> an, weshalb er, wenn \u00fcberhaupt, nur in geringen Mengen verzehrt werden sollte. <sup id=\"cite_ref-1\" class=\"reference\"><\/sup>Den Namen hat er seiner durchg\u00e4ngig violetten F\u00e4rbung zu verdanken, die im feuchten Zustand sehr kr\u00e4ftig violett bis lila ausf\u00e4llt und im trockenen Zustand zu hell-violett bis fast wei\u00df ausblasst.<br \/>\nDer Violette Lacktrichterling ist klein bis mittelgro\u00df. Sein wichtigstes Erkennungsmerkmal ist die im frisch-feuchten Zustand sattviolette Farbe; bei Trockenheit verblasst der Pilz jedoch und kann fast wei\u00df werden. Der Hut mit 2\u20136\u00a0cm Durchmesser ist flach bis gew\u00f6lbt und wird mit zunehmendem Alter oft wellig und erscheint genabelt. Der 4\u201310\u00a0cm lange und etwa 4\u20138\u00a0mm breite, steife Stiel ist meist leicht faserig und an der Basis mit Myzelfilz \u00fcberzogen. Er verf\u00fcgt \u00fcber relativ wenige, weitstehende Lamellen, die wie der ganze Pilz violett gef\u00e4rbt sind. Im Gegensatz zum Hut bleibt ihre Farbe beim Trocknen jedoch erhalten, sie bleichen nicht wei\u00dflich aus. Sie sind dicklich, wachsartig und recht breit angewachsen. Das Sporenpulver ist wei\u00df und inamyloid. Das Fleisch ist violettlich und w\u00e4ssrig durchzogen. Er riecht und schmeckt unauff\u00e4llig bis nicht wahrnehmbar.<\/p>\n<p><strong>Vorkommen:<\/strong>\u00a0\u00a0\u00a0\u00a0\u00a0\u00a0\u00a0 Juli &#8211; November<\/p>\n<p>zur Galerie <a href=\"https:\/\/woerrlein-naturfoto.de\/wordpress\/hauptseite-pflanzen\/pflanzen\/pilze-2\/pilze-iii-s-bis-z\/\">Pilze III<\/a><\/p>\n<p><em>Quelle des Textauszuges und weitere Infos bei <\/em><a href=\"https:\/\/de.wikipedia.org\/wiki\/Gemeiner_Rotfu%C3%9Fr%C3%B6hrling\" target=\"_blank\" rel=\"noopener noreferrer\">Wikipedia<\/a><em> (<\/em><a href=\"http:\/\/www.gnu.org\/licenses\/fdl-1.3.txt\" target=\"_blank\" rel=\"noopener noreferrer\">GNU-Lizenz<\/a><em>)\u2013 mein Dank gilt den <\/em><a href=\"https:\/\/de.wikipedia.org\/w\/index.php?title=Violetter_Lacktrichterling&amp;action=history\" target=\"_blank\" rel=\"noopener noreferrer\">Autoren<\/a><em>.<\/em><\/p>\n","protected":false},"excerpt":{"rendered":"<p>Pflanzen -&gt; Pilze Pflanzen von A-Z zur Galerie Pilze III Der Violette oder Amethystblaue Lacktrichterling (Laccaria amethystina) ist eine Pilzart aus der Familie der Heidetr\u00fcffelverwandten. Der auch unter dem Namen Violetter Bl\u00e4uling oder kurz Bl\u00e4uling bekannte Pilz ist wie alle Lacktrichterlinge essbar. Exemplare mit rein violetter F\u00e4rbung sind f\u00fcr den Verzehr besser geeignet. Allerdings weist &hellip; <a href=\"https:\/\/woerrlein-naturfoto.de\/wordpress\/pilze-a-z\/violetter-lacktrichterling\/\" class=\"more-link\"><span class=\"screen-reader-text\">Violetter Lacktrichterling<\/span> weiterlesen <span class=\"meta-nav\">&rarr;<\/span><\/a><\/p>\n","protected":false},"author":1,"featured_media":0,"parent":5118,"menu_order":0,"comment_status":"closed","ping_status":"closed","template":"page-templates\/full-width.php","meta":{"footnotes":""},"class_list":["post-11460","page","type-page","status-publish","hentry"],"_links":{"self":[{"href":"https:\/\/woerrlein-naturfoto.de\/wordpress\/wp-json\/wp\/v2\/pages\/11460","targetHints":{"allow":["GET"]}}],"collection":[{"href":"https:\/\/woerrlein-naturfoto.de\/wordpress\/wp-json\/wp\/v2\/pages"}],"about":[{"href":"https:\/\/woerrlein-naturfoto.de\/wordpress\/wp-json\/wp\/v2\/types\/page"}],"author":[{"embeddable":true,"href":"https:\/\/woerrlein-naturfoto.de\/wordpress\/wp-json\/wp\/v2\/users\/1"}],"replies":[{"embeddable":true,"href":"https:\/\/woerrlein-naturfoto.de\/wordpress\/wp-json\/wp\/v2\/comments?post=11460"}],"version-history":[{"count":4,"href":"https:\/\/woerrlein-naturfoto.de\/wordpress\/wp-json\/wp\/v2\/pages\/11460\/revisions"}],"predecessor-version":[{"id":15567,"href":"https:\/\/woerrlein-naturfoto.de\/wordpress\/wp-json\/wp\/v2\/pages\/11460\/revisions\/15567"}],"up":[{"embeddable":true,"href":"https:\/\/woerrlein-naturfoto.de\/wordpress\/wp-json\/wp\/v2\/pages\/5118"}],"wp:attachment":[{"href":"https:\/\/woerrlein-naturfoto.de\/wordpress\/wp-json\/wp\/v2\/media?parent=11460"}],"curies":[{"name":"wp","href":"https:\/\/api.w.org\/{rel}","templated":true}]}}