{"id":1146,"date":"2014-09-24T19:18:34","date_gmt":"2014-09-24T17:18:34","guid":{"rendered":"http:\/\/woerrlein-naturfoto.de\/wordpress\/?page_id=1146"},"modified":"2024-10-13T10:04:14","modified_gmt":"2024-10-13T08:04:14","slug":"bekasine","status":"publish","type":"page","link":"https:\/\/woerrlein-naturfoto.de\/wordpress\/schnepfen_a-z\/bekasine\/","title":{"rendered":"Bekassine"},"content":{"rendered":"<p><a href=\"http:\/\/woerrlein-naturfoto.de\/wordpress\/voegel\/\"><span style=\"color: #ffff66;\">V\u00f6gel<\/span> <\/a>-&gt;<a href=\"http:\/\/woerrlein-naturfoto.de\/wordpress\/hauptseite-voegel\/voegel\/watvoegel-2\"> <span style=\"color: #ffff66;\">Watv\u00f6gel<\/span><\/a><br \/>\n<a title=\"V\u00f6gel von A-Z\" href=\"http:\/\/woerrlein-naturfoto.de\/wordpress\/voegel\/voegel_von_a-z\/\">V\u00f6gel von A-Z<\/a><br \/>\nZur Galerie <a title=\"Schnepfenv\u00f6gel\" href=\"http:\/\/woerrlein-naturfoto.de\/wordpress\/hauptseite-voegel\/voegel\/watvoegel\/schnepfenvoegel\/\">Schnepfen I<\/a><\/p>\n<p><img loading=\"lazy\" decoding=\"async\" class=\"alignleft wp-image-1097\" src=\"http:\/\/woerrlein-naturfoto.de\/wordpress\/wp-content\/uploads\/Bekassine_18656L_v-600x400.jpg\" alt=\"Bekassine_18656L_v.jpg\" width=\"600\" height=\"400\" srcset=\"https:\/\/woerrlein-naturfoto.de\/wordpress\/wp-content\/uploads\/Bekassine_18656L_v-600x400.jpg 600w, https:\/\/woerrlein-naturfoto.de\/wordpress\/wp-content\/uploads\/Bekassine_18656L_v-120x80.jpg 120w, https:\/\/woerrlein-naturfoto.de\/wordpress\/wp-content\/uploads\/Bekassine_18656L_v.jpg 1000w\" sizes=\"auto, (max-width: 600px) 100vw, 600px\" \/><\/p>\n<p>Die <b>Bekassine<\/b> (<i>Gallinago gallinago<\/i>) ist eine sehr langschn\u00e4belige, mittelgro\u00dfe Art aus der Familie der Schnepfenv\u00f6gel. Sie ist \u00fcber gro\u00dfe Teile der <a href=\"de.wikipedia.org\/wiki\/Pal\u00e4arktis\" target=\"_blank\" rel=\"noopener\">Pal\u00e4arktis<\/a> verbreitet und \u00fcberwintert \u00fcberwiegend in den Subtropen und Tropen der Alten Welt. Sie besiedelt zur Brutzeit Moore, Feuchtgr\u00fcnland und Wiesen; zur Zugzeit ist sie wie die meisten Watv\u00f6gel auf schlammigen Fl\u00e4chen an Binnengew\u00e4ssern und K\u00fcsten zu finden. Charakteristisch ist der Balzflug, bei dem der Vogel sich aus gro\u00dfer H\u00f6he senkrecht herabfallen l\u00e4sst und mit abgespreizten, \u00e4u\u00dferen Steuerfedern ein \u201ewummerndes\u201c Ger\u00e4usch erzeugt. Bekassinen fressen verschiedene Insekten und deren Larven, Mollusken, Krebstiere, Pflanzenteile und S\u00e4mereien. In einigen Lebensr\u00e4umen machen Regenw\u00fcrmer den gr\u00f6\u00dften Teil ihres Nahrungsspektrums aus. W\u00e4hrend ihrer Nahrungssuche kann man sie meist dort beobachten, wo der Untergrund feucht ist oder wo flachgr\u00fcndiges Wasser vorhanden ist. Mit ihrem langen Schnabel stochern die Bekassinen tief im Untergrund oder Wasser und schreiten dabei langsam vorw\u00e4rts. Sie gehen dabei so tief ins Wasser, dass sie manchmal bis zum Bauch im Wasser stehen. In weichem Boden f\u00fchren sie mitunter ihre Schn\u00e4bel bis zu deren voller L\u00e4nge ein. Da sie eine bewegliche Schnabelspitze haben, verm\u00f6gen sie kleine Beutetiere noch unter der Erde zu fassen und zu verschlucken, ohne dass sie ihren Schnabel aus der Erde herausziehen m\u00fcssen.<\/p>\n<p>L\u00e4nge: 25-27 cm\u00a0\u00a0 Spannweite: ca. 40 cm\u00a0\u00a0 Gewicht: 120 g\u00a0\u00a0 Gelege: 4 Eier<\/p>\n<p>Zur Galerie <a title=\"Schnepfenv\u00f6gel\" href=\"http:\/\/woerrlein-naturfoto.de\/wordpress\/hauptseite-voegel\/voegel\/watvoegel\/schnepfenvoegel\/\">Schnepfen I<\/a><\/p>\n<p>&nbsp;<\/p>\n<p><em>Quelle des Textauszuges und weitere Infos bei <\/em><a href=\"http:\/\/de.wikipedia.org\/wiki\/Bekassine\" target=\"_blank\" rel=\"noopener\">Wikipedia<\/a> <em>(<\/em><a href=\"http:\/\/www.gnu.org\/licenses\/fdl-1.3.txt\" target=\"_blank\" rel=\"noopener\">GNU-Lizenz<\/a><em>)<\/em> \u2013 <em>mein Dank gilt den<\/em> <a href=\"http:\/\/de.wikipedia.org\/w\/index.php?title=Bekassine&amp;action=history\" target=\"_blank\" rel=\"noopener\">Autoren<\/a>.<\/p>\n","protected":false},"excerpt":{"rendered":"<p>V\u00f6gel -&gt; Watv\u00f6gel V\u00f6gel von A-Z Zur Galerie Schnepfen I Die Bekassine (Gallinago gallinago) ist eine sehr langschn\u00e4belige, mittelgro\u00dfe Art aus der Familie der Schnepfenv\u00f6gel. Sie ist \u00fcber gro\u00dfe Teile der Pal\u00e4arktis verbreitet und \u00fcberwintert \u00fcberwiegend in den Subtropen und Tropen der Alten Welt. Sie besiedelt zur Brutzeit Moore, Feuchtgr\u00fcnland und Wiesen; zur Zugzeit ist &hellip; <a href=\"https:\/\/woerrlein-naturfoto.de\/wordpress\/schnepfen_a-z\/bekasine\/\" class=\"more-link\"><span class=\"screen-reader-text\">Bekassine<\/span> weiterlesen <span class=\"meta-nav\">&rarr;<\/span><\/a><\/p>\n","protected":false},"author":1,"featured_media":0,"parent":1143,"menu_order":0,"comment_status":"closed","ping_status":"closed","template":"page-templates\/full-width.php","meta":{"footnotes":""},"class_list":["post-1146","page","type-page","status-publish","hentry"],"_links":{"self":[{"href":"https:\/\/woerrlein-naturfoto.de\/wordpress\/wp-json\/wp\/v2\/pages\/1146","targetHints":{"allow":["GET"]}}],"collection":[{"href":"https:\/\/woerrlein-naturfoto.de\/wordpress\/wp-json\/wp\/v2\/pages"}],"about":[{"href":"https:\/\/woerrlein-naturfoto.de\/wordpress\/wp-json\/wp\/v2\/types\/page"}],"author":[{"embeddable":true,"href":"https:\/\/woerrlein-naturfoto.de\/wordpress\/wp-json\/wp\/v2\/users\/1"}],"replies":[{"embeddable":true,"href":"https:\/\/woerrlein-naturfoto.de\/wordpress\/wp-json\/wp\/v2\/comments?post=1146"}],"version-history":[{"count":25,"href":"https:\/\/woerrlein-naturfoto.de\/wordpress\/wp-json\/wp\/v2\/pages\/1146\/revisions"}],"predecessor-version":[{"id":18942,"href":"https:\/\/woerrlein-naturfoto.de\/wordpress\/wp-json\/wp\/v2\/pages\/1146\/revisions\/18942"}],"up":[{"embeddable":true,"href":"https:\/\/woerrlein-naturfoto.de\/wordpress\/wp-json\/wp\/v2\/pages\/1143"}],"wp:attachment":[{"href":"https:\/\/woerrlein-naturfoto.de\/wordpress\/wp-json\/wp\/v2\/media?parent=1146"}],"curies":[{"name":"wp","href":"https:\/\/api.w.org\/{rel}","templated":true}]}}