{"id":11450,"date":"2019-11-24T14:48:20","date_gmt":"2019-11-24T13:48:20","guid":{"rendered":"http:\/\/woerrlein-naturfoto.de\/wordpress\/?page_id=11450"},"modified":"2022-10-19T13:54:16","modified_gmt":"2022-10-19T11:54:16","slug":"rotfussroehrling","status":"publish","type":"page","link":"https:\/\/woerrlein-naturfoto.de\/wordpress\/pilze-a-z\/rotfussroehrling\/","title":{"rendered":"Rotfu\u00dfr\u00f6hrling"},"content":{"rendered":"<p><a href=\"http:\/\/woerrlein-naturfoto.de\/wordpress\/hauptseite-pflanzen\/pflanzen\/\"><span style=\"color: #ffff66;\">Pflanzen<\/span> <\/a>-&gt;<a href=\"http:\/\/woerrlein-naturfoto.de\/wordpress\/hauptseite-pflanzen\/pflanzen\/pilze-2\/\"> <span style=\"color: #ffff66;\">Pilze<\/span><\/a><br \/>\n<a href=\"http:\/\/woerrlein-naturfoto.de\/wordpress\/pflanzen-von-a-z\/\">Pflanzen von A-Z<\/a><br \/>\nzur Galerie <a href=\"https:\/\/woerrlein-naturfoto.de\/wordpress\/hauptseite-pflanzen\/pflanzen\/pilze-2\/pilze-ii-h-bis-r\/\">Pilze II<\/a><\/p>\n<p><img loading=\"lazy\" decoding=\"async\" class=\"alignleft wp-image-11381\" src=\"http:\/\/woerrlein-naturfoto.de\/wordpress\/wp-content\/uploads\/2015\/01\/Rotfuss-Roehrling_191102_3785-600x400.jpg\" alt=\"\" width=\"600\" height=\"400\" srcset=\"https:\/\/woerrlein-naturfoto.de\/wordpress\/wp-content\/uploads\/2015\/01\/Rotfuss-Roehrling_191102_3785-600x400.jpg 600w, https:\/\/woerrlein-naturfoto.de\/wordpress\/wp-content\/uploads\/2015\/01\/Rotfuss-Roehrling_191102_3785-768x512.jpg 768w, https:\/\/woerrlein-naturfoto.de\/wordpress\/wp-content\/uploads\/2015\/01\/Rotfuss-Roehrling_191102_3785-120x80.jpg 120w, https:\/\/woerrlein-naturfoto.de\/wordpress\/wp-content\/uploads\/2015\/01\/Rotfuss-Roehrling_191102_3785.jpg 1000w\" sizes=\"auto, (max-width: 600px) 100vw, 600px\" \/>Der <b>Gemeine<\/b> oder <b>Echte Rotfu\u00dfr\u00f6hrling<\/b> (<i>Xerocomellus chrysenteron<\/i>, Syn.: <i>Boletus chrysenteron<\/i> und <i>Xerocomus chrysenteron<\/i>), bisweilen auch <b>Rotf\u00fc\u00dfchen<\/b> genannt, ist eine Pilzart aus der Familie der Dickr\u00f6hrlingsverwandten. Bis vor wenigen Jahren wurde er in der Gattung Filzr\u00f6hrlinge (<i>Xerocomus<\/i>) gef\u00fchrt, die aber aufgrund molekularbiologischer Erkenntnisse auf den Verwandtschaftskreis der Ziegenlippe reduziert wurde.<br \/>\nEr kann in zahlreichen Variationen auftreten. Der Hut ist matt und filzig, seine Oberfl\u00e4che oft felderig-rissig. Er erreicht einen Durchmesser von 3\u20137\u00a0cm. Die Farbe reicht von gelbbr\u00e4unlich bis olivbr\u00e4unlich, kann aber auch graue, gelb-blaue oder r\u00f6tliche T\u00f6ne annehmen. An den Riss- und Fra\u00dfstellen verf\u00e4rbt sich die Oberfl\u00e4che meist r\u00f6tlich. Die R\u00f6hren sind gelblich und im Alter olivgelblich. Sie sind ausgebuchtet bis leicht am Stiel herablaufend und verf\u00e4rben sich bei Druck schmutziggr\u00fcn bis blau. Der Stiel ist schlank und auf gelblichem Grund vor allem im unteren Abschnitt mit r\u00f6tlichen Fl\u00f6ckchen besetzt. Manchmal besitzt er keine roten Teile. Das Fleisch ist gelblich und im Schnitt leicht blauend.<\/p>\n<p><strong>Vorkommen:<\/strong>\u00a0\u00a0\u00a0\u00a0\u00a0\u00a0\u00a0 Juli &#8211; November<\/p>\n<p>zur Galerie <a href=\"https:\/\/woerrlein-naturfoto.de\/wordpress\/hauptseite-pflanzen\/pflanzen\/pilze-2\/pilze-ii-h-bis-r\/\">Pilze II<\/a><\/p>\n<p><em>Quelle des Textauszuges und weitere Infos bei <\/em><a href=\"https:\/\/de.wikipedia.org\/wiki\/Gemeiner_Rotfu%C3%9Fr%C3%B6hrling\" target=\"_blank\" rel=\"noopener noreferrer\">Wikipedia<\/a><em> (<\/em><a href=\"http:\/\/www.gnu.org\/licenses\/fdl-1.3.txt\" target=\"_blank\" rel=\"noopener noreferrer\">GNU-Lizenz<\/a><em>)\u2013 mein Dank gilt den <\/em><a href=\"https:\/\/de.wikipedia.org\/w\/index.php?title=Gemeiner_Rotfu%C3%9Fr%C3%B6hrling&amp;action=history\" target=\"_blank\" rel=\"noopener noreferrer\">Autoren<\/a><em>.<\/em><\/p>\n","protected":false},"excerpt":{"rendered":"<p>Pflanzen -&gt; Pilze Pflanzen von A-Z zur Galerie Pilze II Der Gemeine oder Echte Rotfu\u00dfr\u00f6hrling (Xerocomellus chrysenteron, Syn.: Boletus chrysenteron und Xerocomus chrysenteron), bisweilen auch Rotf\u00fc\u00dfchen genannt, ist eine Pilzart aus der Familie der Dickr\u00f6hrlingsverwandten. Bis vor wenigen Jahren wurde er in der Gattung Filzr\u00f6hrlinge (Xerocomus) gef\u00fchrt, die aber aufgrund molekularbiologischer Erkenntnisse auf den Verwandtschaftskreis &hellip; <a href=\"https:\/\/woerrlein-naturfoto.de\/wordpress\/pilze-a-z\/rotfussroehrling\/\" class=\"more-link\"><span class=\"screen-reader-text\">Rotfu\u00dfr\u00f6hrling<\/span> weiterlesen <span class=\"meta-nav\">&rarr;<\/span><\/a><\/p>\n","protected":false},"author":1,"featured_media":0,"parent":5118,"menu_order":0,"comment_status":"closed","ping_status":"closed","template":"page-templates\/full-width.php","meta":{"footnotes":""},"class_list":["post-11450","page","type-page","status-publish","hentry"],"_links":{"self":[{"href":"https:\/\/woerrlein-naturfoto.de\/wordpress\/wp-json\/wp\/v2\/pages\/11450","targetHints":{"allow":["GET"]}}],"collection":[{"href":"https:\/\/woerrlein-naturfoto.de\/wordpress\/wp-json\/wp\/v2\/pages"}],"about":[{"href":"https:\/\/woerrlein-naturfoto.de\/wordpress\/wp-json\/wp\/v2\/types\/page"}],"author":[{"embeddable":true,"href":"https:\/\/woerrlein-naturfoto.de\/wordpress\/wp-json\/wp\/v2\/users\/1"}],"replies":[{"embeddable":true,"href":"https:\/\/woerrlein-naturfoto.de\/wordpress\/wp-json\/wp\/v2\/comments?post=11450"}],"version-history":[{"count":4,"href":"https:\/\/woerrlein-naturfoto.de\/wordpress\/wp-json\/wp\/v2\/pages\/11450\/revisions"}],"predecessor-version":[{"id":15548,"href":"https:\/\/woerrlein-naturfoto.de\/wordpress\/wp-json\/wp\/v2\/pages\/11450\/revisions\/15548"}],"up":[{"embeddable":true,"href":"https:\/\/woerrlein-naturfoto.de\/wordpress\/wp-json\/wp\/v2\/pages\/5118"}],"wp:attachment":[{"href":"https:\/\/woerrlein-naturfoto.de\/wordpress\/wp-json\/wp\/v2\/media?parent=11450"}],"curies":[{"name":"wp","href":"https:\/\/api.w.org\/{rel}","templated":true}]}}