{"id":11447,"date":"2019-11-24T14:36:41","date_gmt":"2019-11-24T13:36:41","guid":{"rendered":"http:\/\/woerrlein-naturfoto.de\/wordpress\/?page_id=11447"},"modified":"2022-10-19T13:55:39","modified_gmt":"2022-10-19T11:55:39","slug":"roetlicher-lacktrichterling","status":"publish","type":"page","link":"https:\/\/woerrlein-naturfoto.de\/wordpress\/pilze-a-z\/roetlicher-lacktrichterling\/","title":{"rendered":"R\u00f6tlicher Lacktrichterling"},"content":{"rendered":"<p><a href=\"http:\/\/woerrlein-naturfoto.de\/wordpress\/hauptseite-pflanzen\/pflanzen\/\"><span style=\"color: #ffff66;\">Pflanzen<\/span> <\/a>-&gt;<a href=\"http:\/\/woerrlein-naturfoto.de\/wordpress\/hauptseite-pflanzen\/pflanzen\/pilze-2\/\"> <span style=\"color: #ffff66;\">Pilze<\/span><\/a><br \/>\n<a href=\"http:\/\/woerrlein-naturfoto.de\/wordpress\/pflanzen-von-a-z\/\">Pflanzen von A-Z<\/a><br \/>\nzur Galerie <a href=\"https:\/\/woerrlein-naturfoto.de\/wordpress\/hauptseite-pflanzen\/pflanzen\/pilze-2\/pilze-ii-h-bis-r\/\">Pilze II<\/a><\/p>\n<p><img loading=\"lazy\" decoding=\"async\" class=\"alignleft wp-image-11379\" src=\"http:\/\/woerrlein-naturfoto.de\/wordpress\/wp-content\/uploads\/2015\/01\/RoetlicherLacktrichterling_191026_3638-600x400.jpg\" alt=\"\" width=\"600\" height=\"400\" \/>Der <b>R\u00f6tliche Lacktrichterling<\/b> oder <b>Rote Lackpilz<\/b> (<i>Laccaria laccata<\/i>) ist eine Pilzart aus der Familie der Heidetr\u00fcffelverwandten.Er bildet relativ kleine Fruchtk\u00f6rper aus, die beim Abtrocknen stark verblassen k\u00f6nnen. Der Hut hat 1\u20136\u00a0cm Durchmesser, jung gew\u00f6lbt und sp\u00e4ter abgeflacht bis eingedr\u00fcckt in der Mitte. Er erscheint feucht oder jung teils in diversen Schattierungen von lachspink, (ziegel-)rot oder orangefarbene oder (pinklich-)braune T\u00f6ne; trocken (und\/oder \u00e4lter) erscheint er eint\u00f6niger und blasser und kann recht ausgewaschen, farblos und trist aussehen. Die Oberfl\u00e4che ist glatt bis feinschuppig, Der Rand ist anfangs eingerollt und wellt sich sp\u00e4ter. Die unregelm\u00e4\u00dfig und weit stehenden Lamellen sind herablaufend oder angeheftet und haben eine \u00e4hnliche Farbe wie der Hut, wobei sie mit zunehmender Reife der Sporen wei\u00dfer werden. Das Sporenpulver erscheint wei\u00df. Der zylindrische, z\u00e4h-faserige Stiel ist 5\u201310\u00a0cm lang, 6\u201310\u00a0mm dick und \u00e4hnlich wie der Hut gef\u00e4rbt. Das d\u00fcnne Fleisch hat wenig Geschmack und einen schwachen w\u00fcrzigen Geruch.<\/p>\n<p><strong>Vorkommen:<\/strong>\u00a0\u00a0\u00a0\u00a0\u00a0\u00a0\u00a0 Juni &#8211; November<\/p>\n<p>zur Galerie <a href=\"https:\/\/woerrlein-naturfoto.de\/wordpress\/hauptseite-pflanzen\/pflanzen\/pilze-2\/pilze-ii-h-bis-r\/\">Pilze II<\/a><\/p>\n<p><em>Quelle des Textauszuges und weitere Infos bei <\/em><a href=\"https:\/\/de.wikipedia.org\/wiki\/R%C3%B6tlicher_Lacktrichterling\" target=\"_blank\" rel=\"noopener noreferrer\">Wikipedia<\/a><em> (<\/em><a href=\"http:\/\/www.gnu.org\/licenses\/fdl-1.3.txt\" target=\"_blank\" rel=\"noopener noreferrer\">GNU-Lizenz<\/a><em>)\u2013 mein Dank gilt den <\/em><a href=\"https:\/\/de.wikipedia.org\/w\/index.php?title=R%C3%B6tlicher_Lacktrichterling&amp;action=history\" target=\"_blank\" rel=\"noopener noreferrer\">Autoren<\/a><em>.<\/em><\/p>\n","protected":false},"excerpt":{"rendered":"<p>Pflanzen -&gt; Pilze Pflanzen von A-Z zur Galerie Pilze II Der R\u00f6tliche Lacktrichterling oder Rote Lackpilz (Laccaria laccata) ist eine Pilzart aus der Familie der Heidetr\u00fcffelverwandten.Er bildet relativ kleine Fruchtk\u00f6rper aus, die beim Abtrocknen stark verblassen k\u00f6nnen. Der Hut hat 1\u20136\u00a0cm Durchmesser, jung gew\u00f6lbt und sp\u00e4ter abgeflacht bis eingedr\u00fcckt in der Mitte. Er erscheint feucht &hellip; <a href=\"https:\/\/woerrlein-naturfoto.de\/wordpress\/pilze-a-z\/roetlicher-lacktrichterling\/\" class=\"more-link\"><span class=\"screen-reader-text\">R\u00f6tlicher Lacktrichterling<\/span> weiterlesen <span class=\"meta-nav\">&rarr;<\/span><\/a><\/p>\n","protected":false},"author":1,"featured_media":0,"parent":5118,"menu_order":0,"comment_status":"closed","ping_status":"closed","template":"page-templates\/full-width.php","meta":{"footnotes":""},"class_list":["post-11447","page","type-page","status-publish","hentry"],"_links":{"self":[{"href":"https:\/\/woerrlein-naturfoto.de\/wordpress\/wp-json\/wp\/v2\/pages\/11447","targetHints":{"allow":["GET"]}}],"collection":[{"href":"https:\/\/woerrlein-naturfoto.de\/wordpress\/wp-json\/wp\/v2\/pages"}],"about":[{"href":"https:\/\/woerrlein-naturfoto.de\/wordpress\/wp-json\/wp\/v2\/types\/page"}],"author":[{"embeddable":true,"href":"https:\/\/woerrlein-naturfoto.de\/wordpress\/wp-json\/wp\/v2\/users\/1"}],"replies":[{"embeddable":true,"href":"https:\/\/woerrlein-naturfoto.de\/wordpress\/wp-json\/wp\/v2\/comments?post=11447"}],"version-history":[{"count":2,"href":"https:\/\/woerrlein-naturfoto.de\/wordpress\/wp-json\/wp\/v2\/pages\/11447\/revisions"}],"predecessor-version":[{"id":15550,"href":"https:\/\/woerrlein-naturfoto.de\/wordpress\/wp-json\/wp\/v2\/pages\/11447\/revisions\/15550"}],"up":[{"embeddable":true,"href":"https:\/\/woerrlein-naturfoto.de\/wordpress\/wp-json\/wp\/v2\/pages\/5118"}],"wp:attachment":[{"href":"https:\/\/woerrlein-naturfoto.de\/wordpress\/wp-json\/wp\/v2\/media?parent=11447"}],"curies":[{"name":"wp","href":"https:\/\/api.w.org\/{rel}","templated":true}]}}