{"id":11438,"date":"2019-11-24T11:35:05","date_gmt":"2019-11-24T10:35:05","guid":{"rendered":"http:\/\/woerrlein-naturfoto.de\/wordpress\/?page_id=11438"},"modified":"2022-10-19T13:51:09","modified_gmt":"2022-10-19T11:51:09","slug":"parasol","status":"publish","type":"page","link":"https:\/\/woerrlein-naturfoto.de\/wordpress\/pilze-a-z\/parasol\/","title":{"rendered":"Parasol"},"content":{"rendered":"<p><a href=\"http:\/\/woerrlein-naturfoto.de\/wordpress\/hauptseite-pflanzen\/pflanzen\/\"><span style=\"color: #ffff66;\">Pflanzen<\/span> <\/a>-&gt;<a href=\"http:\/\/woerrlein-naturfoto.de\/wordpress\/hauptseite-pflanzen\/pflanzen\/pilze-2\/\"> <span style=\"color: #ffff66;\">Pilze<\/span><\/a><br \/>\n<a href=\"http:\/\/woerrlein-naturfoto.de\/wordpress\/pflanzen-von-a-z\/\">Pflanzen von A-Z<\/a><br \/>\nzur Galerie <a href=\"https:\/\/woerrlein-naturfoto.de\/wordpress\/hauptseite-pflanzen\/pflanzen\/pilze-2\/pilze-ii-h-bis-r\/\">Pilze II<\/a><\/p>\n<p><img loading=\"lazy\" decoding=\"async\" class=\"alignleft wp-image-11376\" src=\"http:\/\/woerrlein-naturfoto.de\/wordpress\/wp-content\/uploads\/2015\/01\/Parasol_191020_3610-400x600.jpg\" alt=\"\" width=\"267\" height=\"400\" srcset=\"https:\/\/woerrlein-naturfoto.de\/wordpress\/wp-content\/uploads\/2015\/01\/Parasol_191020_3610-400x600.jpg 400w, https:\/\/woerrlein-naturfoto.de\/wordpress\/wp-content\/uploads\/2015\/01\/Parasol_191020_3610.jpg 567w\" sizes=\"auto, (max-width: 267px) 100vw, 267px\" \/>Der <b>Parasol,<\/b> <b>Gemeiner Riesenschirmling<\/b>, oder <b>Riesenschirmpilz<\/b> (<i>Macrolepiota procera<\/i>) ist eine Pilzart aus der Familie der Champignonverwandten.<br \/>\nJunge Fruchtk\u00f6rper mit geschlossenem, kugeligem Hut haben eine paukenschlegelartige Form. Nach dem Aufschirmen erreicht der Hut eine Breite von 12\u201330(44)\u00a0cm. In der Mitte verbleibt ein stumpfer, abgesetzter Buckel. W\u00e4hrend des Aufschirmens rei\u00dft die Huthaut auf, so dass mittelgro\u00dfe, locker verteilte und konzentrisch angeordnete \u201eSchuppen-Schollen\u201c entstehen. Sie heben sich durch die dunkle F\u00e4rbung deutlich vom \u00fcberwiegend wei\u00dflichen Untergrund ab und reichen nicht bis zum Rand. In der Mitte rei\u00dft die Hutoberfl\u00e4che kaum auf, wodurch sie dort glatt und dunkelbraun bleibt.<br \/>\nDie Lamellen sind zun\u00e4chst wei\u00df, sp\u00e4ter cremefarben. Sie sind nicht mit dem Stiel verbunden und lassen sich leicht vom Hut l\u00f6sen. Das Sporenpulver ist wei\u00df bis blass.<br \/>\nDer hohle Stiel wird 15\u201340\u00a0cm lang und 1\u20132,5\u00a0cm dick. An der Basis ist er knollig verdickt und dort bis zu 4\u20135\u00a0cm breit. Die Stielrinde zeigt nach der Streckung auf der gesamten L\u00e4nge eine braune Natterung auf hellem Grund. Der Ring (Annulus) ist dick, wattig und verschiebbar. Er ist doppelt aufgebaut und besitzt eine Laufrille. Der untere Teil ist braun geschuppt. Das wei\u00dfe Fleisch bleibt bei Verletzung unverf\u00e4rbt. Es riecht schwach pilzartig oder spermatisch und schmeckt etwas nussartig.<\/p>\n<p><strong>Vorkommen:<\/strong>\u00a0\u00a0\u00a0\u00a0\u00a0\u00a0\u00a0 Juli &#8211; November<\/p>\n<p>zur Galerie <a href=\"https:\/\/woerrlein-naturfoto.de\/wordpress\/hauptseite-pflanzen\/pflanzen\/pilze-2\/pilze-ii-h-bis-r\/\">Pilze II<\/a><\/p>\n<p><em>Quelle des Textauszuges und weitere Infos bei <\/em><a href=\"https:\/\/de.wikipedia.org\/wiki\/Gemeiner_Riesenschirmling\" target=\"_blank\" rel=\"noopener noreferrer\">Wikipedia<\/a><em> (<\/em><a href=\"http:\/\/www.gnu.org\/licenses\/fdl-1.3.txt\" target=\"_blank\" rel=\"noopener noreferrer\">GNU-Lizenz<\/a><em>)\u2013 mein Dank gilt den <\/em><a href=\"https:\/\/de.wikipedia.org\/w\/index.php?title=Gemeiner_Riesenschirmling&amp;action=history\" target=\"_blank\" rel=\"noopener noreferrer\">Autoren<em>.<\/em><\/a><\/p>\n","protected":false},"excerpt":{"rendered":"<p>Pflanzen -&gt; Pilze Pflanzen von A-Z zur Galerie Pilze II Der Parasol, Gemeiner Riesenschirmling, oder Riesenschirmpilz (Macrolepiota procera) ist eine Pilzart aus der Familie der Champignonverwandten. Junge Fruchtk\u00f6rper mit geschlossenem, kugeligem Hut haben eine paukenschlegelartige Form. Nach dem Aufschirmen erreicht der Hut eine Breite von 12\u201330(44)\u00a0cm. In der Mitte verbleibt ein stumpfer, abgesetzter Buckel. W\u00e4hrend &hellip; <a href=\"https:\/\/woerrlein-naturfoto.de\/wordpress\/pilze-a-z\/parasol\/\" class=\"more-link\"><span class=\"screen-reader-text\">Parasol<\/span> weiterlesen <span class=\"meta-nav\">&rarr;<\/span><\/a><\/p>\n","protected":false},"author":1,"featured_media":0,"parent":5118,"menu_order":0,"comment_status":"closed","ping_status":"closed","template":"page-templates\/full-width.php","meta":{"footnotes":""},"class_list":["post-11438","page","type-page","status-publish","hentry"],"_links":{"self":[{"href":"https:\/\/woerrlein-naturfoto.de\/wordpress\/wp-json\/wp\/v2\/pages\/11438","targetHints":{"allow":["GET"]}}],"collection":[{"href":"https:\/\/woerrlein-naturfoto.de\/wordpress\/wp-json\/wp\/v2\/pages"}],"about":[{"href":"https:\/\/woerrlein-naturfoto.de\/wordpress\/wp-json\/wp\/v2\/types\/page"}],"author":[{"embeddable":true,"href":"https:\/\/woerrlein-naturfoto.de\/wordpress\/wp-json\/wp\/v2\/users\/1"}],"replies":[{"embeddable":true,"href":"https:\/\/woerrlein-naturfoto.de\/wordpress\/wp-json\/wp\/v2\/comments?post=11438"}],"version-history":[{"count":7,"href":"https:\/\/woerrlein-naturfoto.de\/wordpress\/wp-json\/wp\/v2\/pages\/11438\/revisions"}],"predecessor-version":[{"id":15543,"href":"https:\/\/woerrlein-naturfoto.de\/wordpress\/wp-json\/wp\/v2\/pages\/11438\/revisions\/15543"}],"up":[{"embeddable":true,"href":"https:\/\/woerrlein-naturfoto.de\/wordpress\/wp-json\/wp\/v2\/pages\/5118"}],"wp:attachment":[{"href":"https:\/\/woerrlein-naturfoto.de\/wordpress\/wp-json\/wp\/v2\/media?parent=11438"}],"curies":[{"name":"wp","href":"https:\/\/api.w.org\/{rel}","templated":true}]}}