{"id":11433,"date":"2019-11-24T11:21:20","date_gmt":"2019-11-24T10:21:20","guid":{"rendered":"http:\/\/woerrlein-naturfoto.de\/wordpress\/?page_id=11433"},"modified":"2022-10-19T13:50:20","modified_gmt":"2022-10-19T11:50:20","slug":"orangehuetiger-haeubling","status":"publish","type":"page","link":"https:\/\/woerrlein-naturfoto.de\/wordpress\/pilze-a-z\/orangehuetiger-haeubling\/","title":{"rendered":"Orangeh\u00fctiger H\u00e4ubling"},"content":{"rendered":"<p><a href=\"http:\/\/woerrlein-naturfoto.de\/wordpress\/hauptseite-pflanzen\/pflanzen\/\"><span style=\"color: #ffff66;\">Pflanzen<\/span> <\/a>-&gt;<a href=\"http:\/\/woerrlein-naturfoto.de\/wordpress\/hauptseite-pflanzen\/pflanzen\/pilze-2\/\"> <span style=\"color: #ffff66;\">Pilze<\/span><\/a><br \/>\n<a href=\"http:\/\/woerrlein-naturfoto.de\/wordpress\/pflanzen-von-a-z\/\">Pflanzen von A-Z<\/a><br \/>\nzur Galerie <a href=\"https:\/\/woerrlein-naturfoto.de\/wordpress\/hauptseite-pflanzen\/pflanzen\/pilze-2\/pilze-ii-h-bis-r\/\">Pilze II<\/a><\/p>\n<p><img loading=\"lazy\" decoding=\"async\" class=\"alignleft wp-image-11375\" src=\"http:\/\/woerrlein-naturfoto.de\/wordpress\/wp-content\/uploads\/2015\/01\/OrangehuetigerHaeubling_D190930_2816-600x400.jpg\" alt=\"\" width=\"600\" height=\"400\" srcset=\"https:\/\/woerrlein-naturfoto.de\/wordpress\/wp-content\/uploads\/2015\/01\/OrangehuetigerHaeubling_D190930_2816-600x400.jpg 600w, https:\/\/woerrlein-naturfoto.de\/wordpress\/wp-content\/uploads\/2015\/01\/OrangehuetigerHaeubling_D190930_2816-768x512.jpg 768w, https:\/\/woerrlein-naturfoto.de\/wordpress\/wp-content\/uploads\/2015\/01\/OrangehuetigerHaeubling_D190930_2816-120x80.jpg 120w, https:\/\/woerrlein-naturfoto.de\/wordpress\/wp-content\/uploads\/2015\/01\/OrangehuetigerHaeubling_D190930_2816.jpg 1000w\" sizes=\"auto, (max-width: 600px) 100vw, 600px\" \/>Der <strong>Orangeh\u00fctige H\u00e4ubling <\/strong>oder<strong> Oranger H\u00e4ubling <\/strong><em>(Galerina dimorphocystis) <\/em>kommt im Moor, bei Moos und Torfmoos, auch in h\u00f6heren Lagen vor. Der gelblich orange Hut hat einen Durchmesser von 0,5 bis 1,5 cm und ist halbkugelig bis schirmf\u00f6rmig mit einer trockenen und riefigen Oberfl\u00e4che.<br \/>\nDer Stiel ist 1,0 bis 3, 0 cm lang.<\/p>\n<p><strong>Vorkommen:<\/strong>\u00a0\u00a0\u00a0\u00a0\u00a0\u00a0\u00a0 Fr\u00fchjahr &#8211; Sp\u00e4therbst<\/p>\n<p>zur Galerie <a href=\"https:\/\/woerrlein-naturfoto.de\/wordpress\/hauptseite-pflanzen\/pflanzen\/pilze-2\/pilze-ii-h-bis-r\/\">Pilze II<\/a><\/p>\n","protected":false},"excerpt":{"rendered":"<p>Pflanzen -&gt; Pilze Pflanzen von A-Z zur Galerie Pilze II Der Orangeh\u00fctige H\u00e4ubling oder Oranger H\u00e4ubling (Galerina dimorphocystis) kommt im Moor, bei Moos und Torfmoos, auch in h\u00f6heren Lagen vor. Der gelblich orange Hut hat einen Durchmesser von 0,5 bis 1,5 cm und ist halbkugelig bis schirmf\u00f6rmig mit einer trockenen und riefigen Oberfl\u00e4che. Der Stiel &hellip; <a href=\"https:\/\/woerrlein-naturfoto.de\/wordpress\/pilze-a-z\/orangehuetiger-haeubling\/\" class=\"more-link\"><span class=\"screen-reader-text\">Orangeh\u00fctiger H\u00e4ubling<\/span> weiterlesen <span class=\"meta-nav\">&rarr;<\/span><\/a><\/p>\n","protected":false},"author":1,"featured_media":0,"parent":5118,"menu_order":0,"comment_status":"closed","ping_status":"closed","template":"page-templates\/full-width.php","meta":{"footnotes":""},"class_list":["post-11433","page","type-page","status-publish","hentry"],"_links":{"self":[{"href":"https:\/\/woerrlein-naturfoto.de\/wordpress\/wp-json\/wp\/v2\/pages\/11433","targetHints":{"allow":["GET"]}}],"collection":[{"href":"https:\/\/woerrlein-naturfoto.de\/wordpress\/wp-json\/wp\/v2\/pages"}],"about":[{"href":"https:\/\/woerrlein-naturfoto.de\/wordpress\/wp-json\/wp\/v2\/types\/page"}],"author":[{"embeddable":true,"href":"https:\/\/woerrlein-naturfoto.de\/wordpress\/wp-json\/wp\/v2\/users\/1"}],"replies":[{"embeddable":true,"href":"https:\/\/woerrlein-naturfoto.de\/wordpress\/wp-json\/wp\/v2\/comments?post=11433"}],"version-history":[{"count":4,"href":"https:\/\/woerrlein-naturfoto.de\/wordpress\/wp-json\/wp\/v2\/pages\/11433\/revisions"}],"predecessor-version":[{"id":15542,"href":"https:\/\/woerrlein-naturfoto.de\/wordpress\/wp-json\/wp\/v2\/pages\/11433\/revisions\/15542"}],"up":[{"embeddable":true,"href":"https:\/\/woerrlein-naturfoto.de\/wordpress\/wp-json\/wp\/v2\/pages\/5118"}],"wp:attachment":[{"href":"https:\/\/woerrlein-naturfoto.de\/wordpress\/wp-json\/wp\/v2\/media?parent=11433"}],"curies":[{"name":"wp","href":"https:\/\/api.w.org\/{rel}","templated":true}]}}