{"id":11426,"date":"2019-11-24T10:24:34","date_gmt":"2019-11-24T09:24:34","guid":{"rendered":"http:\/\/woerrlein-naturfoto.de\/wordpress\/?page_id=11426"},"modified":"2022-10-19T13:42:06","modified_gmt":"2022-10-19T11:42:06","slug":"helmlingsschimmel","status":"publish","type":"page","link":"https:\/\/woerrlein-naturfoto.de\/wordpress\/pilze-a-z\/helmlingsschimmel\/","title":{"rendered":"Helmlingsschimmel"},"content":{"rendered":"<p><a href=\"http:\/\/woerrlein-naturfoto.de\/wordpress\/hauptseite-pflanzen\/pflanzen\/\"><span style=\"color: #ffff66;\">Pflanzen<\/span> <\/a>-&gt;<a href=\"http:\/\/woerrlein-naturfoto.de\/wordpress\/hauptseite-pflanzen\/pflanzen\/pilze-2\/\"> <span style=\"color: #ffff66;\">Pilze<\/span><\/a><br \/>\n<a href=\"http:\/\/woerrlein-naturfoto.de\/wordpress\/pflanzen-von-a-z\/\">Pflanzen von A-Z<\/a><br \/>\nzur Galerie <a href=\"https:\/\/woerrlein-naturfoto.de\/wordpress\/hauptseite-pflanzen\/pflanzen\/pilze-2\/pilze-ii-h-bis-r\/\">Pilze II<\/a><\/p>\n<p><img loading=\"lazy\" decoding=\"async\" class=\"alignleft wp-image-11386\" src=\"http:\/\/woerrlein-naturfoto.de\/wordpress\/wp-content\/uploads\/2015\/01\/WeissmilchemderHelmling_191020_3623-600x400.jpg\" alt=\"\" width=\"600\" height=\"400\" srcset=\"https:\/\/woerrlein-naturfoto.de\/wordpress\/wp-content\/uploads\/2015\/01\/WeissmilchemderHelmling_191020_3623-600x400.jpg 600w, https:\/\/woerrlein-naturfoto.de\/wordpress\/wp-content\/uploads\/2015\/01\/WeissmilchemderHelmling_191020_3623-768x512.jpg 768w, https:\/\/woerrlein-naturfoto.de\/wordpress\/wp-content\/uploads\/2015\/01\/WeissmilchemderHelmling_191020_3623-120x80.jpg 120w, https:\/\/woerrlein-naturfoto.de\/wordpress\/wp-content\/uploads\/2015\/01\/WeissmilchemderHelmling_191020_3623.jpg 1000w\" sizes=\"auto, (max-width: 600px) 100vw, 600px\" \/><\/p>\n<p>Der Helmlingsschimmel <em>(Spinellus fusiger)<\/em> ist ein weit verbreiteter Jochpilz der Ordnung Mucorales.<br \/>\nDie Fruchtk\u00f6rper sind strahlenf\u00f6rmig, transparent, haarig und mit schwarzem Kopf. Er w\u00e4chst parasitisch, besonders auf Helmlingen. Dabei w\u00e4chst er durch ihren Hut, und die Sporen verteilen sich\u00a0 durch Wind und Wetter.<\/p>\n<p>zur Galerie <a href=\"https:\/\/woerrlein-naturfoto.de\/wordpress\/hauptseite-pflanzen\/pflanzen\/pilze-2\/pilze-ii-h-bis-r\/\">Pilze II<\/a><\/p>\n","protected":false},"excerpt":{"rendered":"<p>Pflanzen -&gt; Pilze Pflanzen von A-Z zur Galerie Pilze II Der Helmlingsschimmel (Spinellus fusiger) ist ein weit verbreiteter Jochpilz der Ordnung Mucorales. Die Fruchtk\u00f6rper sind strahlenf\u00f6rmig, transparent, haarig und mit schwarzem Kopf. Er w\u00e4chst parasitisch, besonders auf Helmlingen. Dabei w\u00e4chst er durch ihren Hut, und die Sporen verteilen sich\u00a0 durch Wind und Wetter. zur Galerie &hellip; <a href=\"https:\/\/woerrlein-naturfoto.de\/wordpress\/pilze-a-z\/helmlingsschimmel\/\" class=\"more-link\"><span class=\"screen-reader-text\">Helmlingsschimmel<\/span> weiterlesen <span class=\"meta-nav\">&rarr;<\/span><\/a><\/p>\n","protected":false},"author":1,"featured_media":0,"parent":5118,"menu_order":0,"comment_status":"closed","ping_status":"closed","template":"page-templates\/full-width.php","meta":{"footnotes":""},"class_list":["post-11426","page","type-page","status-publish","hentry"],"_links":{"self":[{"href":"https:\/\/woerrlein-naturfoto.de\/wordpress\/wp-json\/wp\/v2\/pages\/11426","targetHints":{"allow":["GET"]}}],"collection":[{"href":"https:\/\/woerrlein-naturfoto.de\/wordpress\/wp-json\/wp\/v2\/pages"}],"about":[{"href":"https:\/\/woerrlein-naturfoto.de\/wordpress\/wp-json\/wp\/v2\/types\/page"}],"author":[{"embeddable":true,"href":"https:\/\/woerrlein-naturfoto.de\/wordpress\/wp-json\/wp\/v2\/users\/1"}],"replies":[{"embeddable":true,"href":"https:\/\/woerrlein-naturfoto.de\/wordpress\/wp-json\/wp\/v2\/comments?post=11426"}],"version-history":[{"count":2,"href":"https:\/\/woerrlein-naturfoto.de\/wordpress\/wp-json\/wp\/v2\/pages\/11426\/revisions"}],"predecessor-version":[{"id":15530,"href":"https:\/\/woerrlein-naturfoto.de\/wordpress\/wp-json\/wp\/v2\/pages\/11426\/revisions\/15530"}],"up":[{"embeddable":true,"href":"https:\/\/woerrlein-naturfoto.de\/wordpress\/wp-json\/wp\/v2\/pages\/5118"}],"wp:attachment":[{"href":"https:\/\/woerrlein-naturfoto.de\/wordpress\/wp-json\/wp\/v2\/media?parent=11426"}],"curies":[{"name":"wp","href":"https:\/\/api.w.org\/{rel}","templated":true}]}}