{"id":11422,"date":"2019-11-24T09:56:46","date_gmt":"2019-11-24T08:56:46","guid":{"rendered":"http:\/\/woerrlein-naturfoto.de\/wordpress\/?page_id=11422"},"modified":"2022-10-19T13:31:01","modified_gmt":"2022-10-19T11:31:01","slug":"graublaettriger-tintling","status":"publish","type":"page","link":"https:\/\/woerrlein-naturfoto.de\/wordpress\/pilze-a-z\/graublaettriger-tintling\/","title":{"rendered":"Graubl\u00e4ttriger Tintling"},"content":{"rendered":"<p><a href=\"http:\/\/woerrlein-naturfoto.de\/wordpress\/hauptseite-pflanzen\/pflanzen\/\"><span style=\"color: #ffff66;\">Pflanzen<\/span> <\/a>-&gt;<a href=\"http:\/\/woerrlein-naturfoto.de\/wordpress\/hauptseite-pflanzen\/pflanzen\/pilze-2\/\"> <span style=\"color: #ffff66;\">Pilze<\/span><\/a><br \/>\n<a href=\"http:\/\/woerrlein-naturfoto.de\/wordpress\/pflanzen-von-a-z\/\">Pflanzen von A-Z<\/a><br \/>\nzur Galerie <a href=\"https:\/\/woerrlein-naturfoto.de\/wordpress\/hauptseite-pflanzen\/pflanzen\/pilze-2\/pilze-i-a-bis-g\/\">Pilze I<\/a><\/p>\n<p><img loading=\"lazy\" decoding=\"async\" class=\"alignleft wp-image-11372\" src=\"http:\/\/woerrlein-naturfoto.de\/wordpress\/wp-content\/uploads\/2015\/01\/GraublaettrigerTindling_191101_3725-600x400.jpg\" alt=\"\" width=\"600\" height=\"400\" srcset=\"https:\/\/woerrlein-naturfoto.de\/wordpress\/wp-content\/uploads\/2015\/01\/GraublaettrigerTindling_191101_3725-600x400.jpg 600w, https:\/\/woerrlein-naturfoto.de\/wordpress\/wp-content\/uploads\/2015\/01\/GraublaettrigerTindling_191101_3725-768x512.jpg 768w, https:\/\/woerrlein-naturfoto.de\/wordpress\/wp-content\/uploads\/2015\/01\/GraublaettrigerTindling_191101_3725-120x80.jpg 120w, https:\/\/woerrlein-naturfoto.de\/wordpress\/wp-content\/uploads\/2015\/01\/GraublaettrigerTindling_191101_3725.jpg 1000w\" sizes=\"auto, (max-width: 600px) 100vw, 600px\" \/>Den <strong>Graubl\u00e4ttrigen Tintling<\/strong><em> (Coprinellus impatiens)<\/em> findet man in Laub- oder Mischw\u00e4ldern. Die Art bevorzugt basische B\u00f6den und w\u00e4chst meist auf abgestorbenen Bl\u00e4ttern.<br \/>\nDer Hut ist eif\u00f6rmig, konisch bis kegelig, matt, fein bereift, grob radial faltig und trocken. Er ist d\u00fcnnfleischig, nicht zerflie\u00dfend, mit kuh- bis zimtbraunem Scheitel und heller werdendem Rand. Die Lamellen sind schmal und d\u00fcnn, erst bla\u00dfgrau, dann schwarz. Die Schneiden sind heller. Der StieI ist wei\u00dflich, vom Hut auffallend abgesetzt, glatt und hohl.<\/p>\n<p><strong>Vorkommen:<\/strong>\u00a0\u00a0\u00a0\u00a0\u00a0\u00a0\u00a0 August &#8211; November<\/p>\n<p>zur Galerie <a href=\"https:\/\/woerrlein-naturfoto.de\/wordpress\/hauptseite-pflanzen\/pflanzen\/pilze-2\/pilze-i-a-bis-g\/\">Pilze I<\/a><\/p>\n","protected":false},"excerpt":{"rendered":"<p>Pflanzen -&gt; Pilze Pflanzen von A-Z zur Galerie Pilze I Den Graubl\u00e4ttrigen Tintling (Coprinellus impatiens) findet man in Laub- oder Mischw\u00e4ldern. Die Art bevorzugt basische B\u00f6den und w\u00e4chst meist auf abgestorbenen Bl\u00e4ttern. Der Hut ist eif\u00f6rmig, konisch bis kegelig, matt, fein bereift, grob radial faltig und trocken. Er ist d\u00fcnnfleischig, nicht zerflie\u00dfend, mit kuh- bis &hellip; <a href=\"https:\/\/woerrlein-naturfoto.de\/wordpress\/pilze-a-z\/graublaettriger-tintling\/\" class=\"more-link\"><span class=\"screen-reader-text\">Graubl\u00e4ttriger Tintling<\/span> weiterlesen <span class=\"meta-nav\">&rarr;<\/span><\/a><\/p>\n","protected":false},"author":1,"featured_media":0,"parent":5118,"menu_order":0,"comment_status":"closed","ping_status":"closed","template":"page-templates\/full-width.php","meta":{"footnotes":""},"class_list":["post-11422","page","type-page","status-publish","hentry"],"_links":{"self":[{"href":"https:\/\/woerrlein-naturfoto.de\/wordpress\/wp-json\/wp\/v2\/pages\/11422","targetHints":{"allow":["GET"]}}],"collection":[{"href":"https:\/\/woerrlein-naturfoto.de\/wordpress\/wp-json\/wp\/v2\/pages"}],"about":[{"href":"https:\/\/woerrlein-naturfoto.de\/wordpress\/wp-json\/wp\/v2\/types\/page"}],"author":[{"embeddable":true,"href":"https:\/\/woerrlein-naturfoto.de\/wordpress\/wp-json\/wp\/v2\/users\/1"}],"replies":[{"embeddable":true,"href":"https:\/\/woerrlein-naturfoto.de\/wordpress\/wp-json\/wp\/v2\/comments?post=11422"}],"version-history":[{"count":4,"href":"https:\/\/woerrlein-naturfoto.de\/wordpress\/wp-json\/wp\/v2\/pages\/11422\/revisions"}],"predecessor-version":[{"id":15525,"href":"https:\/\/woerrlein-naturfoto.de\/wordpress\/wp-json\/wp\/v2\/pages\/11422\/revisions\/15525"}],"up":[{"embeddable":true,"href":"https:\/\/woerrlein-naturfoto.de\/wordpress\/wp-json\/wp\/v2\/pages\/5118"}],"wp:attachment":[{"href":"https:\/\/woerrlein-naturfoto.de\/wordpress\/wp-json\/wp\/v2\/media?parent=11422"}],"curies":[{"name":"wp","href":"https:\/\/api.w.org\/{rel}","templated":true}]}}