{"id":11330,"date":"2019-11-03T17:02:52","date_gmt":"2019-11-03T16:02:52","guid":{"rendered":"http:\/\/woerrlein-naturfoto.de\/wordpress\/?page_id=11330"},"modified":"2019-11-03T17:25:18","modified_gmt":"2019-11-03T16:25:18","slug":"schmarotzerraubmoewe","status":"publish","type":"page","link":"https:\/\/woerrlein-naturfoto.de\/wordpress\/moewen-a-z\/schmarotzerraubmoewe\/","title":{"rendered":"Schmarotzerraubm\u00f6we"},"content":{"rendered":"<p><a href=\"http:\/\/woerrlein-naturfoto.de\/wordpress\/voegel\/\"><span style=\"color: #ffff66;\">V\u00f6gel<\/span> <\/a>-&gt;<a href=\"http:\/\/woerrlein-naturfoto.de\/wordpress\/hauptseite-voegel\/voegel\/watvoegel-2\"> <span style=\"color: #ffff66;\">Watv\u00f6gel<\/span> <\/a>-&gt;<a href=\"http:\/\/woerrlein-naturfoto.de\/wordpress\/hauptseite-voegel\/voegel\/watvoegel\/moewen-2\/\"> <span style=\"color: #ffff66;\">M\u00f6wen<\/span><\/a><br \/>\n<a title=\"V\u00f6gel von A-Z\" href=\"http:\/\/woerrlein-naturfoto.de\/wordpress\/voegel\/voegel_von_a-z\/\">V\u00f6gel von A-Z<\/a><br \/>\nZur Galerie <a title=\"M\u00f6wen\" href=\"http:\/\/woerrlein-naturfoto.de\/wordpress\/hauptseite-voegel\/voegel\/watvoegel\/moewen-2\/\">M\u00f6wen<\/a><\/p>\n<p><img loading=\"lazy\" decoding=\"async\" class=\"alignleft wp-image-11298\" src=\"http:\/\/woerrlein-naturfoto.de\/wordpress\/wp-content\/uploads\/2019\/11\/Schmarotzerraubm\u00f6we-DSC_5035-6000x4000-600x400.jpg\" alt=\"\" width=\"600\" height=\"400\" \/>Die <b>Schmarotzerraubm\u00f6we<\/b> (<i>Stercorarius parasiticus<\/i>) ist ein Meeresvogel aus der Familie Stercorariidae. Die zirkumpolar in den Tundren und K\u00fcstens\u00fcmpfen Eurasiens und Nordamerikas br\u00fctende Art ist unter den Raubm\u00f6wen die h\u00e4ufigste Art, die in Mitteleuropa w\u00e4hrend der Zugzeiten an den K\u00fcsten beobachtet werden kann.<br \/>\nDas Gefieder ist auf dem R\u00fccken braun und unten aschgrau oder wei\u00df mit einem gelblichen Anstrich am Hals. Die Fl\u00fcgel und der Schwanz sind nach au\u00dfen schwarz und nach innen heller. Die Fl\u00fcgel haben weiterhin eine blitzf\u00f6rmige wei\u00dfe Markierung. Der Schnabel ist an der Basis bl\u00e4ulich und an der Spitze schwarz. Es kommen auch jahreszeitliche Ver\u00e4nderungen vor.<br \/>\nDie Brutgebiete der Schmarotzerraubm\u00f6we liegen im Norden Eurasiens und Nordamerikas. In Europa liegen die s\u00fcdlichsten Vorkommen in Schottland. Die Nester liegen dabei in einer Vertiefung auf der trockenen Tundra oder auf Bergr\u00fccken bzw. auf Inseln. Manchmal werden auch verlassene M\u00f6wennester genutzt.<br \/>\nDie Schmarotzerraubm\u00f6we gilt als eine der Arten, die vom Klimawandel besonders betroffen sein wird. Ein Forschungsteam, das im Auftrag der britischen Umweltbeh\u00f6rde und der <a title=\"Royal Society for the Protection of Birds\" href=\"https:\/\/www.rspb.org.uk\/\" target=\"_blank\" rel=\"noopener noreferrer\"><strong>R<\/strong>oyal <strong>S<\/strong>ociety for the <strong>P<\/strong>rotection of <strong>B<\/strong>irds<\/a> die zuk\u00fcnftige Verbreitungsentwicklung von europ\u00e4ischen Brutv\u00f6geln auf Basis von Klimamodellen untersuchte, geht davon aus, dass bis zum Ende des 21. Jahrhunderts das Verbreitungsgebiet der Schmarotzerm\u00f6we erheblich schrumpfen und sich nach Norden verschieben wird. Schottland, der S\u00fcden Norwegens und der gr\u00f6\u00dfte Teil der baltischen K\u00fcsten werden dann der Art keine geeigneten Lebensr\u00e4ume mehr bieten k\u00f6nnen.<sup id=\"cite_ref-2\" class=\"reference\"><\/sup><br \/>\n<sup id=\"cite_ref-1\" class=\"reference\"><\/sup><\/p>\n<p>L\u00e4nge: 46-67 cm\u00a0\u00a0 Spannweite: 97-115 cm\u00a0\u00a0 Gewicht: 360 &#8211; 590 g\u00a0\u00a0 Gelege: 2 Eier<\/p>\n<p>Zur Galerie <a title=\"M\u00f6wen\" href=\"http:\/\/woerrlein-naturfoto.de\/wordpress\/hauptseite-voegel\/voegel\/watvoegel\/moewen-2\/\">M\u00f6wen<\/a><\/p>\n<p><em>Quelle des Textauszuges und weitere Infos bei <\/em><a href=\"https:\/\/de.wikipedia.org\/wiki\/Schmarotzerraubm%C3%B6we\" target=\"_blank\" rel=\"noopener noreferrer\">Wikipedia<\/a> <em>(<\/em><a href=\"http:\/\/www.gnu.org\/licenses\/fdl-1.3.txt\" target=\"_blank\" rel=\"noopener noreferrer\">GNU-Lizenz<\/a><em>)<\/em> \u2013 <em>mein Dank gilt den<\/em> <a href=\"https:\/\/de.wikipedia.org\/w\/index.php?title=Schmarotzerraubm%C3%B6we&amp;action=history\" target=\"_blank\" rel=\"noopener noreferrer\">Autoren<\/a>.<\/p>\n","protected":false},"excerpt":{"rendered":"<p>V\u00f6gel -&gt; Watv\u00f6gel -&gt; M\u00f6wen V\u00f6gel von A-Z Zur Galerie M\u00f6wen Die Schmarotzerraubm\u00f6we (Stercorarius parasiticus) ist ein Meeresvogel aus der Familie Stercorariidae. Die zirkumpolar in den Tundren und K\u00fcstens\u00fcmpfen Eurasiens und Nordamerikas br\u00fctende Art ist unter den Raubm\u00f6wen die h\u00e4ufigste Art, die in Mitteleuropa w\u00e4hrend der Zugzeiten an den K\u00fcsten beobachtet werden kann. Das Gefieder &hellip; <a href=\"https:\/\/woerrlein-naturfoto.de\/wordpress\/moewen-a-z\/schmarotzerraubmoewe\/\" class=\"more-link\"><span class=\"screen-reader-text\">Schmarotzerraubm\u00f6we<\/span> weiterlesen <span class=\"meta-nav\">&rarr;<\/span><\/a><\/p>\n","protected":false},"author":1,"featured_media":0,"parent":961,"menu_order":0,"comment_status":"closed","ping_status":"closed","template":"page-templates\/full-width.php","meta":{"footnotes":""},"class_list":["post-11330","page","type-page","status-publish","hentry"],"_links":{"self":[{"href":"https:\/\/woerrlein-naturfoto.de\/wordpress\/wp-json\/wp\/v2\/pages\/11330","targetHints":{"allow":["GET"]}}],"collection":[{"href":"https:\/\/woerrlein-naturfoto.de\/wordpress\/wp-json\/wp\/v2\/pages"}],"about":[{"href":"https:\/\/woerrlein-naturfoto.de\/wordpress\/wp-json\/wp\/v2\/types\/page"}],"author":[{"embeddable":true,"href":"https:\/\/woerrlein-naturfoto.de\/wordpress\/wp-json\/wp\/v2\/users\/1"}],"replies":[{"embeddable":true,"href":"https:\/\/woerrlein-naturfoto.de\/wordpress\/wp-json\/wp\/v2\/comments?post=11330"}],"version-history":[{"count":10,"href":"https:\/\/woerrlein-naturfoto.de\/wordpress\/wp-json\/wp\/v2\/pages\/11330\/revisions"}],"predecessor-version":[{"id":11342,"href":"https:\/\/woerrlein-naturfoto.de\/wordpress\/wp-json\/wp\/v2\/pages\/11330\/revisions\/11342"}],"up":[{"embeddable":true,"href":"https:\/\/woerrlein-naturfoto.de\/wordpress\/wp-json\/wp\/v2\/pages\/961"}],"wp:attachment":[{"href":"https:\/\/woerrlein-naturfoto.de\/wordpress\/wp-json\/wp\/v2\/media?parent=11330"}],"curies":[{"name":"wp","href":"https:\/\/api.w.org\/{rel}","templated":true}]}}