{"id":11271,"date":"2019-10-02T19:42:11","date_gmt":"2019-10-02T17:42:11","guid":{"rendered":"http:\/\/woerrlein-naturfoto.de\/wordpress\/?page_id=11271"},"modified":"2022-07-20T15:15:02","modified_gmt":"2022-07-20T13:15:02","slug":"kleiner-sonnenroeschen-blaeuling","status":"publish","type":"page","link":"https:\/\/woerrlein-naturfoto.de\/wordpress\/blaeulinge-a-z\/kleiner-sonnenroeschen-blaeuling\/","title":{"rendered":"Kleiner Sonnenr\u00f6schen-Bl\u00e4uling"},"content":{"rendered":"<p><a href=\"http:\/\/woerrlein-naturfoto.de\/wordpress\/insekten\/\"><span style=\"color: #ffff66;\">Insekten<\/span> <\/a>-&gt;<a href=\"http:\/\/woerrlein-naturfoto.de\/wordpress\/hauptseite-insekten\/insekten\/schmetterlinge-2\/\"> <span style=\"color: #ffff66;\">Schmetterlinge<\/span><\/a><br \/>\n<a title=\"Insekten A-Z\" href=\"http:\/\/woerrlein-naturfoto.de\/wordpress\/insekten-a-z\/\">Insekten von A-Z<\/a><br \/>\nzur Galerie <a href=\"https:\/\/woerrlein-naturfoto.de\/wordpress\/hauptseite-insekten\/insekten\/schmetterlinge-2\/blaeulinge\/\">Bl\u00e4ulinge I<\/a><\/p>\n<p><img loading=\"lazy\" decoding=\"async\" class=\"alignleft wp-image-11247\" src=\"http:\/\/woerrlein-naturfoto.de\/wordpress\/wp-content\/uploads\/2019\/10\/kleinerSonnenroeschenBlaeuling_190915_2653-600x400.jpg\" alt=\"\" width=\"600\" height=\"400\" srcset=\"https:\/\/woerrlein-naturfoto.de\/wordpress\/wp-content\/uploads\/2019\/10\/kleinerSonnenroeschenBlaeuling_190915_2653-600x400.jpg 600w, https:\/\/woerrlein-naturfoto.de\/wordpress\/wp-content\/uploads\/2019\/10\/kleinerSonnenroeschenBlaeuling_190915_2653-768x512.jpg 768w, https:\/\/woerrlein-naturfoto.de\/wordpress\/wp-content\/uploads\/2019\/10\/kleinerSonnenroeschenBlaeuling_190915_2653-120x80.jpg 120w, https:\/\/woerrlein-naturfoto.de\/wordpress\/wp-content\/uploads\/2019\/10\/kleinerSonnenroeschenBlaeuling_190915_2653.jpg 1000w\" sizes=\"auto, (max-width: 600px) 100vw, 600px\" \/>Der <b>Kleine Sonnenr\u00f6schen-Bl\u00e4uling<\/b> (<i>Aricia agestis<\/i>) ist ein Schmetterling aus der Familie der Bl\u00e4ulinge.<br \/>\nDie Falter erreichen eine Fl\u00fcgelspannweite von 22 bis 27 Millimetern. Sie haben dunkelbraune Fl\u00fcgeloberseiten, wobei sowohl auf den Vorder- als auch auf den Hinterfl\u00fcgeln deutlich orangefarbene Randflecken sichtbar sind. Die Fl\u00fcgelunterseiten beider Fl\u00fcgelpaare sind hell graubraun. Auf ihnen sind schwarze, hell umrandete Punkte und breite, orange gef\u00e4rbte Flecken, die in einer Binde angeordnet sind, zu erkennen. Eine sichere Abgrenzung zur Zwillingsart <i>Aricia artaxerxes<\/i> ist aufgrund der Fl\u00fcgelmusterung kaum m\u00f6glich, da es flie\u00dfende \u00dcberg\u00e4nge gibt. Auch eine Genitaluntersuchung bringt keine Sicherheit, da sich die beiden Arten kaum unterscheiden. \u00d6kologische Kriterien sind f\u00fcr die Artbestimmung viel sicherer. So schlie\u00dfen sich zum Beispiel in der Schweiz die beiden Verbreitungsareale fast vollst\u00e4ndig aus.<\/p>\n<p><strong>Flugzeit:<\/strong>\u00a0\u00a0\u00a0\u00a0 Mai bis Juni und Juli bis September, in zwei Generationen.<\/p>\n<p>Zur Galerie <a href=\"https:\/\/woerrlein-naturfoto.de\/wordpress\/hauptseite-insekten\/insekten\/schmetterlinge-2\/blaeulinge\/\">Bl\u00e4ulinge I<\/a><\/p>\n<p><em>Quelle des Textauszuges und weitere Infos bei <\/em><a href=\"https:\/\/de.wikipedia.org\/wiki\/Kleiner_Sonnenr%C3%B6schen-Bl%C3%A4uling\" target=\"_blank\" rel=\"noopener noreferrer\">Wikipedia<\/a><em> (<\/em><a href=\"http:\/\/www.gnu.org\/licenses\/fdl-1.3.txt\" target=\"_blank\" rel=\"noopener noreferrer\">GNU-Lizenz<\/a><em>)\u2013 mein Dank gilt den <\/em><a href=\"https:\/\/de.wikipedia.org\/w\/index.php?title=Kleiner_Sonnenr%C3%B6schen-Bl%C3%A4uling&amp;action=history\" target=\"_blank\" rel=\"noopener noreferrer\">Autoren<\/a><em>.<\/em><\/p>\n","protected":false},"excerpt":{"rendered":"<p>Insekten -&gt; Schmetterlinge Insekten von A-Z zur Galerie Bl\u00e4ulinge I Der Kleine Sonnenr\u00f6schen-Bl\u00e4uling (Aricia agestis) ist ein Schmetterling aus der Familie der Bl\u00e4ulinge. Die Falter erreichen eine Fl\u00fcgelspannweite von 22 bis 27 Millimetern. Sie haben dunkelbraune Fl\u00fcgeloberseiten, wobei sowohl auf den Vorder- als auch auf den Hinterfl\u00fcgeln deutlich orangefarbene Randflecken sichtbar sind. Die Fl\u00fcgelunterseiten beider &hellip; <a href=\"https:\/\/woerrlein-naturfoto.de\/wordpress\/blaeulinge-a-z\/kleiner-sonnenroeschen-blaeuling\/\" class=\"more-link\"><span class=\"screen-reader-text\">Kleiner Sonnenr\u00f6schen-Bl\u00e4uling<\/span> weiterlesen <span class=\"meta-nav\">&rarr;<\/span><\/a><\/p>\n","protected":false},"author":1,"featured_media":0,"parent":11125,"menu_order":0,"comment_status":"closed","ping_status":"closed","template":"page-templates\/full-width.php","meta":{"footnotes":""},"class_list":["post-11271","page","type-page","status-publish","hentry"],"_links":{"self":[{"href":"https:\/\/woerrlein-naturfoto.de\/wordpress\/wp-json\/wp\/v2\/pages\/11271","targetHints":{"allow":["GET"]}}],"collection":[{"href":"https:\/\/woerrlein-naturfoto.de\/wordpress\/wp-json\/wp\/v2\/pages"}],"about":[{"href":"https:\/\/woerrlein-naturfoto.de\/wordpress\/wp-json\/wp\/v2\/types\/page"}],"author":[{"embeddable":true,"href":"https:\/\/woerrlein-naturfoto.de\/wordpress\/wp-json\/wp\/v2\/users\/1"}],"replies":[{"embeddable":true,"href":"https:\/\/woerrlein-naturfoto.de\/wordpress\/wp-json\/wp\/v2\/comments?post=11271"}],"version-history":[{"count":3,"href":"https:\/\/woerrlein-naturfoto.de\/wordpress\/wp-json\/wp\/v2\/pages\/11271\/revisions"}],"predecessor-version":[{"id":15018,"href":"https:\/\/woerrlein-naturfoto.de\/wordpress\/wp-json\/wp\/v2\/pages\/11271\/revisions\/15018"}],"up":[{"embeddable":true,"href":"https:\/\/woerrlein-naturfoto.de\/wordpress\/wp-json\/wp\/v2\/pages\/11125"}],"wp:attachment":[{"href":"https:\/\/woerrlein-naturfoto.de\/wordpress\/wp-json\/wp\/v2\/media?parent=11271"}],"curies":[{"name":"wp","href":"https:\/\/api.w.org\/{rel}","templated":true}]}}