{"id":11267,"date":"2019-10-02T19:27:17","date_gmt":"2019-10-02T17:27:17","guid":{"rendered":"http:\/\/woerrlein-naturfoto.de\/wordpress\/?page_id=11267"},"modified":"2022-07-20T15:13:37","modified_gmt":"2022-07-20T13:13:37","slug":"idas-blaeuling","status":"publish","type":"page","link":"https:\/\/woerrlein-naturfoto.de\/wordpress\/blaeulinge-a-z\/idas-blaeuling\/","title":{"rendered":"Idas-Bl\u00e4uling"},"content":{"rendered":"<p><a href=\"http:\/\/woerrlein-naturfoto.de\/wordpress\/insekten\/\"><span style=\"color: #ffff66;\">Insekten<\/span> <\/a>-&gt;<a href=\"http:\/\/woerrlein-naturfoto.de\/wordpress\/hauptseite-insekten\/insekten\/schmetterlinge-2\/\"> <span style=\"color: #ffff66;\">Schmetterlinge<\/span><\/a><br \/>\n<a title=\"Insekten A-Z\" href=\"http:\/\/woerrlein-naturfoto.de\/wordpress\/insekten-a-z\/\">Insekten von A-Z<\/a><br \/>\nzur Galerie <a href=\"https:\/\/woerrlein-naturfoto.de\/wordpress\/hauptseite-insekten\/insekten\/schmetterlinge-2\/blaeulinge\/\">Bl\u00e4ulinge I<\/a><\/p>\n<p><img loading=\"lazy\" decoding=\"async\" class=\"alignleft wp-image-11243\" src=\"http:\/\/woerrlein-naturfoto.de\/wordpress\/wp-content\/uploads\/2019\/10\/Idasblaeuling_190818_2236-600x400.jpg\" alt=\"\" width=\"600\" height=\"400\" srcset=\"https:\/\/woerrlein-naturfoto.de\/wordpress\/wp-content\/uploads\/2019\/10\/Idasblaeuling_190818_2236-600x400.jpg 600w, https:\/\/woerrlein-naturfoto.de\/wordpress\/wp-content\/uploads\/2019\/10\/Idasblaeuling_190818_2236-768x512.jpg 768w, https:\/\/woerrlein-naturfoto.de\/wordpress\/wp-content\/uploads\/2019\/10\/Idasblaeuling_190818_2236-120x80.jpg 120w, https:\/\/woerrlein-naturfoto.de\/wordpress\/wp-content\/uploads\/2019\/10\/Idasblaeuling_190818_2236.jpg 1000w\" sizes=\"auto, (max-width: 600px) 100vw, 600px\" \/>Der <b>Idas-Bl\u00e4uling<\/b> (<i>Plebe<b>j<\/b>us idas<\/i>), auch <b>Ginster-Bl\u00e4uling<\/b> genannt, ist ein Tagfalter aus der Familie der Bl\u00e4ulinge, der von Europa \u00fcber den Mittleren Osten bis das Innere Asiens und in Nordamerika weit verbreitet ist. Er geh\u00f6rt zur Gruppe der Silberfleck-Bl\u00e4ulinge, welche sich durch metallische Flecken auf der Hinterfl\u00fcgelunterseite auszeichnen.<br \/>\nDie Nominatform <i>Plebejus idas idas<\/i> hat eine Vorderfl\u00fcgell\u00e4nge von 14 bis 16 Millimeter. Die Oberseite der M\u00e4nnchen ist kr\u00e4ftig metallisch blau gl\u00e4nzend. Am Fl\u00fcgelrand verl\u00e4uft ein schwarzes Band, das am Hinterfl\u00fcgelau\u00dfenrand manchmal eine Reihe schwarzer Flecke bildet. Die Oberseite der Weibchen ist dunkelbraun und manchmal blau von der Basis best\u00e4ubt. Am Fl\u00fcgelau\u00dfenrand, besonders auf den Hinterfl\u00fcgeln, seltener auf den Vorderfl\u00fcgeln, ist ein oranges Band wie auf der Fl\u00fcgelunterseite nur ohne schwarze Flecke zu sehen. Die Fl\u00fcgelunterseiten beider Geschlechter sind hell (M\u00e4nnchen hellgrau, Weibchen hellbraun) mit wei\u00dfrandigen schwarzen Flecken. In der Submarginalregion verl\u00e4uft ein gewelltes oranges Band das schwarze Flecke umgibt. Diese Flecke haben auf den Hinterfl\u00fcgeln blaumetallisch gl\u00e4nzende Schuppen.<br \/>\nDie Lebensr\u00e4ume des Idas-Bl\u00e4ulings in Europa sind basische Magerrasen (Kalkgebiete) und saure Magerrasen (Heidegebiete).<sup id=\"cite_ref-Tolman\/Lewington_3-2\" class=\"reference\"><\/sup><\/p>\n<p><strong>Flugzeit:<\/strong>\u00a0\u00a0\u00a0\u00a0 Mitte Juni bis Mitte August, in einer Generation.<\/p>\n<p>Zur Galerie <a href=\"https:\/\/woerrlein-naturfoto.de\/wordpress\/hauptseite-insekten\/insekten\/schmetterlinge-2\/blaeulinge\/\">Bl\u00e4ulinge I<\/a><\/p>\n<p><em>Quelle des Textauszuges und weitere Infos bei <\/em><a href=\"https:\/\/de.wikipedia.org\/wiki\/Gei%C3%9Fklee-Bl%C3%A4uling\" target=\"_blank\" rel=\"noopener noreferrer\">Wikipedia<\/a><em> (<\/em><a href=\"http:\/\/www.gnu.org\/licenses\/fdl-1.3.txt\" target=\"_blank\" rel=\"noopener noreferrer\">GNU-Lizenz<\/a><em>)\u2013 mein Dank gilt den <\/em><a href=\"https:\/\/de.wikipedia.org\/w\/index.php?title=Gei%C3%9Fklee-Bl%C3%A4uling&amp;action=history\" target=\"_blank\" rel=\"noopener noreferrer\">Autoren<\/a><em>.<\/em><\/p>\n","protected":false},"excerpt":{"rendered":"<p>Insekten -&gt; Schmetterlinge Insekten von A-Z zur Galerie Bl\u00e4ulinge I Der Idas-Bl\u00e4uling (Plebejus idas), auch Ginster-Bl\u00e4uling genannt, ist ein Tagfalter aus der Familie der Bl\u00e4ulinge, der von Europa \u00fcber den Mittleren Osten bis das Innere Asiens und in Nordamerika weit verbreitet ist. Er geh\u00f6rt zur Gruppe der Silberfleck-Bl\u00e4ulinge, welche sich durch metallische Flecken auf der &hellip; <a href=\"https:\/\/woerrlein-naturfoto.de\/wordpress\/blaeulinge-a-z\/idas-blaeuling\/\" class=\"more-link\"><span class=\"screen-reader-text\">Idas-Bl\u00e4uling<\/span> weiterlesen <span class=\"meta-nav\">&rarr;<\/span><\/a><\/p>\n","protected":false},"author":1,"featured_media":0,"parent":11125,"menu_order":0,"comment_status":"closed","ping_status":"closed","template":"page-templates\/full-width.php","meta":{"footnotes":""},"class_list":["post-11267","page","type-page","status-publish","hentry"],"_links":{"self":[{"href":"https:\/\/woerrlein-naturfoto.de\/wordpress\/wp-json\/wp\/v2\/pages\/11267","targetHints":{"allow":["GET"]}}],"collection":[{"href":"https:\/\/woerrlein-naturfoto.de\/wordpress\/wp-json\/wp\/v2\/pages"}],"about":[{"href":"https:\/\/woerrlein-naturfoto.de\/wordpress\/wp-json\/wp\/v2\/types\/page"}],"author":[{"embeddable":true,"href":"https:\/\/woerrlein-naturfoto.de\/wordpress\/wp-json\/wp\/v2\/users\/1"}],"replies":[{"embeddable":true,"href":"https:\/\/woerrlein-naturfoto.de\/wordpress\/wp-json\/wp\/v2\/comments?post=11267"}],"version-history":[{"count":2,"href":"https:\/\/woerrlein-naturfoto.de\/wordpress\/wp-json\/wp\/v2\/pages\/11267\/revisions"}],"predecessor-version":[{"id":15016,"href":"https:\/\/woerrlein-naturfoto.de\/wordpress\/wp-json\/wp\/v2\/pages\/11267\/revisions\/15016"}],"up":[{"embeddable":true,"href":"https:\/\/woerrlein-naturfoto.de\/wordpress\/wp-json\/wp\/v2\/pages\/11125"}],"wp:attachment":[{"href":"https:\/\/woerrlein-naturfoto.de\/wordpress\/wp-json\/wp\/v2\/media?parent=11267"}],"curies":[{"name":"wp","href":"https:\/\/api.w.org\/{rel}","templated":true}]}}