{"id":11265,"date":"2019-10-02T19:19:16","date_gmt":"2019-10-02T17:19:16","guid":{"rendered":"http:\/\/woerrlein-naturfoto.de\/wordpress\/?page_id=11265"},"modified":"2022-07-20T15:13:14","modified_gmt":"2022-07-20T13:13:14","slug":"hochmoor-blaeuling","status":"publish","type":"page","link":"https:\/\/woerrlein-naturfoto.de\/wordpress\/blaeulinge-a-z\/hochmoor-blaeuling\/","title":{"rendered":"Hochmoor-Bl\u00e4uling"},"content":{"rendered":"<p><a href=\"http:\/\/woerrlein-naturfoto.de\/wordpress\/insekten\/\"><span style=\"color: #ffff66;\">Insekten<\/span> <\/a>-&gt;<a href=\"http:\/\/woerrlein-naturfoto.de\/wordpress\/hauptseite-insekten\/insekten\/schmetterlinge-2\/\"> <span style=\"color: #ffff66;\">Schmetterlinge<\/span><\/a><br \/>\n<a title=\"Insekten A-Z\" href=\"http:\/\/woerrlein-naturfoto.de\/wordpress\/insekten-a-z\/\">Insekten von A-Z<\/a><br \/>\nzur Galerie <a href=\"https:\/\/woerrlein-naturfoto.de\/wordpress\/hauptseite-insekten\/insekten\/schmetterlinge-2\/blaeulinge\/\">Bl\u00e4ulinge I<\/a><\/p>\n<p><img loading=\"lazy\" decoding=\"async\" class=\"alignleft wp-image-11241\" src=\"http:\/\/woerrlein-naturfoto.de\/wordpress\/wp-content\/uploads\/2019\/10\/HochmoorBlaeuling_D190723_2487-600x400.jpg\" alt=\"\" width=\"600\" height=\"400\" srcset=\"https:\/\/woerrlein-naturfoto.de\/wordpress\/wp-content\/uploads\/2019\/10\/HochmoorBlaeuling_D190723_2487-600x400.jpg 600w, https:\/\/woerrlein-naturfoto.de\/wordpress\/wp-content\/uploads\/2019\/10\/HochmoorBlaeuling_D190723_2487-768x512.jpg 768w, https:\/\/woerrlein-naturfoto.de\/wordpress\/wp-content\/uploads\/2019\/10\/HochmoorBlaeuling_D190723_2487-120x80.jpg 120w, https:\/\/woerrlein-naturfoto.de\/wordpress\/wp-content\/uploads\/2019\/10\/HochmoorBlaeuling_D190723_2487.jpg 1000w\" sizes=\"auto, (max-width: 600px) 100vw, 600px\" \/>Der <b>Hochmoor-Bl\u00e4uling<\/b> (<i>Plebejus optilete<\/i>), h\u00e4ufig f\u00e4lschlich auch <i>Plebeius optilete<\/i> geschrieben oder <b>Moor-Heidelbeeren-Bl\u00e4uling<\/b> ist ein Schmetterling aus der Familie der Bl\u00e4ulinge.<br \/>\nDie Falter erreichen eine Fl\u00fcgelspannweite von etwa 24 bis 28 Millimeter. Die Fl\u00fcgeloberseiten sind bei den M\u00e4nnchen gl\u00e4nzend violettblau, bei den Weibchen braun mit oftmals leichter lilablauer \u00dcberst\u00e4ubung in der Basalregion. Die Vorderfl\u00fcgel sind am Apex stark gerundet. Auf der Unterseite der Hinterfl\u00fcgel ist ein sehr charakteristischer blauer, nach innen kr\u00e4ftig orange gef\u00e4rbter Augenfleck nahe am Analwinkel zu erkennen. Gelegentlich sind ein bis drei weitere, kleinere und schw\u00e4chere, ebenso gef\u00e4rbte Augenflecke vorhanden. Beide Fl\u00fcgelunterseiten zeigen au\u00dferdem eine Vielzahl deutlicher schwarzer Punkte und Flecke auf graubraunem Untergrund.<\/p>\n<p><strong>Flugzeit:<\/strong>\u00a0\u00a0\u00a0\u00a0 Junii bis August, in einer Generation.<\/p>\n<p>Zur Galerie <a href=\"https:\/\/woerrlein-naturfoto.de\/wordpress\/hauptseite-insekten\/insekten\/schmetterlinge-2\/blaeulinge\/\">Bl\u00e4ulinge I<\/a><\/p>\n<p><em>Quelle des Textauszuges und weitere Infos bei <\/em><a href=\"https:\/\/de.wikipedia.org\/wiki\/Hochmoor-Bl%C3%A4uling\" target=\"_blank\" rel=\"noopener noreferrer\">Wikipedia<\/a><em> (<\/em><a href=\"http:\/\/www.gnu.org\/licenses\/fdl-1.3.txt\" target=\"_blank\" rel=\"noopener noreferrer\">GNU-Lizenz<\/a><em>)\u2013 mein Dank gilt den <\/em><a href=\"https:\/\/de.wikipedia.org\/w\/index.php?title=Hochmoor-Bl%C3%A4uling&amp;action=history\" target=\"_blank\" rel=\"noopener noreferrer\">Autoren<\/a><em>.<\/em><\/p>\n","protected":false},"excerpt":{"rendered":"<p>Insekten -&gt; Schmetterlinge Insekten von A-Z zur Galerie Bl\u00e4ulinge I Der Hochmoor-Bl\u00e4uling (Plebejus optilete), h\u00e4ufig f\u00e4lschlich auch Plebeius optilete geschrieben oder Moor-Heidelbeeren-Bl\u00e4uling ist ein Schmetterling aus der Familie der Bl\u00e4ulinge. Die Falter erreichen eine Fl\u00fcgelspannweite von etwa 24 bis 28 Millimeter. Die Fl\u00fcgeloberseiten sind bei den M\u00e4nnchen gl\u00e4nzend violettblau, bei den Weibchen braun mit oftmals &hellip; <a href=\"https:\/\/woerrlein-naturfoto.de\/wordpress\/blaeulinge-a-z\/hochmoor-blaeuling\/\" class=\"more-link\"><span class=\"screen-reader-text\">Hochmoor-Bl\u00e4uling<\/span> weiterlesen <span class=\"meta-nav\">&rarr;<\/span><\/a><\/p>\n","protected":false},"author":1,"featured_media":0,"parent":11125,"menu_order":0,"comment_status":"closed","ping_status":"closed","template":"page-templates\/full-width.php","meta":{"footnotes":""},"class_list":["post-11265","page","type-page","status-publish","hentry"],"_links":{"self":[{"href":"https:\/\/woerrlein-naturfoto.de\/wordpress\/wp-json\/wp\/v2\/pages\/11265","targetHints":{"allow":["GET"]}}],"collection":[{"href":"https:\/\/woerrlein-naturfoto.de\/wordpress\/wp-json\/wp\/v2\/pages"}],"about":[{"href":"https:\/\/woerrlein-naturfoto.de\/wordpress\/wp-json\/wp\/v2\/types\/page"}],"author":[{"embeddable":true,"href":"https:\/\/woerrlein-naturfoto.de\/wordpress\/wp-json\/wp\/v2\/users\/1"}],"replies":[{"embeddable":true,"href":"https:\/\/woerrlein-naturfoto.de\/wordpress\/wp-json\/wp\/v2\/comments?post=11265"}],"version-history":[{"count":2,"href":"https:\/\/woerrlein-naturfoto.de\/wordpress\/wp-json\/wp\/v2\/pages\/11265\/revisions"}],"predecessor-version":[{"id":15015,"href":"https:\/\/woerrlein-naturfoto.de\/wordpress\/wp-json\/wp\/v2\/pages\/11265\/revisions\/15015"}],"up":[{"embeddable":true,"href":"https:\/\/woerrlein-naturfoto.de\/wordpress\/wp-json\/wp\/v2\/pages\/11125"}],"wp:attachment":[{"href":"https:\/\/woerrlein-naturfoto.de\/wordpress\/wp-json\/wp\/v2\/media?parent=11265"}],"curies":[{"name":"wp","href":"https:\/\/api.w.org\/{rel}","templated":true}]}}