{"id":11262,"date":"2019-10-02T19:11:36","date_gmt":"2019-10-02T17:11:36","guid":{"rendered":"http:\/\/woerrlein-naturfoto.de\/wordpress\/?page_id=11262"},"modified":"2022-07-20T15:11:35","modified_gmt":"2022-07-20T13:11:35","slug":"brauner-feuerfalter","status":"publish","type":"page","link":"https:\/\/woerrlein-naturfoto.de\/wordpress\/blaeulinge-a-z\/brauner-feuerfalter\/","title":{"rendered":"Brauner Feuerfalter"},"content":{"rendered":"<p><a href=\"http:\/\/woerrlein-naturfoto.de\/wordpress\/insekten\/\"><span style=\"color: #ffff66;\">Insekten<\/span> <\/a>-&gt;<a href=\"http:\/\/woerrlein-naturfoto.de\/wordpress\/hauptseite-insekten\/insekten\/schmetterlinge-2\/\"> <span style=\"color: #ffff66;\">Schmetterlinge<\/span><\/a><br \/>\n<a title=\"Insekten A-Z\" href=\"http:\/\/woerrlein-naturfoto.de\/wordpress\/insekten-a-z\/\">Insekten von A-Z<\/a><br \/>\nzur Galerie <a href=\"https:\/\/woerrlein-naturfoto.de\/wordpress\/hauptseite-insekten\/insekten\/schmetterlinge-2\/blaeulinge-ii-feuerfalter-zipfelfalter\/\">Bl\u00e4ulinge II<\/a><\/p>\n<p><img loading=\"lazy\" decoding=\"async\" class=\"alignleft wp-image-11233\" src=\"http:\/\/woerrlein-naturfoto.de\/wordpress\/wp-content\/uploads\/2019\/10\/Brauner_Feuerfalter_AW_59320_5950x3967-600x400.jpg\" alt=\"\" width=\"600\" height=\"400\" srcset=\"https:\/\/woerrlein-naturfoto.de\/wordpress\/wp-content\/uploads\/2019\/10\/Brauner_Feuerfalter_AW_59320_5950x3967-600x400.jpg 600w, https:\/\/woerrlein-naturfoto.de\/wordpress\/wp-content\/uploads\/2019\/10\/Brauner_Feuerfalter_AW_59320_5950x3967-768x512.jpg 768w, https:\/\/woerrlein-naturfoto.de\/wordpress\/wp-content\/uploads\/2019\/10\/Brauner_Feuerfalter_AW_59320_5950x3967-120x80.jpg 120w, https:\/\/woerrlein-naturfoto.de\/wordpress\/wp-content\/uploads\/2019\/10\/Brauner_Feuerfalter_AW_59320_5950x3967.jpg 1000w\" sizes=\"auto, (max-width: 600px) 100vw, 600px\" \/>Der <b>Braune Feuerfalter<\/b> (<i>Lycaena tityrus<\/i>), auch <b>Schwefelv\u00f6gelchen<\/b> genannt, ist ein Schmetterling\u00a0 aus der Familie der Bl\u00e4ulinge.<br \/>\nDie Falter haben eine Fl\u00fcgelspannweite von 30 bis 40 Millimeter und weist einen ausgepr\u00e4gten Sexualdichroismus auf. Dabei sind die Fl\u00fcgeloberseiten der m\u00e4nnlichen Tiere dunkelbraun mit einem schwachen blaugr\u00fcnen Schimmer. Die Fl\u00fcgelr\u00e4nder tragen eine wei\u00dfe Fransenbinde. Die Vorderfl\u00fcgel der Weibchen hingegen sind an der Oberseite orange gef\u00e4rbt und besitzen schwarze Flecken, w\u00e4hrend die Hinterfl\u00fcgel oberseits braun gef\u00e4rbt sind und eine Randbinde aus orangen Flecken tragen. Die Unterseiten der Fl\u00fcgel sind gelbbraun und mit schwarzen Flecken und orangen Randflecken gezeichnet. Der deutsche Name dieser Art ist auf die fast schwefelgelbe F\u00e4rbung der Fl\u00fcgelunterseite in der zweiten Faltergeneration zur\u00fcckzuf\u00fchren.<br \/>\nZu den Lebensr\u00e4umen des Schwefelv\u00f6gelchens geh\u00f6ren bl\u00fctenreiche, magere, naturnahe Wiesen, Trockengebiete mit Strauchwuchs, feuchte Waldlichtungen und gesch\u00fctzte Gebirgsschluchten.<\/p>\n<p><strong>Flugzeit:<\/strong>\u00a0\u00a0\u00a0\u00a0 In tiefen Lagen Mitte April bis Ende Oktober in mehreren Generationen.<\/p>\n<p>Zur Galerie <a href=\"https:\/\/woerrlein-naturfoto.de\/wordpress\/hauptseite-insekten\/insekten\/schmetterlinge-2\/blaeulinge-ii-feuerfalter-zipfelfalter\/\">Bl\u00e4ulinge II<\/a><\/p>\n<p><em>Quelle des Textauszuges und weitere Infos bei <\/em><a href=\"https:\/\/de.wikipedia.org\/wiki\/Brauner_Feuerfalter\" target=\"_blank\" rel=\"noopener noreferrer\">Wikipedia<\/a><em> (<\/em><a href=\"http:\/\/www.gnu.org\/licenses\/fdl-1.3.txt\" target=\"_blank\" rel=\"noopener noreferrer\">GNU-Lizenz<\/a><em>)\u2013 mein Dank gilt den <\/em><a href=\"https:\/\/de.wikipedia.org\/w\/index.php?title=Brauner_Feuerfalter&amp;action=history\" target=\"_blank\" rel=\"noopener noreferrer\">Autoren<\/a><em>.<\/em><\/p>\n","protected":false},"excerpt":{"rendered":"<p>Insekten -&gt; Schmetterlinge Insekten von A-Z zur Galerie Bl\u00e4ulinge II Der Braune Feuerfalter (Lycaena tityrus), auch Schwefelv\u00f6gelchen genannt, ist ein Schmetterling\u00a0 aus der Familie der Bl\u00e4ulinge. Die Falter haben eine Fl\u00fcgelspannweite von 30 bis 40 Millimeter und weist einen ausgepr\u00e4gten Sexualdichroismus auf. Dabei sind die Fl\u00fcgeloberseiten der m\u00e4nnlichen Tiere dunkelbraun mit einem schwachen blaugr\u00fcnen Schimmer. &hellip; <a href=\"https:\/\/woerrlein-naturfoto.de\/wordpress\/blaeulinge-a-z\/brauner-feuerfalter\/\" class=\"more-link\"><span class=\"screen-reader-text\">Brauner Feuerfalter<\/span> weiterlesen <span class=\"meta-nav\">&rarr;<\/span><\/a><\/p>\n","protected":false},"author":1,"featured_media":0,"parent":11125,"menu_order":0,"comment_status":"closed","ping_status":"closed","template":"page-templates\/full-width.php","meta":{"footnotes":""},"class_list":["post-11262","page","type-page","status-publish","hentry"],"_links":{"self":[{"href":"https:\/\/woerrlein-naturfoto.de\/wordpress\/wp-json\/wp\/v2\/pages\/11262","targetHints":{"allow":["GET"]}}],"collection":[{"href":"https:\/\/woerrlein-naturfoto.de\/wordpress\/wp-json\/wp\/v2\/pages"}],"about":[{"href":"https:\/\/woerrlein-naturfoto.de\/wordpress\/wp-json\/wp\/v2\/types\/page"}],"author":[{"embeddable":true,"href":"https:\/\/woerrlein-naturfoto.de\/wordpress\/wp-json\/wp\/v2\/users\/1"}],"replies":[{"embeddable":true,"href":"https:\/\/woerrlein-naturfoto.de\/wordpress\/wp-json\/wp\/v2\/comments?post=11262"}],"version-history":[{"count":3,"href":"https:\/\/woerrlein-naturfoto.de\/wordpress\/wp-json\/wp\/v2\/pages\/11262\/revisions"}],"predecessor-version":[{"id":15012,"href":"https:\/\/woerrlein-naturfoto.de\/wordpress\/wp-json\/wp\/v2\/pages\/11262\/revisions\/15012"}],"up":[{"embeddable":true,"href":"https:\/\/woerrlein-naturfoto.de\/wordpress\/wp-json\/wp\/v2\/pages\/11125"}],"wp:attachment":[{"href":"https:\/\/woerrlein-naturfoto.de\/wordpress\/wp-json\/wp\/v2\/media?parent=11262"}],"curies":[{"name":"wp","href":"https:\/\/api.w.org\/{rel}","templated":true}]}}