{"id":11095,"date":"2019-09-16T21:24:48","date_gmt":"2019-09-16T19:24:48","guid":{"rendered":"http:\/\/woerrlein-naturfoto.de\/wordpress\/?page_id=11095"},"modified":"2019-09-16T21:28:23","modified_gmt":"2019-09-16T19:28:23","slug":"konikpferde","status":"publish","type":"page","link":"https:\/\/woerrlein-naturfoto.de\/wordpress\/paarhufer-unpaarhufer-a-z\/konikpferde\/","title":{"rendered":"Konikpferde"},"content":{"rendered":"<p><a href=\"http:\/\/woerrlein-naturfoto.de\/wordpress\/hauptseite-sonstige-tiere\/sonstige-tiere\/\"><span style=\"color: #ffff66;\">sonstige Tiere<\/span> <\/a>-&gt;<a title=\"S\u00e4ugetiere II (Paarhufer, Unpaarhufer)\" href=\"http:\/\/woerrlein-naturfoto.de\/wordpress\/hauptseite-sonstige-tiere\/sonstige-tiere\/saeugetiere-ii-paarhufer-unpaarhufer\/\"> <span style=\"color: #ffff66;\">S\u00e4ugetiere II (Paarhufer, Unpaarhufer)<\/span><\/a><br \/>\n<a href=\"http:\/\/woerrlein-naturfoto.de\/wordpress\/sonstige-tiere-von-a-z\/\">sonstige Tiere von A-Z<\/a><br \/>\nzur Gallerie <a title=\"S\u00e4ugetiere II (Paarhufer, Unpaarhufer)\" href=\"http:\/\/woerrlein-naturfoto.de\/wordpress\/hauptseite-sonstige-tiere\/sonstige-tiere\/saeugetiere-ii-paarhufer-unpaarhufer\/\">Paarhufer, Unpaarhufer<\/a><\/p>\n<p><img loading=\"lazy\" decoding=\"async\" class=\"alignleft wp-image-11082\" src=\"http:\/\/woerrlein-naturfoto.de\/wordpress\/wp-content\/uploads\/2015\/02\/Koniakpferde_D190604_0975-600x400.jpg\" alt=\"\" width=\"600\" height=\"400\" srcset=\"https:\/\/woerrlein-naturfoto.de\/wordpress\/wp-content\/uploads\/2015\/02\/Koniakpferde_D190604_0975-600x400.jpg 600w, https:\/\/woerrlein-naturfoto.de\/wordpress\/wp-content\/uploads\/2015\/02\/Koniakpferde_D190604_0975-768x512.jpg 768w, https:\/\/woerrlein-naturfoto.de\/wordpress\/wp-content\/uploads\/2015\/02\/Koniakpferde_D190604_0975-120x80.jpg 120w, https:\/\/woerrlein-naturfoto.de\/wordpress\/wp-content\/uploads\/2015\/02\/Koniakpferde_D190604_0975.jpg 1000w\" sizes=\"auto, (max-width: 600px) 100vw, 600px\" \/>Das <b>Konik<\/b> (aus dem Polnischen: <i>Pferdchen<\/i>, <i>kleines Pferd<\/i>) ist eine Ponyrasse aus dem mittel- und osteurop\u00e4ischen Raum. Die Ponys sind sehr robust und finden Verwendung sowohl in der Landwirtschaft als auch bei der Erhaltung von zahlreichen Naturschutzgebieten wie Geltinger Birk (Ostsee), Schmidtenh\u00f6he (Koblenz) oder dem Br\u00f6nnhof bei Schweinfurt und im polnischen Bia\u0142owie\u017ca-Nationalpark, wo sie in extensiver Landwirtschaft gehalten werden. Die gr\u00f6\u00dfte Population lebt in Oostvaardersplassen in den Niederlanden unter nahezu wilden Bedingungen.<\/p>\n<p>Zur Galerie <a title=\"S\u00e4ugetiere II (Paarhufer, Unpaarhufer)\" href=\"http:\/\/woerrlein-naturfoto.de\/wordpress\/hauptseite-sonstige-tiere\/sonstige-tiere\/saeugetiere-ii-paarhufer-unpaarhufer\/\">Paarhufer, Unpaarhufer<\/a><\/p>\n<p><em>Quelle des Textauszuges und weitere Infos bei <\/em><a href=\"https:\/\/de.wikipedia.org\/wiki\/Konik\" target=\"_blank\" rel=\"noopener noreferrer\">Wikipedia<\/a><em> (<\/em><a href=\"http:\/\/www.gnu.org\/licenses\/fdl-1.3.txt\" target=\"_blank\" rel=\"noopener noreferrer\">GNU-Lizenz<\/a><em>)\u2013 mein Dank gilt den <\/em><a href=\"https:\/\/de.wikipedia.org\/w\/index.php?title=Konik&amp;action=history\" target=\"_blank\" rel=\"noopener noreferrer\">Autoren<\/a><em>.<\/em><\/p>\n","protected":false},"excerpt":{"rendered":"<p>sonstige Tiere -&gt; S\u00e4ugetiere II (Paarhufer, Unpaarhufer) sonstige Tiere von A-Z zur Gallerie Paarhufer, Unpaarhufer Das Konik (aus dem Polnischen: Pferdchen, kleines Pferd) ist eine Ponyrasse aus dem mittel- und osteurop\u00e4ischen Raum. Die Ponys sind sehr robust und finden Verwendung sowohl in der Landwirtschaft als auch bei der Erhaltung von zahlreichen Naturschutzgebieten wie Geltinger Birk &hellip; <a href=\"https:\/\/woerrlein-naturfoto.de\/wordpress\/paarhufer-unpaarhufer-a-z\/konikpferde\/\" class=\"more-link\"><span class=\"screen-reader-text\">Konikpferde<\/span> weiterlesen <span class=\"meta-nav\">&rarr;<\/span><\/a><\/p>\n","protected":false},"author":1,"featured_media":0,"parent":5544,"menu_order":0,"comment_status":"closed","ping_status":"closed","template":"page-templates\/full-width.php","meta":{"footnotes":""},"class_list":["post-11095","page","type-page","status-publish","hentry"],"_links":{"self":[{"href":"https:\/\/woerrlein-naturfoto.de\/wordpress\/wp-json\/wp\/v2\/pages\/11095","targetHints":{"allow":["GET"]}}],"collection":[{"href":"https:\/\/woerrlein-naturfoto.de\/wordpress\/wp-json\/wp\/v2\/pages"}],"about":[{"href":"https:\/\/woerrlein-naturfoto.de\/wordpress\/wp-json\/wp\/v2\/types\/page"}],"author":[{"embeddable":true,"href":"https:\/\/woerrlein-naturfoto.de\/wordpress\/wp-json\/wp\/v2\/users\/1"}],"replies":[{"embeddable":true,"href":"https:\/\/woerrlein-naturfoto.de\/wordpress\/wp-json\/wp\/v2\/comments?post=11095"}],"version-history":[{"count":1,"href":"https:\/\/woerrlein-naturfoto.de\/wordpress\/wp-json\/wp\/v2\/pages\/11095\/revisions"}],"predecessor-version":[{"id":11096,"href":"https:\/\/woerrlein-naturfoto.de\/wordpress\/wp-json\/wp\/v2\/pages\/11095\/revisions\/11096"}],"up":[{"embeddable":true,"href":"https:\/\/woerrlein-naturfoto.de\/wordpress\/wp-json\/wp\/v2\/pages\/5544"}],"wp:attachment":[{"href":"https:\/\/woerrlein-naturfoto.de\/wordpress\/wp-json\/wp\/v2\/media?parent=11095"}],"curies":[{"name":"wp","href":"https:\/\/api.w.org\/{rel}","templated":true}]}}