{"id":11006,"date":"2019-08-11T18:14:48","date_gmt":"2019-08-11T16:14:48","guid":{"rendered":"http:\/\/woerrlein-naturfoto.de\/wordpress\/?page_id=11006"},"modified":"2021-12-16T14:36:19","modified_gmt":"2021-12-16T13:36:19","slug":"sumpf-stendelwurz","status":"publish","type":"page","link":"https:\/\/woerrlein-naturfoto.de\/wordpress\/stendelwurzen-a-z\/sumpf-stendelwurz\/","title":{"rendered":"Sumpf-Stendelwurz"},"content":{"rendered":"<p><span style=\"color: #ffff66;\"><a style=\"color: #ffff66;\" href=\"http:\/\/woerrlein-naturfoto.de\/wordpress\/hauptseite-pflanzen\/pflanzen\/\"><span style=\"color: #ffff00;\">Pflanzen<\/span><\/a> <\/span>-&gt;<span style=\"color: #ffff66;\"><a style=\"color: #ffff66;\" href=\"http:\/\/woerrlein-naturfoto.de\/wordpress\/hauptseite-pflanzen\/pflanzen\/blueten-i-orchideen-2\/\"><span style=\"color: #ffff00;\">Orchideen<\/span><\/a><\/span> -&gt;<span style=\"color: #ffff00;\"> <a style=\"color: #ffff00;\" href=\"https:\/\/woerrlein-naturfoto.de\/wordpress\/hauptseite-pflanzen\/pflanzen\/blueten-i-orchideen-2\/stendelwurzen-epipactis\/\">Stendelwurzen (Epipactis)<\/a><\/span><br \/>\n<a href=\"http:\/\/woerrlein-naturfoto.de\/wordpress\/pflanzen-von-a-z\/\">Pflanzen von A-Z<\/a><br \/>\nZur Galerie <a href=\"https:\/\/woerrlein-naturfoto.de\/wordpress\/hauptseite-pflanzen\/pflanzen\/blueten-i-orchideen-2\/stendelwurzen-epipactis\/\">Stendelwurzen<\/a><\/p>\n<p><img loading=\"lazy\" decoding=\"async\" class=\"alignleft wp-image-10766\" src=\"http:\/\/woerrlein-naturfoto.de\/wordpress\/wp-content\/uploads\/2015\/01\/Sumpfstendelwurz_20190707_2086-2024-600x400.jpg\" alt=\"\" width=\"600\" height=\"400\" srcset=\"https:\/\/woerrlein-naturfoto.de\/wordpress\/wp-content\/uploads\/2015\/01\/Sumpfstendelwurz_20190707_2086-2024-600x400.jpg 600w, https:\/\/woerrlein-naturfoto.de\/wordpress\/wp-content\/uploads\/2015\/01\/Sumpfstendelwurz_20190707_2086-2024-768x512.jpg 768w, https:\/\/woerrlein-naturfoto.de\/wordpress\/wp-content\/uploads\/2015\/01\/Sumpfstendelwurz_20190707_2086-2024-120x80.jpg 120w, https:\/\/woerrlein-naturfoto.de\/wordpress\/wp-content\/uploads\/2015\/01\/Sumpfstendelwurz_20190707_2086-2024.jpg 1000w\" sizes=\"auto, (max-width: 600px) 100vw, 600px\" \/>Die <b>Sumpf-Stendelwurz<\/b> (<i>Epipactis palustris<\/i>), die auch als <b>Wei\u00dfe Sumpfwurz<\/b>, <b>Echte Sumpfwurz<\/b> oder <b>Sumpf-Sitter<\/b> bekannt ist, ist eine Art aus der Gattung der Stendelwurzen (<i>Epipactis<\/i>) innerhalb der Familie der Orchideengew\u00e4chse. Die Namen nehmen Bezug auf die von dieser Art bevorzugten feuchten Standorte.<br \/>\nDie Sumpf-Stendelwurz ist eine sommergr\u00fcne, ausdauernde, krautige Pflanze. Sie bildet eine kriechende Grundachse mit abw\u00e4rts gerichteten, behaarten Wurzeln und entwickelt lange, stark verzweigte, waagrechte Rhizome als \u00dcberdauerungsorgane. W\u00e4hrend der Wachstumszeit werden mehrere Neutriebe gebildet. So kommt es zu einer vegetativen Vermehrung. Der aufrechte St\u00e4ngel erreicht Wuchsh\u00f6hen von 20 bis 50 Zentimetern. Besonders kr\u00e4ftige Exemplare k\u00f6nnen bis zu 80 Zentimeter hoch werden. An seinem Grund sitzen zwei bis vier schuppenartige, gr\u00fcn oder violett \u00fcberlaufene Bl\u00e4tter. Die f\u00fcnf bis acht zweizeilig angeordneten Laubbl\u00e4tter sind im unteren Drittel des St\u00e4ngels lanzettlich bis eif\u00f6rmig spitz geformt mit einer L\u00e4nge von 5 bis 10 Zentimeter und einer Breite von 2 bis 4 Zentimeter. Dar\u00fcber sind sie tragblattartig geformt mit einer L\u00e4nge von 2 bis 4,5 Zentimeter.<br \/>\nIn Deutschland hatte die Sumpf-Stendelwurz einst eine weite Verbreitung. Die dichtesten Vorkommen liegen in Bayern in den Alpen und im Alpenvorland. In Th\u00fcringen, Brandenburg, Mecklenburg-Vorpommern und Baden-W\u00fcrttemberg gibt es ebenfalls noch in geringerem Ma\u00df mehrere aktuelle Nachweise. In den anderen Bundesl\u00e4ndern sind die Vorkommen selten oder sehr selten geworden und weit verstreut. N\u00f6rdlich der Mainlinie ist sie in Mitteleuropa seltener als s\u00fcdlich von ihr.<br \/>\nDie Sumpf-Stendelwurz braucht kalk- oder basenreichen, stickstoffarmen, sickerfeuchten oder zumindest zeitweise staunassen, feink\u00f6rnigen und humusreichen Boden. Sie kommt zuweilen auch in kalkfreien Feuchtgebieten vor. Sie besiedelt nasse D\u00fcnent\u00e4ler, Pfeifengraswiesen, Quell- und Niedermoore, sickernasse H\u00e4nge, Seeufer, wechselfeuchte Mulden in Flussauen und lichte Kiefern- und Pappelw\u00e4lder. Sie ist lichtliebend und daher auf eine niedrige Vegetation oder auf Mahd angewiesen. Zu n\u00e4hrstoffreiche B\u00f6den werden gemieden, ebenso eine zu starke Beschattung. Selten w\u00e4chst sie auf trockeneren B\u00f6den, zum Beispiel in Begleitung des <a href=\"http:\/\/woerrlein-naturfoto.de\/wordpress\/orchideen-a-z\/helm-knabenkraut\/\" target=\"_blank\" rel=\"noopener noreferrer\">Helm-Knabenkrauts<\/a>.<\/p>\n<p><strong>Bl\u00fctezeit:<\/strong>\u00a0\u00a0\u00a0\u00a0 Juni bis August<\/p>\n<p>Zur Galerie <a href=\"https:\/\/woerrlein-naturfoto.de\/wordpress\/hauptseite-pflanzen\/pflanzen\/blueten-i-orchideen-2\/stendelwurzen-epipactis\/\">Stendelwurzen<\/a><\/p>\n<p><em>Quelle des Textauszuges und weitere Infos bei <\/em><a href=\"https:\/\/de.wikipedia.org\/wiki\/Sumpf-Stendelwurz\" target=\"_blank\" rel=\"noopener noreferrer\">Wikipedia<\/a><em> (<\/em><a href=\"http:\/\/www.gnu.org\/licenses\/fdl-1.3.txt\" target=\"_blank\" rel=\"noopener noreferrer\">GNU-Lizenz<\/a><em>)\u2013 mein Dank gilt den <\/em><a href=\"https:\/\/de.wikipedia.org\/w\/index.php?title=Sumpf-Stendelwurz&amp;action=history\" target=\"_blank\" rel=\"noopener noreferrer\">Autoren<\/a><em>.<\/em><\/p>\n","protected":false},"excerpt":{"rendered":"<p>Pflanzen -&gt;Orchideen -&gt; Stendelwurzen (Epipactis) Pflanzen von A-Z Zur Galerie Stendelwurzen Die Sumpf-Stendelwurz (Epipactis palustris), die auch als Wei\u00dfe Sumpfwurz, Echte Sumpfwurz oder Sumpf-Sitter bekannt ist, ist eine Art aus der Gattung der Stendelwurzen (Epipactis) innerhalb der Familie der Orchideengew\u00e4chse. Die Namen nehmen Bezug auf die von dieser Art bevorzugten feuchten Standorte. Die Sumpf-Stendelwurz ist &hellip; <a href=\"https:\/\/woerrlein-naturfoto.de\/wordpress\/stendelwurzen-a-z\/sumpf-stendelwurz\/\" class=\"more-link\"><span class=\"screen-reader-text\">Sumpf-Stendelwurz<\/span> weiterlesen <span class=\"meta-nav\">&rarr;<\/span><\/a><\/p>\n","protected":false},"author":1,"featured_media":0,"parent":14239,"menu_order":0,"comment_status":"closed","ping_status":"closed","template":"page-templates\/full-width.php","meta":{"footnotes":""},"class_list":["post-11006","page","type-page","status-publish","hentry"],"_links":{"self":[{"href":"https:\/\/woerrlein-naturfoto.de\/wordpress\/wp-json\/wp\/v2\/pages\/11006","targetHints":{"allow":["GET"]}}],"collection":[{"href":"https:\/\/woerrlein-naturfoto.de\/wordpress\/wp-json\/wp\/v2\/pages"}],"about":[{"href":"https:\/\/woerrlein-naturfoto.de\/wordpress\/wp-json\/wp\/v2\/types\/page"}],"author":[{"embeddable":true,"href":"https:\/\/woerrlein-naturfoto.de\/wordpress\/wp-json\/wp\/v2\/users\/1"}],"replies":[{"embeddable":true,"href":"https:\/\/woerrlein-naturfoto.de\/wordpress\/wp-json\/wp\/v2\/comments?post=11006"}],"version-history":[{"count":13,"href":"https:\/\/woerrlein-naturfoto.de\/wordpress\/wp-json\/wp\/v2\/pages\/11006\/revisions"}],"predecessor-version":[{"id":14322,"href":"https:\/\/woerrlein-naturfoto.de\/wordpress\/wp-json\/wp\/v2\/pages\/11006\/revisions\/14322"}],"up":[{"embeddable":true,"href":"https:\/\/woerrlein-naturfoto.de\/wordpress\/wp-json\/wp\/v2\/pages\/14239"}],"wp:attachment":[{"href":"https:\/\/woerrlein-naturfoto.de\/wordpress\/wp-json\/wp\/v2\/media?parent=11006"}],"curies":[{"name":"wp","href":"https:\/\/api.w.org\/{rel}","templated":true}]}}