{"id":11000,"date":"2019-08-11T18:00:59","date_gmt":"2019-08-11T16:00:59","guid":{"rendered":"http:\/\/woerrlein-naturfoto.de\/wordpress\/?page_id=11000"},"modified":"2021-12-19T13:40:45","modified_gmt":"2021-12-19T12:40:45","slug":"bocks-riemenzunge","status":"publish","type":"page","link":"https:\/\/woerrlein-naturfoto.de\/wordpress\/verschiedene-orchideen-a-z\/bocks-riemenzunge\/","title":{"rendered":"Bocks-Riemenzunge"},"content":{"rendered":"<p><span style=\"color: #ffff66;\"><a style=\"color: #ffff66;\" href=\"http:\/\/woerrlein-naturfoto.de\/wordpress\/hauptseite-pflanzen\/pflanzen\/\"><span style=\"color: #ffff00;\">Pflanzen<\/span><\/a> <\/span>-&gt;<span style=\"color: #ffff66;\"><a style=\"color: #ffff66;\" href=\"http:\/\/woerrlein-naturfoto.de\/wordpress\/hauptseite-pflanzen\/pflanzen\/blueten-i-orchideen-2\/\"><span style=\"color: #ffff00;\">Orchideen <\/span><\/a><\/span>-&gt;<span style=\"color: #ffff00;\"> <a style=\"color: #ffff00;\" href=\"http:\/\/woerrlein-naturfoto.de\/wordpress\/hauptseite-pflanzen\/pflanzen\/blueten-i-orchideen\/\">verschiedene Orchideen<\/a><\/span><br \/>\n<a href=\"http:\/\/woerrlein-naturfoto.de\/wordpress\/pflanzen-von-a-z\/\">Pflanzen von A-Z<\/a><br \/>\nZur Galerie <a href=\"http:\/\/woerrlein-naturfoto.de\/wordpress\/hauptseite-pflanzen\/pflanzen\/blueten-i-orchideen\/\">verschiedene Orchideen<\/a><code><br \/>\n<\/code><br \/>\n<img loading=\"lazy\" decoding=\"async\" class=\"alignleft wp-image-10742\" src=\"http:\/\/woerrlein-naturfoto.de\/wordpress\/wp-content\/uploads\/2015\/01\/Bocks-Riemenzunge_D170525_3347-400x600.jpg\" alt=\"\" width=\"267\" height=\"400\" srcset=\"https:\/\/woerrlein-naturfoto.de\/wordpress\/wp-content\/uploads\/2015\/01\/Bocks-Riemenzunge_D170525_3347-400x600.jpg 400w, https:\/\/woerrlein-naturfoto.de\/wordpress\/wp-content\/uploads\/2015\/01\/Bocks-Riemenzunge_D170525_3347.jpg 567w\" sizes=\"auto, (max-width: 267px) 100vw, 267px\" \/>Die <b>Bocks-Riemenzunge<\/b> (<i>Himantoglossum hircinum<\/i>), auch <b>Bocksorchis<\/b> genannt, ist eine auff\u00e4llige, stattliche Pflanzenart aus der Gattung der Riemenzungen (<i>Himantoglossum<\/i>) in der Familie der Orchideen, die in den w\u00e4rmeren Gebieten Mitteleuropas vorkommt und in den letzten Jahren eine Ausbreitung ihres Areals erfahren hat.<br \/>\nDie Bocks-Riemenzunge ist eine ausdauernde krautige Pflanze, die Wuchsh\u00f6hen von 25 bis 100\u00a0cm erreicht, sehr kr\u00e4ftige Exemplare liegen auch dar\u00fcber. Dieser Geophyt bildet als \u00dcberdauerungsorgan gro\u00dfe, l\u00e4nglich-ovale Knollen. Die Laubbl\u00e4tter sind 7 bis 15\u00a0cm lang und etwa 3 bis 5\u00a0cm breit. Bereits vor Beginn der Bl\u00fctezeit beginnen sie zu welken.<br \/>\nDie Bocks-Riemenzunge ist vom westlichen Mittelmeergebiet bis Mitteleuropa verbreitet, stellenweise ist sie selten, kann aber auch sehr zahlreich auftreten. In Deutschland kommt die Bocks-Riemenzunge haupts\u00e4chlich in Baden-W\u00fcrttemberg, Rheinland-Pfalz, Saarland und <strong>Nordbayern<\/strong> vor. Wenige Standorte gibt es in Hessen, Th\u00fcringen, S\u00fcdniedersachsen und Sachsen-Anhalt. Die Art breitet sich langsam, aber stetig nach Norden aus. Sie erreicht mit der Linie Nordeifel-Th\u00fcringen etwa die Nordgrenze ihres Areals. In Mitteleuropa ist sie sehr selten, sie kommt an ihren Fundorten aber meist in lockeren, kleineren Best\u00e4nden vor. Bevorzugt werden Trockenrasen, Magerrasen, Streuobstwiesen an mehr oder weniger steil abfallenden H\u00e4ngen mit Ausrichtung nach Westen, S\u00fcden oder Osten. Auch auf nicht gepflegten, nicht zu stark verbuschten Fl\u00e4chen ist sie zu finden. Gelegentlich w\u00e4chst sie auch in dichtem, aber lichtem Geb\u00fcsch mit moosigem Boden. Sie kann auch schnell in aufgelassenen Weinbergen Fu\u00df fassen, die noch einen ruderalen Charakter aufweisen und deren B\u00f6den aber dennoch gen\u00fcgend stickstoffarm sind.<\/p>\n<p><strong>Bl\u00fctezeit:<\/strong>\u00a0\u00a0\u00a0\u00a0 in Mitteleuropa Mitte Mai bis Ende Juni<\/p>\n<p>Zur Galerie <a href=\"http:\/\/woerrlein-naturfoto.de\/wordpress\/hauptseite-pflanzen\/pflanzen\/blueten-i-orchideen\/\">verschiedene Orchideen<\/a><\/p>\n<p><em>Quelle des Textauszuges und weitere Infos bei <\/em><a href=\"https:\/\/de.wikipedia.org\/wiki\/Bocks-Riemenzunge\" target=\"_blank\" rel=\"noopener noreferrer\">Wikipedia<\/a><em> (<\/em><a href=\"http:\/\/www.gnu.org\/licenses\/fdl-1.3.txt\" target=\"_blank\" rel=\"noopener noreferrer\">GNU-Lizenz<\/a><em>)\u2013 mein Dank gilt den <\/em><a href=\"https:\/\/de.wikipedia.org\/w\/index.php?title=Bocks-Riemenzunge&amp;action=history\" target=\"_blank\" rel=\"noopener noreferrer\">Autoren<\/a><em>.<\/em><\/p>\n","protected":false},"excerpt":{"rendered":"<p>Pflanzen -&gt;Orchideen -&gt; verschiedene Orchideen Pflanzen von A-Z Zur Galerie verschiedene Orchideen Die Bocks-Riemenzunge (Himantoglossum hircinum), auch Bocksorchis genannt, ist eine auff\u00e4llige, stattliche Pflanzenart aus der Gattung der Riemenzungen (Himantoglossum) in der Familie der Orchideen, die in den w\u00e4rmeren Gebieten Mitteleuropas vorkommt und in den letzten Jahren eine Ausbreitung ihres Areals erfahren hat. Die Bocks-Riemenzunge &hellip; <a href=\"https:\/\/woerrlein-naturfoto.de\/wordpress\/verschiedene-orchideen-a-z\/bocks-riemenzunge\/\" class=\"more-link\"><span class=\"screen-reader-text\">Bocks-Riemenzunge<\/span> weiterlesen <span class=\"meta-nav\">&rarr;<\/span><\/a><\/p>\n","protected":false},"author":1,"featured_media":0,"parent":14214,"menu_order":0,"comment_status":"closed","ping_status":"closed","template":"page-templates\/full-width.php","meta":{"footnotes":""},"class_list":["post-11000","page","type-page","status-publish","hentry"],"_links":{"self":[{"href":"https:\/\/woerrlein-naturfoto.de\/wordpress\/wp-json\/wp\/v2\/pages\/11000","targetHints":{"allow":["GET"]}}],"collection":[{"href":"https:\/\/woerrlein-naturfoto.de\/wordpress\/wp-json\/wp\/v2\/pages"}],"about":[{"href":"https:\/\/woerrlein-naturfoto.de\/wordpress\/wp-json\/wp\/v2\/types\/page"}],"author":[{"embeddable":true,"href":"https:\/\/woerrlein-naturfoto.de\/wordpress\/wp-json\/wp\/v2\/users\/1"}],"replies":[{"embeddable":true,"href":"https:\/\/woerrlein-naturfoto.de\/wordpress\/wp-json\/wp\/v2\/comments?post=11000"}],"version-history":[{"count":7,"href":"https:\/\/woerrlein-naturfoto.de\/wordpress\/wp-json\/wp\/v2\/pages\/11000\/revisions"}],"predecessor-version":[{"id":14460,"href":"https:\/\/woerrlein-naturfoto.de\/wordpress\/wp-json\/wp\/v2\/pages\/11000\/revisions\/14460"}],"up":[{"embeddable":true,"href":"https:\/\/woerrlein-naturfoto.de\/wordpress\/wp-json\/wp\/v2\/pages\/14214"}],"wp:attachment":[{"href":"https:\/\/woerrlein-naturfoto.de\/wordpress\/wp-json\/wp\/v2\/media?parent=11000"}],"curies":[{"name":"wp","href":"https:\/\/api.w.org\/{rel}","templated":true}]}}