{"id":10995,"date":"2019-08-11T17:42:49","date_gmt":"2019-08-11T15:42:49","guid":{"rendered":"http:\/\/woerrlein-naturfoto.de\/wordpress\/?page_id=10995"},"modified":"2021-12-15T15:40:15","modified_gmt":"2021-12-15T14:40:15","slug":"dreizaehniges-knabenkraut","status":"publish","type":"page","link":"https:\/\/woerrlein-naturfoto.de\/wordpress\/knabenkraeuter-i-anacamptis-neotinea-a-z\/dreizaehniges-knabenkraut\/","title":{"rendered":"Dreiz\u00e4hniges Knabenkraut"},"content":{"rendered":"<p><span style=\"color: #ffff66;\"><a style=\"color: #ffff66;\" href=\"http:\/\/woerrlein-naturfoto.de\/wordpress\/hauptseite-pflanzen\/pflanzen\/\"><span style=\"color: #ffff00;\">Pflanzen<\/span><\/a> <\/span>-&gt;<span style=\"color: #ffff66;\"><a style=\"color: #ffff66;\" href=\"http:\/\/woerrlein-naturfoto.de\/wordpress\/hauptseite-pflanzen\/pflanzen\/blueten-i-orchideen-2\/\"><span style=\"color: #ffff00;\">Orchideen <\/span><\/a><\/span>-&gt;\u00a0<span style=\"color: #ffff00;\"><a style=\"color: #ffff00;\" href=\"http:\/\/woerrlein-naturfoto.de\/wordpress\/hauptseite-pflanzen\/pflanzen\/blueten-i-orchideen-2\/knabenktaeuter-i-anacamptis-neotinea\/\">Knabenkr\u00e4uter I (Anacanptis\/Neotinea)<\/a><code><\/code><\/span><br \/>\n<a href=\"http:\/\/woerrlein-naturfoto.de\/wordpress\/pflanzen-von-a-z\/\">Pflanzen von A-Z<\/a><br \/>\nZur Galerie <a href=\"http:\/\/woerrlein-naturfoto.de\/wordpress\/hauptseite-pflanzen\/pflanzen\/blueten-i-orchideen-2\/knabenktaeuter-i-anacamptis-neotinea\/\">Knabenkr\u00e4uter I<\/a><code><br \/>\n<\/code><br \/>\n<img loading=\"lazy\" decoding=\"async\" class=\"alignleft wp-image-10976\" src=\"http:\/\/woerrlein-naturfoto.de\/wordpress\/wp-content\/uploads\/2019\/08\/DreizaehnigesKnabenkraut_D20190430_0293-400x600.jpg\" alt=\"\" width=\"267\" height=\"400\" srcset=\"https:\/\/woerrlein-naturfoto.de\/wordpress\/wp-content\/uploads\/2019\/08\/DreizaehnigesKnabenkraut_D20190430_0293-400x600.jpg 400w, https:\/\/woerrlein-naturfoto.de\/wordpress\/wp-content\/uploads\/2019\/08\/DreizaehnigesKnabenkraut_D20190430_0293.jpg 567w\" sizes=\"auto, (max-width: 267px) 100vw, 267px\" \/>Das <b>Dreiz\u00e4hnige Knabenkraut<\/b> (<i>Neotinea tridentata<\/i>) geh\u00f6rt zur Gattung <i>Neotinea<\/i> in der Familie der Orchideengew\u00e4chse. Es ist eine Art mit mediterraner Hauptverbreitung, die in Mittel- und Ostdeutschland zwei isolierte Teilareale besiedelt.Fr\u00fcher z\u00e4hlte man es zur Gattung <i>Orchis<\/i>. Nach neueren molekulargenetischen Forschungen wird die Art zur Gattung <i>Neotinea<\/i> gerechnet.<br \/>\nDas Dreiz\u00e4hnige Knabenkraut ist eine ausdauernde, krautige Pflanze, die eine durchschnittliche Wuchsh\u00f6he von 15 bis 45 Zentimetern erreicht. Dieser Geophyt bildet kleine, kugelige bis eif\u00f6rmige Knollen als \u00dcberdauerungsorgane. Die drei bis sechs Laubbl\u00e4tter sind bl\u00e4ulichgr\u00fcn, ungefleckt und lanzettlich und stehen rosettig am St\u00e4ngelgrund. Sie sind etwa 4 bis 12 Zentimeter lang und etwa 1,1 bis 2,1 Zentimeter breit. Die oberen Bl\u00e4tter umfassen den St\u00e4ngel scheidig.<br \/>\nDas Dreiz\u00e4hnige Knabenkraut w\u00e4chst auf Trocken- und Halbtrockenrasen sowie Magerwiesen auf relativ trockenen basischen B\u00f6den, wobei f\u00fcr die mitteleurop\u00e4ischen Vorkommen eine Affinit\u00e4t zu <a title=\"Zechstein\" href=\"https:\/\/de.wikipedia.org\/wiki\/Zechstein\" target=\"_blank\" rel=\"noopener noreferrer\">Zechsteinuntergrund<\/a> unverkennbar ist.<\/p>\n<p><strong>Bl\u00fctezeit:<\/strong>\u00a0\u00a0\u00a0\u00a0 Ende April bis Mitte Mai<\/p>\n<p>Zur Galerie <a href=\"http:\/\/woerrlein-naturfoto.de\/wordpress\/hauptseite-pflanzen\/pflanzen\/blueten-i-orchideen-2\/knabenktaeuter-i-anacamptis-neotinea\/\">Knabenkr\u00e4uter I<\/a><br \/>\n<code><\/code><\/p>\n<p><em>Quelle des Textauszuges und weitere Infos bei <\/em><a href=\"https:\/\/de.wikipedia.org\/wiki\/Dreiz%C3%A4hniges_Knabenkraut\" target=\"_blank\" rel=\"noopener noreferrer\">Wikipedia<\/a><em> (<\/em><a href=\"http:\/\/www.gnu.org\/licenses\/fdl-1.3.txt\" target=\"_blank\" rel=\"noopener noreferrer\">GNU-Lizenz<\/a><em>)\u2013 mein Dank gilt den <\/em><a href=\"https:\/\/de.wikipedia.org\/w\/index.php?title=Dreiz%C3%A4hniges_Knabenkraut&amp;action=history\" target=\"_blank\" rel=\"noopener noreferrer\">Autoren<\/a><em>.<\/em><\/p>\n","protected":false},"excerpt":{"rendered":"<p>Pflanzen -&gt;Orchideen -&gt;\u00a0Knabenkr\u00e4uter I (Anacanptis\/Neotinea) Pflanzen von A-Z Zur Galerie Knabenkr\u00e4uter I Das Dreiz\u00e4hnige Knabenkraut (Neotinea tridentata) geh\u00f6rt zur Gattung Neotinea in der Familie der Orchideengew\u00e4chse. Es ist eine Art mit mediterraner Hauptverbreitung, die in Mittel- und Ostdeutschland zwei isolierte Teilareale besiedelt.Fr\u00fcher z\u00e4hlte man es zur Gattung Orchis. Nach neueren molekulargenetischen Forschungen wird die Art &hellip; <a href=\"https:\/\/woerrlein-naturfoto.de\/wordpress\/knabenkraeuter-i-anacamptis-neotinea-a-z\/dreizaehniges-knabenkraut\/\" class=\"more-link\"><span class=\"screen-reader-text\">Dreiz\u00e4hniges Knabenkraut<\/span> weiterlesen <span class=\"meta-nav\">&rarr;<\/span><\/a><\/p>\n","protected":false},"author":1,"featured_media":0,"parent":14208,"menu_order":0,"comment_status":"closed","ping_status":"closed","template":"page-templates\/full-width.php","meta":{"footnotes":""},"class_list":["post-10995","page","type-page","status-publish","hentry"],"_links":{"self":[{"href":"https:\/\/woerrlein-naturfoto.de\/wordpress\/wp-json\/wp\/v2\/pages\/10995","targetHints":{"allow":["GET"]}}],"collection":[{"href":"https:\/\/woerrlein-naturfoto.de\/wordpress\/wp-json\/wp\/v2\/pages"}],"about":[{"href":"https:\/\/woerrlein-naturfoto.de\/wordpress\/wp-json\/wp\/v2\/types\/page"}],"author":[{"embeddable":true,"href":"https:\/\/woerrlein-naturfoto.de\/wordpress\/wp-json\/wp\/v2\/users\/1"}],"replies":[{"embeddable":true,"href":"https:\/\/woerrlein-naturfoto.de\/wordpress\/wp-json\/wp\/v2\/comments?post=10995"}],"version-history":[{"count":5,"href":"https:\/\/woerrlein-naturfoto.de\/wordpress\/wp-json\/wp\/v2\/pages\/10995\/revisions"}],"predecessor-version":[{"id":14266,"href":"https:\/\/woerrlein-naturfoto.de\/wordpress\/wp-json\/wp\/v2\/pages\/10995\/revisions\/14266"}],"up":[{"embeddable":true,"href":"https:\/\/woerrlein-naturfoto.de\/wordpress\/wp-json\/wp\/v2\/pages\/14208"}],"wp:attachment":[{"href":"https:\/\/woerrlein-naturfoto.de\/wordpress\/wp-json\/wp\/v2\/media?parent=10995"}],"curies":[{"name":"wp","href":"https:\/\/api.w.org\/{rel}","templated":true}]}}