{"id":10722,"date":"2019-07-12T20:44:47","date_gmt":"2019-07-12T18:44:47","guid":{"rendered":"http:\/\/woerrlein-naturfoto.de\/wordpress\/?page_id=10722"},"modified":"2021-07-26T12:52:07","modified_gmt":"2021-07-26T10:52:07","slug":"schoenbaer","status":"publish","type":"page","link":"https:\/\/woerrlein-naturfoto.de\/wordpress\/nachtfalter-a-z\/schoenbaer\/","title":{"rendered":"Sch\u00f6nb\u00e4r"},"content":{"rendered":"<p><a href=\"http:\/\/woerrlein-naturfoto.de\/wordpress\/insekten\/\"><span style=\"color: #ffff66;\">Insekten<\/span> <\/a>-&gt;<a href=\"http:\/\/woerrlein-naturfoto.de\/wordpress\/hauptseite-insekten\/insekten\/schmetterlinge-2\/\"> <span style=\"color: #ffff66;\">Schmetterlinge<\/span><\/a>-&gt;<a href=\"https:\/\/woerrlein-naturfoto.de\/wordpress\/hauptseite-insekten\/insekten\/schmetterlinge-2\/nachtfalter\/\"><span style=\"color: #ffff66;\">Nachtfalter<\/span><\/a><br \/>\n<a title=\"Insekten A-Z\" href=\"http:\/\/woerrlein-naturfoto.de\/wordpress\/insekten-a-z\/\">Insekten von A-Z<\/a><br \/>\nzur Galerie <a href=\"https:\/\/woerrlein-naturfoto.de\/wordpress\/hauptseite-insekten\/insekten\/schmetterlinge-2\/nachtfalter\/\">Nachtfalter<\/a><\/p>\n<p><img loading=\"lazy\" decoding=\"async\" class=\"alignleft wp-image-10714\" src=\"http:\/\/woerrlein-naturfoto.de\/wordpress\/wp-content\/uploads\/2015\/01\/Schoenbaer_20190707_1876-400x600.jpg\" alt=\"\" width=\"267\" height=\"400\" srcset=\"https:\/\/woerrlein-naturfoto.de\/wordpress\/wp-content\/uploads\/2015\/01\/Schoenbaer_20190707_1876-400x600.jpg 400w, https:\/\/woerrlein-naturfoto.de\/wordpress\/wp-content\/uploads\/2015\/01\/Schoenbaer_20190707_1876.jpg 567w\" sizes=\"auto, (max-width: 267px) 100vw, 267px\" \/>Der <b>Sch\u00f6nb\u00e4r <\/b>(<i>Callimorpha dominula<\/i>) ist ein Schmetterling (Nachtfalter) aus der Unterfamilie der B\u00e4renspinner (Arctiinae). Der Sch\u00f6nb\u00e4r war <i><a title=\"Schmetterling des Jahres\" href=\"https:\/\/de.wikipedia.org\/wiki\/Schmetterling_des_Jahres\" target=\"_blank\" rel=\"noopener noreferrer\">Schmetterling des Jahres<\/a> 2010<\/i>.<br \/>\nDie schlanken Falter erreichen eine Fl\u00fcgelspannweite von 45 bis 60 Millimetern. Sie haben schwarze Vorderfl\u00fcgel mit gelben bzw. orangen und wei\u00dfen Flecken. Die Hinterfl\u00fcgel sind rot oder selten gelb und haben schwarze Flecken.<br \/>\nSie kommen in ganz Europa und Asien vor und bevorzugen sonnige bis halbschattige und feuchte Gebiete wie z.\u00a0B. Bachufer, Sumpf- und Teichgebiete und feuchte W\u00e4lder und Waldwiesen. Im s\u00fcddeutschen Bergland und in niederen Lagen in den Alpen sind sie stellenweise sehr h\u00e4ufig. In Norddeutschland sind sie selten. Die Tiere sind vorwiegend nachtaktiv, fliegen aber auch am Tag. Sie leben in einer Generation pro Jahr. \u00c4hnlich wie der Russische B\u00e4r besuchen sie auch Bl\u00fcten um Nektar zu saugen.<br \/>\nDie Weibchen legen ihre Eier in kleinen Gruppen nebeneinander unter Bl\u00e4tter. Die schl\u00fcpfenden Raupen leben zun\u00e4chst in Gruppen und \u00fcberwintern auch gemeinsam zwischen Laub, werden aber nach dem \u00dcberwintern Einzelg\u00e4nger. Sie verpuppen sich in einem weichen, wei\u00df-grauen Gespinst am Boden. Die Falter schl\u00fcpfen im Juni.<\/p>\n<p><strong>Flugzeit:<\/strong>\u00a0\u00a0\u00a0\u00a0 Juni und Juli<\/p>\n<p>Zur Galerie <a href=\"https:\/\/woerrlein-naturfoto.de\/wordpress\/hauptseite-insekten\/insekten\/schmetterlinge-2\/nachtfalter\/\">Nachtfalter<\/a><\/p>\n<p><em>Quelle des Textauszuges und weitere Infos bei <\/em><a href=\"https:\/\/de.wikipedia.org\/wiki\/Sch%C3%B6nb%C3%A4r\" target=\"_blank\" rel=\"noopener noreferrer\">Wikipedia<\/a><em> (<\/em><a href=\"http:\/\/www.gnu.org\/licenses\/fdl-1.3.txt\" target=\"_blank\" rel=\"noopener noreferrer\">GNU-Lizenz<\/a><em>)\u2013 mein Dank gilt den <\/em><a href=\"https:\/\/de.wikipedia.org\/w\/index.php?title=Sch%C3%B6nb%C3%A4r&amp;action=history\" target=\"_blank\" rel=\"noopener noreferrer\">Autoren<\/a><em>.<\/em><\/p>\n","protected":false},"excerpt":{"rendered":"<p>Insekten -&gt; Schmetterlinge-&gt;Nachtfalter Insekten von A-Z zur Galerie Nachtfalter Der Sch\u00f6nb\u00e4r (Callimorpha dominula) ist ein Schmetterling (Nachtfalter) aus der Unterfamilie der B\u00e4renspinner (Arctiinae). Der Sch\u00f6nb\u00e4r war Schmetterling des Jahres 2010. Die schlanken Falter erreichen eine Fl\u00fcgelspannweite von 45 bis 60 Millimetern. Sie haben schwarze Vorderfl\u00fcgel mit gelben bzw. orangen und wei\u00dfen Flecken. Die Hinterfl\u00fcgel sind &hellip; <a href=\"https:\/\/woerrlein-naturfoto.de\/wordpress\/nachtfalter-a-z\/schoenbaer\/\" class=\"more-link\"><span class=\"screen-reader-text\">Sch\u00f6nb\u00e4r<\/span> weiterlesen <span class=\"meta-nav\">&rarr;<\/span><\/a><\/p>\n","protected":false},"author":1,"featured_media":0,"parent":11172,"menu_order":0,"comment_status":"closed","ping_status":"closed","template":"page-templates\/full-width.php","meta":{"footnotes":""},"class_list":["post-10722","page","type-page","status-publish","hentry"],"_links":{"self":[{"href":"https:\/\/woerrlein-naturfoto.de\/wordpress\/wp-json\/wp\/v2\/pages\/10722","targetHints":{"allow":["GET"]}}],"collection":[{"href":"https:\/\/woerrlein-naturfoto.de\/wordpress\/wp-json\/wp\/v2\/pages"}],"about":[{"href":"https:\/\/woerrlein-naturfoto.de\/wordpress\/wp-json\/wp\/v2\/types\/page"}],"author":[{"embeddable":true,"href":"https:\/\/woerrlein-naturfoto.de\/wordpress\/wp-json\/wp\/v2\/users\/1"}],"replies":[{"embeddable":true,"href":"https:\/\/woerrlein-naturfoto.de\/wordpress\/wp-json\/wp\/v2\/comments?post=10722"}],"version-history":[{"count":7,"href":"https:\/\/woerrlein-naturfoto.de\/wordpress\/wp-json\/wp\/v2\/pages\/10722\/revisions"}],"predecessor-version":[{"id":13253,"href":"https:\/\/woerrlein-naturfoto.de\/wordpress\/wp-json\/wp\/v2\/pages\/10722\/revisions\/13253"}],"up":[{"embeddable":true,"href":"https:\/\/woerrlein-naturfoto.de\/wordpress\/wp-json\/wp\/v2\/pages\/11172"}],"wp:attachment":[{"href":"https:\/\/woerrlein-naturfoto.de\/wordpress\/wp-json\/wp\/v2\/media?parent=10722"}],"curies":[{"name":"wp","href":"https:\/\/api.w.org\/{rel}","templated":true}]}}