{"id":10673,"date":"2019-06-10T15:54:59","date_gmt":"2019-06-10T13:54:59","guid":{"rendered":"http:\/\/woerrlein-naturfoto.de\/wordpress\/?page_id=10673"},"modified":"2019-06-10T15:59:34","modified_gmt":"2019-06-10T13:59:34","slug":"schilfrohrsaenger","status":"publish","type":"page","link":"https:\/\/woerrlein-naturfoto.de\/wordpress\/zweigsaenger-a-z\/schilfrohrsaenger\/","title":{"rendered":"Schilfrohrs\u00e4nger"},"content":{"rendered":"<p><a href=\"http:\/\/woerrlein-naturfoto.de\/wordpress\/voegel\/\"><span style=\"color: #ffff66;\">V\u00f6gel<\/span> <\/a>-&gt;<a href=\"http:\/\/woerrlein-naturfoto.de\/wordpress\/voegel\/sperlingsvoegel\/\"> <span style=\"color: #ffff66;\">Sperlingsv\u00f6gel<\/span> <\/a>-&gt;<a href=\"http:\/\/woerrlein-naturfoto.de\/wordpress\/hauptseite-voegel\/voegel\/sperlingsvoegel-2\/zweigsaenger\/\"> <span style=\"color: #ffff66;\">Zweigs\u00e4nger<\/span><\/a><br \/>\n<a title=\"V\u00f6gel von A-Z\" href=\"http:\/\/woerrlein-naturfoto.de\/wordpress\/voegel\/voegel_von_a-z\/\">V\u00f6gel von A-Z<\/a><br \/>\nzur Galerie <a title=\"Zweigs\u00e4nger\" href=\"http:\/\/woerrlein-naturfoto.de\/wordpress\/hauptseite-voegel\/voegel\/sperlingsvoegel-2\/zweigsaenger\/\">Zweigs\u00e4nger<\/a><\/p>\n<p><img loading=\"lazy\" decoding=\"async\" class=\"alignleft wp-image-10630\" src=\"http:\/\/woerrlein-naturfoto.de\/wordpress\/wp-content\/uploads\/2019\/06\/Schilfrohrsaenger_AW15477L_3857x2571-600x400.jpg\" alt=\"\" width=\"600\" height=\"400\" \/>Der <b>Schilfrohrs\u00e4nger<\/b> (<i>Acrocephalus schoenobaenus<\/i>) ist ein Singvogel aus der Gattung der Rohrs\u00e4nger (<i>Acrocephalus<\/i>). Es werden keine Unterarten unterschieden.<br \/>\nVom S\u00fcdwesten Mitteleuropas abgesehen, ist der Schilfrohrs\u00e4nger in weiten Teilen Mitteleuropas ein verbreiteter Brut- und Sommervogel. Im gesamten Mitteleuropa tritt er jedoch als Durchz\u00fcgler und Rastvogel auf.<br \/>\nIn Europa ist der Langstreckenzieher von April bis Oktober anwesend. Sein Winterquartier hat er s\u00fcdlich der Sahara in Afrika. Abreisezeit und Zugrichtung sind ihm angeboren. Um die rund 6.000 Kilometer gut zu \u00fcberstehen, legt der Nachtzieher Fettreserven an. Der Schilfrohrs\u00e4nger lebt im dichten Schilf und Ufergeb\u00fcsch, in Mooren, S\u00fcmpfen, auf Feuchtwiesen und im Kulturland. Er ern\u00e4hrt sich von Insekten, Spinnentieren, kleineren Weichtieren und Beeren.<\/p>\n<p>L\u00e4nge: 13 cm\u00a0\u00a0 Spannweite: 17-21 cm\u00a0\u00a0 Gewicht: 9,5-13,5 g\u00a0\u00a0 Gelege: 5-6 Eier<\/p>\n<p>Zur Galerie <a title=\"Zweigs\u00e4nger\" href=\"http:\/\/woerrlein-naturfoto.de\/wordpress\/hauptseite-voegel\/voegel\/sperlingsvoegel-2\/zweigsaenger\/\">Zweigs\u00e4nger<\/a><\/p>\n<p><em>Quelle des Textauszuges und weitere Infos bei <\/em><a href=\"https:\/\/de.wikipedia.org\/wiki\/Schilfrohrs%C3%A4nger\" target=\"_blank\" rel=\"noopener noreferrer\">Wikipedia<\/a> <em>(<\/em><a href=\"http:\/\/www.gnu.org\/licenses\/fdl-1.3.txt\" target=\"_blank\" rel=\"noopener noreferrer\">GNU-Lizenz<\/a><em>)<\/em> \u2013 <em>mein Dank gilt den<\/em> <a href=\"https:\/\/de.wikipedia.org\/w\/index.php?title=Schilfrohrs%C3%A4nger&amp;action=history\" target=\"_blank\" rel=\"noopener noreferrer\">Autoren<\/a>.<\/p>\n","protected":false},"excerpt":{"rendered":"<p>V\u00f6gel -&gt; Sperlingsv\u00f6gel -&gt; Zweigs\u00e4nger V\u00f6gel von A-Z zur Galerie Zweigs\u00e4nger Der Schilfrohrs\u00e4nger (Acrocephalus schoenobaenus) ist ein Singvogel aus der Gattung der Rohrs\u00e4nger (Acrocephalus). Es werden keine Unterarten unterschieden. Vom S\u00fcdwesten Mitteleuropas abgesehen, ist der Schilfrohrs\u00e4nger in weiten Teilen Mitteleuropas ein verbreiteter Brut- und Sommervogel. Im gesamten Mitteleuropa tritt er jedoch als Durchz\u00fcgler und Rastvogel &hellip; <a href=\"https:\/\/woerrlein-naturfoto.de\/wordpress\/zweigsaenger-a-z\/schilfrohrsaenger\/\" class=\"more-link\"><span class=\"screen-reader-text\">Schilfrohrs\u00e4nger<\/span> weiterlesen <span class=\"meta-nav\">&rarr;<\/span><\/a><\/p>\n","protected":false},"author":1,"featured_media":0,"parent":3021,"menu_order":0,"comment_status":"closed","ping_status":"closed","template":"page-templates\/full-width.php","meta":{"footnotes":""},"class_list":["post-10673","page","type-page","status-publish","hentry"],"_links":{"self":[{"href":"https:\/\/woerrlein-naturfoto.de\/wordpress\/wp-json\/wp\/v2\/pages\/10673","targetHints":{"allow":["GET"]}}],"collection":[{"href":"https:\/\/woerrlein-naturfoto.de\/wordpress\/wp-json\/wp\/v2\/pages"}],"about":[{"href":"https:\/\/woerrlein-naturfoto.de\/wordpress\/wp-json\/wp\/v2\/types\/page"}],"author":[{"embeddable":true,"href":"https:\/\/woerrlein-naturfoto.de\/wordpress\/wp-json\/wp\/v2\/users\/1"}],"replies":[{"embeddable":true,"href":"https:\/\/woerrlein-naturfoto.de\/wordpress\/wp-json\/wp\/v2\/comments?post=10673"}],"version-history":[{"count":4,"href":"https:\/\/woerrlein-naturfoto.de\/wordpress\/wp-json\/wp\/v2\/pages\/10673\/revisions"}],"predecessor-version":[{"id":10677,"href":"https:\/\/woerrlein-naturfoto.de\/wordpress\/wp-json\/wp\/v2\/pages\/10673\/revisions\/10677"}],"up":[{"embeddable":true,"href":"https:\/\/woerrlein-naturfoto.de\/wordpress\/wp-json\/wp\/v2\/pages\/3021"}],"wp:attachment":[{"href":"https:\/\/woerrlein-naturfoto.de\/wordpress\/wp-json\/wp\/v2\/media?parent=10673"}],"curies":[{"name":"wp","href":"https:\/\/api.w.org\/{rel}","templated":true}]}}