{"id":10522,"date":"2019-01-13T11:41:15","date_gmt":"2019-01-13T10:41:15","guid":{"rendered":"http:\/\/woerrlein-naturfoto.de\/wordpress\/?page_id=10522"},"modified":"2021-12-15T15:05:10","modified_gmt":"2021-12-15T14:05:10","slug":"pyramiden-hundswurz","status":"publish","type":"page","link":"https:\/\/woerrlein-naturfoto.de\/wordpress\/knabenkraeuter-i-anacamptis-neotinea-a-z\/pyramiden-hundswurz\/","title":{"rendered":"Pyramiden-Hundswurz"},"content":{"rendered":"<p><span style=\"color: #ffff66;\"><a style=\"color: #ffff66;\" href=\"http:\/\/woerrlein-naturfoto.de\/wordpress\/hauptseite-pflanzen\/pflanzen\/\"><span style=\"color: #ffff00;\">Pflanzen<\/span><\/a> <\/span>-&gt;<span style=\"color: #ffff66;\"><a style=\"color: #ffff66;\" href=\"http:\/\/woerrlein-naturfoto.de\/wordpress\/hauptseite-pflanzen\/pflanzen\/blueten-i-orchideen-2\/\"><span style=\"color: #ffff00;\">Orchideen <\/span><\/a><\/span>-&gt;\u00a0<span style=\"color: #ffff00;\"><a style=\"color: #ffff00;\" href=\"http:\/\/woerrlein-naturfoto.de\/wordpress\/hauptseite-pflanzen\/pflanzen\/blueten-i-orchideen-2\/knabenktaeuter-i-anacamptis-neotinea\/\">Knabenkr\u00e4uter I (Anacamptis\/Neotinea)<\/a><\/span><br \/>\n<a href=\"http:\/\/woerrlein-naturfoto.de\/wordpress\/pflanzen-von-a-z\/\">Pflanzen von A-Z<\/a><br \/>\nZur Galerie <a href=\"http:\/\/woerrlein-naturfoto.de\/wordpress\/hauptseite-pflanzen\/pflanzen\/blueten-i-orchideen-2\/knabenktaeuter-i-anacamptis-neotinea\/\">Knabenkr\u00e4uter I<\/a><\/p>\n<p><img loading=\"lazy\" decoding=\"async\" class=\"alignleft wp-image-10490\" src=\"http:\/\/woerrlein-naturfoto.de\/wordpress\/wp-content\/uploads\/2015\/07\/Pyramidenhundswurz_D180622_2093-600x400.jpg\" alt=\"\" width=\"600\" height=\"400\" srcset=\"https:\/\/woerrlein-naturfoto.de\/wordpress\/wp-content\/uploads\/2015\/07\/Pyramidenhundswurz_D180622_2093-600x400.jpg 600w, https:\/\/woerrlein-naturfoto.de\/wordpress\/wp-content\/uploads\/2015\/07\/Pyramidenhundswurz_D180622_2093-768x512.jpg 768w, https:\/\/woerrlein-naturfoto.de\/wordpress\/wp-content\/uploads\/2015\/07\/Pyramidenhundswurz_D180622_2093-120x80.jpg 120w, https:\/\/woerrlein-naturfoto.de\/wordpress\/wp-content\/uploads\/2015\/07\/Pyramidenhundswurz_D180622_2093.jpg 1000w\" sizes=\"auto, (max-width: 600px) 100vw, 600px\" \/>Die <b>Pyramiden-Hundswurz<\/b> (<i>Anacamptis pyramidalis<\/i>), auch <b>Pyramidenorchis<\/b>, <b>Spitzorchis<\/b>, <b>Kammstendel<\/b> oder <b>Pyramidenstendel<\/b> genannt, geh\u00f6rt zur Gattung der Hundswurzen in der Familie der Orchideen.<br \/>\nUm auf die besondere Schutzw\u00fcrdigkeit dieser Art aufmerksam zu machen, wurde die Pyramiden-Hundswurz vom <a class=\"mw-redirect\" title=\"Arbeitskreis Heimische Orchideen\" href=\"http:\/\/www.aho-bayern.de\/\" target=\"_blank\" rel=\"noopener noreferrer\">Arbeitskreis Heimische Orchideen<\/a> zur <a title=\"Orchidee des Jahres\" href=\"https:\/\/de.wikipedia.org\/wiki\/Orchidee_des_Jahres\" target=\"_blank\" rel=\"noopener noreferrer\">Orchidee des Jahres<\/a> <a title=\"1990\" href=\"https:\/\/de.wikipedia.org\/wiki\/1990\">1990<\/a> gew\u00e4hlt.<br \/>\nDie Pyramiden-Hundswurz ist eine sommergr\u00fcne, ausdauernde, krautige Pflanze, die Wuchsh\u00f6hen von 20 bis 40 Zentimetern erreicht. Die zwittrigen Bl\u00fcten sind <a title=\"Zygomorph\" href=\"https:\/\/de.wikipedia.org\/wiki\/Zygomorph\" target=\"_blank\" rel=\"noopener noreferrer\">zygomorph<\/a> und dreiz\u00e4hlig. Die Bl\u00fctenh\u00fcllbl\u00e4tter sind leuchtend hellrot bis dunkel-purpurrot. Besonders die kr\u00e4ftige purpurrote Farbe l\u00e4sst sich fotografisch kaum wiedergeben.<br \/>\nDie Pyramiden-Hundswurz gedeiht am besten auf gut mit Humus durchsetzten, kalkreichen, lockeren und daher nicht selten steinigen Lehmb\u00f6den, sie geht aber auch auf lockeren L\u00f6ss. Sie besiedelt in Mitteleuropa Gegenden mit warmem Klima Trockenrasen, lichte Geb\u00fcsche, aber auch feuchte Streuwiesen.<\/p>\n<p><strong>Bl\u00fctezeit:<\/strong>\u00a0\u00a0\u00a0\u00a0 Mai bis Juli<\/p>\n<p>Zur Galerie <a href=\"http:\/\/woerrlein-naturfoto.de\/wordpress\/hauptseite-pflanzen\/pflanzen\/blueten-i-orchideen-2\/knabenktaeuter-i-anacamptis-neotinea\/\">Knabenkr\u00e4uter I<\/a><\/p>\n<p><em>Quelle des Textauszuges und weitere Infos bei <\/em><a href=\"https:\/\/de.wikipedia.org\/wiki\/Pyramiden-Hundswurz\" target=\"_blank\" rel=\"noopener noreferrer\">Wikipedia<\/a><em> (<\/em><a href=\"http:\/\/www.gnu.org\/licenses\/fdl-1.3.txt\" target=\"_blank\" rel=\"noopener noreferrer\">GNU-Lizenz<\/a><em>)\u2013 mein Dank gilt den <\/em><a href=\"https:\/\/de.wikipedia.org\/w\/index.php?title=Pyramiden-Hundswurz&amp;action=history\" target=\"_blank\" rel=\"noopener noreferrer\">Autoren<\/a><em>.<\/em><\/p>\n","protected":false},"excerpt":{"rendered":"<p>Pflanzen -&gt;Orchideen -&gt;\u00a0Knabenkr\u00e4uter I (Anacamptis\/Neotinea) Pflanzen von A-Z Zur Galerie Knabenkr\u00e4uter I Die Pyramiden-Hundswurz (Anacamptis pyramidalis), auch Pyramidenorchis, Spitzorchis, Kammstendel oder Pyramidenstendel genannt, geh\u00f6rt zur Gattung der Hundswurzen in der Familie der Orchideen. Um auf die besondere Schutzw\u00fcrdigkeit dieser Art aufmerksam zu machen, wurde die Pyramiden-Hundswurz vom Arbeitskreis Heimische Orchideen zur Orchidee des Jahres 1990 &hellip; <a href=\"https:\/\/woerrlein-naturfoto.de\/wordpress\/knabenkraeuter-i-anacamptis-neotinea-a-z\/pyramiden-hundswurz\/\" class=\"more-link\"><span class=\"screen-reader-text\">Pyramiden-Hundswurz<\/span> weiterlesen <span class=\"meta-nav\">&rarr;<\/span><\/a><\/p>\n","protected":false},"author":1,"featured_media":0,"parent":14208,"menu_order":0,"comment_status":"closed","ping_status":"closed","template":"page-templates\/full-width.php","meta":{"footnotes":""},"class_list":["post-10522","page","type-page","status-publish","hentry"],"_links":{"self":[{"href":"https:\/\/woerrlein-naturfoto.de\/wordpress\/wp-json\/wp\/v2\/pages\/10522","targetHints":{"allow":["GET"]}}],"collection":[{"href":"https:\/\/woerrlein-naturfoto.de\/wordpress\/wp-json\/wp\/v2\/pages"}],"about":[{"href":"https:\/\/woerrlein-naturfoto.de\/wordpress\/wp-json\/wp\/v2\/types\/page"}],"author":[{"embeddable":true,"href":"https:\/\/woerrlein-naturfoto.de\/wordpress\/wp-json\/wp\/v2\/users\/1"}],"replies":[{"embeddable":true,"href":"https:\/\/woerrlein-naturfoto.de\/wordpress\/wp-json\/wp\/v2\/comments?post=10522"}],"version-history":[{"count":10,"href":"https:\/\/woerrlein-naturfoto.de\/wordpress\/wp-json\/wp\/v2\/pages\/10522\/revisions"}],"predecessor-version":[{"id":14244,"href":"https:\/\/woerrlein-naturfoto.de\/wordpress\/wp-json\/wp\/v2\/pages\/10522\/revisions\/14244"}],"up":[{"embeddable":true,"href":"https:\/\/woerrlein-naturfoto.de\/wordpress\/wp-json\/wp\/v2\/pages\/14208"}],"wp:attachment":[{"href":"https:\/\/woerrlein-naturfoto.de\/wordpress\/wp-json\/wp\/v2\/media?parent=10522"}],"curies":[{"name":"wp","href":"https:\/\/api.w.org\/{rel}","templated":true}]}}