{"id":1052,"date":"2014-08-24T22:49:04","date_gmt":"2014-08-24T20:49:04","guid":{"rendered":"http:\/\/woerrlein-naturfoto.de\/wordpress\/?page_id=1052"},"modified":"2024-10-13T10:49:35","modified_gmt":"2024-10-13T08:49:35","slug":"sandregenpfeifer","status":"publish","type":"page","link":"https:\/\/woerrlein-naturfoto.de\/wordpress\/regenpfeifer-a-z\/sandregenpfeifer\/","title":{"rendered":"Sandregenpfeifer"},"content":{"rendered":"<p><a href=\"http:\/\/woerrlein-naturfoto.de\/wordpress\/voegel\/\"><span style=\"color: #ffff66;\">V\u00f6gel<\/span> <\/a>-&gt;<a href=\"http:\/\/woerrlein-naturfoto.de\/wordpress\/hauptseite-voegel\/voegel\/watvoegel-2\"> <span style=\"color: #ffff66;\">Watv\u00f6gel<\/span> <\/a>-&gt;<a href=\"http:\/\/woerrlein-naturfoto.de\/wordpress\/hauptseite-voegel\/voegel\/watvoegel\/regenpfeifer\/\"> <span style=\"color: #ffff66;\">Regenpfeifer<\/span><\/a><br \/>\n<a title=\"V\u00f6gel von A-Z\" href=\"http:\/\/woerrlein-naturfoto.de\/wordpress\/voegel\/voegel_von_a-z\/\">V\u00f6gel von A-Z<\/a><br \/>\nZur Galerie <a title=\"Regenpfeifer\" href=\"http:\/\/woerrlein-naturfoto.de\/wordpress\/hauptseite-voegel\/voegel\/watvoegel\/regenpfeifer\/\">Regenpfeifer<\/a><\/p>\n<p><img loading=\"lazy\" decoding=\"async\" class=\"alignleft wp-image-17713\" src=\"https:\/\/woerrlein-naturfoto.de\/wordpress\/wp-content\/uploads\/2023\/12\/Sandregenpfeifer_230610_5034-600x400.jpg\" alt=\"\" width=\"600\" height=\"400\" srcset=\"https:\/\/woerrlein-naturfoto.de\/wordpress\/wp-content\/uploads\/2023\/12\/Sandregenpfeifer_230610_5034-600x400.jpg 600w, https:\/\/woerrlein-naturfoto.de\/wordpress\/wp-content\/uploads\/2023\/12\/Sandregenpfeifer_230610_5034-768x512.jpg 768w, https:\/\/woerrlein-naturfoto.de\/wordpress\/wp-content\/uploads\/2023\/12\/Sandregenpfeifer_230610_5034-120x80.jpg 120w, https:\/\/woerrlein-naturfoto.de\/wordpress\/wp-content\/uploads\/2023\/12\/Sandregenpfeifer_230610_5034.jpg 1000w\" sizes=\"auto, (max-width: 600px) 100vw, 600px\" \/>Der <b>Sandregenpfeifer<\/b> <em>(Charadrius hiaticula)<\/em> ist eine Vogelart aus der Familie der Regenpfeifer. Er ist ein Brutvogel im Norden Europas, Asiens, S\u00fcd- und Nordamerikas. In Mitteleuropa br\u00fctet er im K\u00fcstengebiet der Nord- und Ostsee. Wegen der gro\u00dfen Zahl an Sandregenpfeifern, die sich auf dem Fr\u00fchjahrszug im Wattenmeer vor der schleswig-holsteinischen K\u00fcste versammeln, gilt diese Region als der wichtigste Rastplatz dieser Art. Im Binnenland ist er besonders im April und Mai sowie von August bis Oktober ein Durchzieher. Der Sandregenpfeifer ern\u00e4hrt sich von W\u00fcrmern, Schnecken, Krebstieren, Spinnen, Insekten und deren Larven. \u00c4hnlich wie die meisten Regenpfeifer erfolgt die Nahrungsaufnahme in einem Rhythmus, der aus einem schnellen Laufen, einem abrupten Abstoppen und einem Picken besteht. Sehr h\u00e4ufig kommt es dabei zu einem <i>Fu\u00dftrillern<\/i>, bei dem der Vogel in rascher Folge auf der Stelle tritt. Dieses Verhalten dient vermutlich dazu, Beutetiere an die Oberfl\u00e4che zu locken.<\/p>\n<p>L\u00e4nge: 18-20 cm\u00a0\u00a0 Spannweite: 48-57 cm\u00a0\u00a0 Gewicht: 54-74 g\u00a0\u00a0 Gelege: 3-4 Eier<\/p>\n<p>Zur Galerie <a title=\"Regenpfeifer\" href=\"http:\/\/woerrlein-naturfoto.de\/wordpress\/hauptseite-voegel\/voegel\/watvoegel\/regenpfeifer\/\">Regenpfeifer<\/a><\/p>\n<p>&nbsp;<\/p>\n<p><em>Quelle des Textauszuges und weitere Infos bei <\/em><a href=\"http:\/\/de.wikipedia.org\/wiki\/Sandregenpfeifer\" target=\"_blank\" rel=\"noopener\">Wikipedia<\/a> <em>(<\/em><a href=\"http:\/\/www.gnu.org\/licenses\/fdl-1.3.txt\" target=\"_blank\" rel=\"noopener\">GNU-Lizenz<\/a><em>)<\/em> \u2013 <em>mein Dank gilt den<\/em> <a href=\"http:\/\/de.wikipedia.org\/w\/index.php?title=Sandregenpfeifer&amp;action=history\" target=\"_blank\" rel=\"noopener\">Autoren<\/a>.<\/p>\n","protected":false},"excerpt":{"rendered":"<p>V\u00f6gel -&gt; Watv\u00f6gel -&gt; Regenpfeifer V\u00f6gel von A-Z Zur Galerie Regenpfeifer Der Sandregenpfeifer (Charadrius hiaticula) ist eine Vogelart aus der Familie der Regenpfeifer. Er ist ein Brutvogel im Norden Europas, Asiens, S\u00fcd- und Nordamerikas. In Mitteleuropa br\u00fctet er im K\u00fcstengebiet der Nord- und Ostsee. Wegen der gro\u00dfen Zahl an Sandregenpfeifern, die sich auf dem Fr\u00fchjahrszug &hellip; <a href=\"https:\/\/woerrlein-naturfoto.de\/wordpress\/regenpfeifer-a-z\/sandregenpfeifer\/\" class=\"more-link\"><span class=\"screen-reader-text\">Sandregenpfeifer<\/span> weiterlesen <span class=\"meta-nav\">&rarr;<\/span><\/a><\/p>\n","protected":false},"author":1,"featured_media":0,"parent":1044,"menu_order":0,"comment_status":"closed","ping_status":"closed","template":"page-templates\/full-width.php","meta":{"footnotes":""},"class_list":["post-1052","page","type-page","status-publish","hentry"],"_links":{"self":[{"href":"https:\/\/woerrlein-naturfoto.de\/wordpress\/wp-json\/wp\/v2\/pages\/1052","targetHints":{"allow":["GET"]}}],"collection":[{"href":"https:\/\/woerrlein-naturfoto.de\/wordpress\/wp-json\/wp\/v2\/pages"}],"about":[{"href":"https:\/\/woerrlein-naturfoto.de\/wordpress\/wp-json\/wp\/v2\/types\/page"}],"author":[{"embeddable":true,"href":"https:\/\/woerrlein-naturfoto.de\/wordpress\/wp-json\/wp\/v2\/users\/1"}],"replies":[{"embeddable":true,"href":"https:\/\/woerrlein-naturfoto.de\/wordpress\/wp-json\/wp\/v2\/comments?post=1052"}],"version-history":[{"count":15,"href":"https:\/\/woerrlein-naturfoto.de\/wordpress\/wp-json\/wp\/v2\/pages\/1052\/revisions"}],"predecessor-version":[{"id":18967,"href":"https:\/\/woerrlein-naturfoto.de\/wordpress\/wp-json\/wp\/v2\/pages\/1052\/revisions\/18967"}],"up":[{"embeddable":true,"href":"https:\/\/woerrlein-naturfoto.de\/wordpress\/wp-json\/wp\/v2\/pages\/1044"}],"wp:attachment":[{"href":"https:\/\/woerrlein-naturfoto.de\/wordpress\/wp-json\/wp\/v2\/media?parent=1052"}],"curies":[{"name":"wp","href":"https:\/\/api.w.org\/{rel}","templated":true}]}}