{"id":10511,"date":"2019-01-13T11:09:52","date_gmt":"2019-01-13T10:09:52","guid":{"rendered":"http:\/\/woerrlein-naturfoto.de\/wordpress\/?page_id=10511"},"modified":"2022-06-17T17:10:44","modified_gmt":"2022-06-17T15:10:44","slug":"geflecktes-knabenkraut","status":"publish","type":"page","link":"https:\/\/woerrlein-naturfoto.de\/wordpress\/knabenkraeuter-ii-dactylorhiza-a-z\/geflecktes-knabenkraut\/","title":{"rendered":"Geflecktes Knabenkraut"},"content":{"rendered":"<p><span style=\"color: #ffff66;\"><a style=\"color: #ffff66;\" href=\"http:\/\/woerrlein-naturfoto.de\/wordpress\/hauptseite-pflanzen\/pflanzen\/\"><span style=\"color: #ffff00;\">Pflanzen<\/span><\/a> <\/span>-&gt;<span style=\"color: #ffff66;\"><a style=\"color: #ffff66;\" href=\"http:\/\/woerrlein-naturfoto.de\/wordpress\/hauptseite-pflanzen\/pflanzen\/blueten-i-orchideen-2\/\"><span style=\"color: #ffff00;\">Orchideen <\/span><\/a><\/span>-&gt;\u00a0<span style=\"color: #ffff00;\"><a style=\"color: #ffff00;\" href=\"https:\/\/woerrlein-naturfoto.de\/wordpress\/hauptseite-pflanzen\/pflanzen\/blueten-i-orchideen-2\/knabenkraeuter\/\">Knabenkr\u00e4uter II (Dactylorhiza)<\/a><\/span><br \/>\n<a href=\"http:\/\/woerrlein-naturfoto.de\/wordpress\/pflanzen-von-a-z\/\">Pflanzen von A-Z<\/a><br \/>\nZur Galerie <a href=\"https:\/\/woerrlein-naturfoto.de\/wordpress\/hauptseite-pflanzen\/pflanzen\/blueten-i-orchideen-2\/knabenkraeuter\/\">Knabenkr\u00e4uter II<\/a><\/p>\n<p><img loading=\"lazy\" decoding=\"async\" class=\"alignleft wp-image-10454\" src=\"http:\/\/woerrlein-naturfoto.de\/wordpress\/wp-content\/uploads\/2015\/07\/GeflecktesKnabenkraut_D170621_7454-400x600.jpg\" alt=\"\" width=\"267\" height=\"400\" \/>Das <b>Gefleckte Knabenkraut<\/b> (<i>Dactylorhiza maculata<\/i>), auch <b>Flecken-Fingerwurz<\/b> genannt, ist eine Pflanzenart aus der Familie der Orchideen. In der Literatur herrscht verbreitet Uneinigkeit \u00fcber die Abgrenzung zur sehr \u00e4hnlichen Art <a title=\"Fuchs\u2019 Knabenkraut\" href=\"http:\/\/woerrlein-naturfoto.de\/wordpress\/knabenkraeuter-a-z\/fuchs-knabenkraut\/\" target=\"_blank\" rel=\"noopener noreferrer\">Fuchs\u2019 Knabenkraut<\/a> (<i>Dactylorhiza fuchsii<\/i>).<br \/>\nDas Gefleckte Knabenkraut ist an seinen lanzettlich bis linealischen Bl\u00e4ttern erkennbar, die etwa 0,7 bis 1,5\u00a0cm breit und vorne spitz sind. Auf der Blattoberseite besitzen sie charakteristische, meist runde Flecken, die nur \u00e4u\u00dferst selten fehlen k\u00f6nnen. Es gibt meist 6 bis 10 Bl\u00e4tter, von den \u00dcbergangsbl\u00e4ttern gibt es h\u00e4ufig zudem 1 bis 3 St\u00fcck. Solche stehen zwischen den Laubbl\u00e4ttern und dem \u00e4hrigen Bl\u00fctenstand und werden nicht breiter als 3\u00a0mm. Die Pflanze wird bis zu 60\u00a0cm hoch. Die Bl\u00fcten sind pink bis violett gef\u00e4rbt, sie besitzen h\u00e4ufiger auch kleinere Wei\u00dfanteile.<br \/>\nDas Gefleckte Knabenkraut braucht rohhumushaltigen, kalkarmen oder kalkfreien, n\u00e4hrstoffarmen und eher feuchten Lehmboden. Es besiedelt Trockenrasen nur an Stellen, an denen es Sickerwasser gibt. Es bevorzugt lichte W\u00e4lder und Bergwiesen, es geht aber auch in Heiden.<\/p>\n<p><strong>Bl\u00fctezeit:<\/strong>\u00a0\u00a0\u00a0\u00a0 Juni bis Juli<\/p>\n<p>Zur Galerie <a href=\"https:\/\/woerrlein-naturfoto.de\/wordpress\/hauptseite-pflanzen\/pflanzen\/blueten-i-orchideen-2\/knabenkraeuter\/\">Knabenkr\u00e4uter II<\/a><\/p>\n<p><em>Quelle des Textauszuges und weitere Infos bei <\/em><a href=\"https:\/\/de.wikipedia.org\/wiki\/Geflecktes_Knabenkraut\" target=\"_blank\" rel=\"noopener noreferrer\">Wikipedia<\/a><em> (<\/em><a href=\"http:\/\/www.gnu.org\/licenses\/fdl-1.3.txt\" target=\"_blank\" rel=\"noopener noreferrer\">GNU-Lizenz<\/a><em>)\u2013 mein Dank gilt den <\/em><a href=\"https:\/\/de.wikipedia.org\/w\/index.php?title=Geflecktes_Knabenkraut&amp;action=history\" target=\"_blank\" rel=\"noopener noreferrer\">Autoren<\/a><em>.<\/em><\/p>\n","protected":false},"excerpt":{"rendered":"<p>Pflanzen -&gt;Orchideen -&gt;\u00a0Knabenkr\u00e4uter II (Dactylorhiza) Pflanzen von A-Z Zur Galerie Knabenkr\u00e4uter II Das Gefleckte Knabenkraut (Dactylorhiza maculata), auch Flecken-Fingerwurz genannt, ist eine Pflanzenart aus der Familie der Orchideen. In der Literatur herrscht verbreitet Uneinigkeit \u00fcber die Abgrenzung zur sehr \u00e4hnlichen Art Fuchs\u2019 Knabenkraut (Dactylorhiza fuchsii). Das Gefleckte Knabenkraut ist an seinen lanzettlich bis linealischen Bl\u00e4ttern &hellip; <a href=\"https:\/\/woerrlein-naturfoto.de\/wordpress\/knabenkraeuter-ii-dactylorhiza-a-z\/geflecktes-knabenkraut\/\" class=\"more-link\"><span class=\"screen-reader-text\">Geflecktes Knabenkraut<\/span> weiterlesen <span class=\"meta-nav\">&rarr;<\/span><\/a><\/p>\n","protected":false},"author":1,"featured_media":0,"parent":14210,"menu_order":0,"comment_status":"closed","ping_status":"closed","template":"page-templates\/full-width.php","meta":{"footnotes":""},"class_list":["post-10511","page","type-page","status-publish","hentry"],"_links":{"self":[{"href":"https:\/\/woerrlein-naturfoto.de\/wordpress\/wp-json\/wp\/v2\/pages\/10511","targetHints":{"allow":["GET"]}}],"collection":[{"href":"https:\/\/woerrlein-naturfoto.de\/wordpress\/wp-json\/wp\/v2\/pages"}],"about":[{"href":"https:\/\/woerrlein-naturfoto.de\/wordpress\/wp-json\/wp\/v2\/types\/page"}],"author":[{"embeddable":true,"href":"https:\/\/woerrlein-naturfoto.de\/wordpress\/wp-json\/wp\/v2\/users\/1"}],"replies":[{"embeddable":true,"href":"https:\/\/woerrlein-naturfoto.de\/wordpress\/wp-json\/wp\/v2\/comments?post=10511"}],"version-history":[{"count":11,"href":"https:\/\/woerrlein-naturfoto.de\/wordpress\/wp-json\/wp\/v2\/pages\/10511\/revisions"}],"predecessor-version":[{"id":14908,"href":"https:\/\/woerrlein-naturfoto.de\/wordpress\/wp-json\/wp\/v2\/pages\/10511\/revisions\/14908"}],"up":[{"embeddable":true,"href":"https:\/\/woerrlein-naturfoto.de\/wordpress\/wp-json\/wp\/v2\/pages\/14210"}],"wp:attachment":[{"href":"https:\/\/woerrlein-naturfoto.de\/wordpress\/wp-json\/wp\/v2\/media?parent=10511"}],"curies":[{"name":"wp","href":"https:\/\/api.w.org\/{rel}","templated":true}]}}