{"id":10505,"date":"2019-01-13T10:50:05","date_gmt":"2019-01-13T09:50:05","guid":{"rendered":"http:\/\/woerrlein-naturfoto.de\/wordpress\/?page_id=10505"},"modified":"2022-06-17T17:11:49","modified_gmt":"2022-06-17T15:11:49","slug":"lapplaendisches-knabenkraut","status":"publish","type":"page","link":"https:\/\/woerrlein-naturfoto.de\/wordpress\/knabenkraeuter-ii-dactylorhiza-a-z\/lapplaendisches-knabenkraut\/","title":{"rendered":"Lappl\u00e4ndisches Knabenkraut"},"content":{"rendered":"<p><span style=\"color: #ffff66;\"><a style=\"color: #ffff66;\" href=\"http:\/\/woerrlein-naturfoto.de\/wordpress\/hauptseite-pflanzen\/pflanzen\/\"><span style=\"color: #ffff00;\">Pflanzen<\/span><\/a> <\/span>-&gt;<span style=\"color: #ffff66;\"><a style=\"color: #ffff66;\" href=\"http:\/\/woerrlein-naturfoto.de\/wordpress\/hauptseite-pflanzen\/pflanzen\/blueten-i-orchideen-2\/\"><span style=\"color: #ffff00;\">Orchideen <\/span><\/a><\/span>-&gt;\u00a0<span style=\"color: #ffff00;\"><a style=\"color: #ffff00;\" href=\"https:\/\/woerrlein-naturfoto.de\/wordpress\/hauptseite-pflanzen\/pflanzen\/blueten-i-orchideen-2\/knabenkraeuter\/\">Knabenkr\u00e4uter II (Dactylorhiza)<\/a><code><\/code><\/span><br \/>\n<a href=\"http:\/\/woerrlein-naturfoto.de\/wordpress\/pflanzen-von-a-z\/\">Pflanzen von A-Z<\/a><br \/>\nZur Galerie <a href=\"https:\/\/woerrlein-naturfoto.de\/wordpress\/hauptseite-pflanzen\/pflanzen\/blueten-i-orchideen-2\/knabenkraeuter\/\">Knabenkr\u00e4uter II<\/a><code><br \/>\n<\/code><\/p>\n<p><img loading=\"lazy\" decoding=\"async\" class=\"alignleft wp-image-10439\" src=\"http:\/\/woerrlein-naturfoto.de\/wordpress\/wp-content\/uploads\/2015\/07\/LapplaendischesKnabenkraut_D170701_8413-400x600.jpg\" alt=\"\" width=\"267\" height=\"400\" \/>Das <strong>Lappl\u00e4ndische Knabenkraut<\/strong> <em>(Dactylorhiza lapponica)<\/em>, die Sumpforchidee aus Lappland, ist eine Orchidee, die in Skandinavien, Deutschland, \u00d6sterreich, der Schweiz, Frankreich, Italien und der Tschechischen Republik gefunden wird.<br \/>\nDas Lappl\u00e4ndische Knabenkraut weist eine recht gro\u00dfe \u00c4hnlichkeit vor allem mit Traunsteiners Knabenkraut (<em>Dactylorhiza traunsteineri<\/em>) und zierlichen Exemplaren des <a href=\"http:\/\/woerrlein-naturfoto.de\/wordpress\/knabenkraeuter-a-z\/breitblaettriges-knabenkraut\/\" target=\"_blank\" rel=\"noopener noreferrer\">Breitbl\u00e4ttrigen Knabenkrautes<\/a> (Dactylorhiza majalis) auf. Seine Wuchsh\u00f6he betr\u00e4gt 10 &#8211; 25 cm. Damit sind die Pflanzen meist kleinw\u00fcchsiger als D. traunsteineri bzw. D. majalis. Der Stengeldurchmesser betr\u00e4gt 2 bis 3 mm und ist somit geringer als bei D. majalis. Der Stengel weist im oberen Bereich oft eine violette F\u00e4rbung auf. Die meist nur 3 bis 4 Laubbl\u00e4tter sind am Stengel verteilt, meist gefleckt und eilanzettlich, 3 &#8211; 8 cm lang und 0,6 bis 2 cm breit. D. traunsteineri hat dagegen schmale, lanzettliche Bl\u00e4tter. Die Bl\u00e4tter von D. majalis sind meist breiter und l\u00e4nger.<br \/>\nDas Lappl\u00e4ndische Knabenkraut ist kalkliebend und besiedelt sickernasse Kalkgrusfl\u00e4chen, Hangquellmoore und Niedermoorfl\u00e4chen.<\/p>\n<p><strong>Bl\u00fctezeit:<\/strong>\u00a0\u00a0\u00a0\u00a0 Mitte Mai bis Mitte Juli<\/p>\n<p>Zur Galerie <a href=\"https:\/\/woerrlein-naturfoto.de\/wordpress\/hauptseite-pflanzen\/pflanzen\/blueten-i-orchideen-2\/knabenkraeuter\/\">Knabenkr\u00e4uter II<\/a><\/p>\n","protected":false},"excerpt":{"rendered":"<p>Pflanzen -&gt;Orchideen -&gt;\u00a0Knabenkr\u00e4uter II (Dactylorhiza) Pflanzen von A-Z Zur Galerie Knabenkr\u00e4uter II Das Lappl\u00e4ndische Knabenkraut (Dactylorhiza lapponica), die Sumpforchidee aus Lappland, ist eine Orchidee, die in Skandinavien, Deutschland, \u00d6sterreich, der Schweiz, Frankreich, Italien und der Tschechischen Republik gefunden wird. Das Lappl\u00e4ndische Knabenkraut weist eine recht gro\u00dfe \u00c4hnlichkeit vor allem mit Traunsteiners Knabenkraut (Dactylorhiza traunsteineri) und &hellip; <a href=\"https:\/\/woerrlein-naturfoto.de\/wordpress\/knabenkraeuter-ii-dactylorhiza-a-z\/lapplaendisches-knabenkraut\/\" class=\"more-link\"><span class=\"screen-reader-text\">Lappl\u00e4ndisches Knabenkraut<\/span> weiterlesen <span class=\"meta-nav\">&rarr;<\/span><\/a><\/p>\n","protected":false},"author":1,"featured_media":0,"parent":14210,"menu_order":0,"comment_status":"closed","ping_status":"closed","template":"page-templates\/full-width.php","meta":{"footnotes":""},"class_list":["post-10505","page","type-page","status-publish","hentry"],"_links":{"self":[{"href":"https:\/\/woerrlein-naturfoto.de\/wordpress\/wp-json\/wp\/v2\/pages\/10505","targetHints":{"allow":["GET"]}}],"collection":[{"href":"https:\/\/woerrlein-naturfoto.de\/wordpress\/wp-json\/wp\/v2\/pages"}],"about":[{"href":"https:\/\/woerrlein-naturfoto.de\/wordpress\/wp-json\/wp\/v2\/types\/page"}],"author":[{"embeddable":true,"href":"https:\/\/woerrlein-naturfoto.de\/wordpress\/wp-json\/wp\/v2\/users\/1"}],"replies":[{"embeddable":true,"href":"https:\/\/woerrlein-naturfoto.de\/wordpress\/wp-json\/wp\/v2\/comments?post=10505"}],"version-history":[{"count":11,"href":"https:\/\/woerrlein-naturfoto.de\/wordpress\/wp-json\/wp\/v2\/pages\/10505\/revisions"}],"predecessor-version":[{"id":14910,"href":"https:\/\/woerrlein-naturfoto.de\/wordpress\/wp-json\/wp\/v2\/pages\/10505\/revisions\/14910"}],"up":[{"embeddable":true,"href":"https:\/\/woerrlein-naturfoto.de\/wordpress\/wp-json\/wp\/v2\/pages\/14210"}],"wp:attachment":[{"href":"https:\/\/woerrlein-naturfoto.de\/wordpress\/wp-json\/wp\/v2\/media?parent=10505"}],"curies":[{"name":"wp","href":"https:\/\/api.w.org\/{rel}","templated":true}]}}