{"id":10501,"date":"2019-01-13T10:17:28","date_gmt":"2019-01-13T09:17:28","guid":{"rendered":"http:\/\/woerrlein-naturfoto.de\/wordpress\/?page_id=10501"},"modified":"2022-06-17T17:08:58","modified_gmt":"2022-06-17T15:08:58","slug":"blutrotes-knabenkraut","status":"publish","type":"page","link":"https:\/\/woerrlein-naturfoto.de\/wordpress\/knabenkraeuter-ii-dactylorhiza-a-z\/blutrotes-knabenkraut\/","title":{"rendered":"Blutrotes Knabenkraut"},"content":{"rendered":"<p><span style=\"color: #ffff66;\"><a style=\"color: #ffff66;\" href=\"http:\/\/woerrlein-naturfoto.de\/wordpress\/hauptseite-pflanzen\/pflanzen\/\"><span style=\"color: #ffff00;\">Pflanzen<\/span><\/a> <\/span>-&gt;<span style=\"color: #ffff66;\"><a style=\"color: #ffff66;\" href=\"http:\/\/woerrlein-naturfoto.de\/wordpress\/hauptseite-pflanzen\/pflanzen\/blueten-i-orchideen-2\/\"><span style=\"color: #ffff00;\">Orchideen <\/span><\/a><\/span>-&gt;<span style=\"color: #ffff00;\"> <a style=\"color: #ffff00;\" href=\"https:\/\/woerrlein-naturfoto.de\/wordpress\/hauptseite-pflanzen\/pflanzen\/blueten-i-orchideen-2\/knabenkraeuter\/\">Knabenkr\u00e4uter II (Dactylorhiza)<\/a><code><\/code><\/span><br \/>\n<a href=\"http:\/\/woerrlein-naturfoto.de\/wordpress\/pflanzen-von-a-z\/\">Pflanzen von A-Z<\/a><br \/>\nZur Galerie <a href=\"https:\/\/woerrlein-naturfoto.de\/wordpress\/hauptseite-pflanzen\/pflanzen\/blueten-i-orchideen-2\/knabenkraeuter\/\">Knabenkr\u00e4uter II<\/a><code><br \/>\n<\/code><\/p>\n<p><img loading=\"lazy\" decoding=\"async\" class=\"alignleft wp-image-10441\" src=\"http:\/\/woerrlein-naturfoto.de\/wordpress\/wp-content\/uploads\/2015\/07\/BlutrotesKnabenkraut_D170701_8401-400x600.jpg\" alt=\"\" width=\"267\" height=\"400\" srcset=\"https:\/\/woerrlein-naturfoto.de\/wordpress\/wp-content\/uploads\/2015\/07\/BlutrotesKnabenkraut_D170701_8401-400x600.jpg 400w, https:\/\/woerrlein-naturfoto.de\/wordpress\/wp-content\/uploads\/2015\/07\/BlutrotesKnabenkraut_D170701_8401.jpg 567w\" sizes=\"auto, (max-width: 267px) 100vw, 267px\" \/>Das <b>Blutrote Knabenkraut<\/b> (<i>Dactylorhiza cruenta<\/i>) wird oft als Unterart des <a href=\"http:\/\/woerrlein-naturfoto.de\/wordpress\/knabenkraeuter-a-z\/fleischfarbenes-knabenkraut\/\" target=\"_blank\" rel=\"noopener noreferrer\">Fleischfarbenen Knabenkrauts<\/a> als (syn. <i>Dactylorhiza incarnata<\/i> subsp. <i>cruenta<\/i>) angesehen. Wesentlicher Unterschied zu diesem sind die vielen ineinander flie\u00dfenden Flecken auf der Ober- und Unterseite der Laub- und Hochbl\u00e4tter des Blutroten Knabenkrautes. Es handelt sich um eine ausdauernde, krautig wachsende Pflanze, deren bl\u00fchende Individuen Wuchsh\u00f6hen zwischen 15 und 40 Zentimetern erreichen. Anders als der Name vermuten l\u00e4sst, sind die Bl\u00fcten rosa bis violett gef\u00e4rbt, nicht jedoch blutrot.<br \/>\nDie Pflanze ist in Mittel- und Osteuropa anzutreffen; die Verbreitung erstreckt sich von Europa bis in das nordwestliche China. Man findet diese Art in Niedermooren mit kalk- oder basenreichen B\u00f6den.<\/p>\n<p><strong>Bl\u00fctezeit:<\/strong>\u00a0\u00a0\u00a0\u00a0\u00a0 Juni bis Juli<\/p>\n<p>Zur Galerie <a href=\"https:\/\/woerrlein-naturfoto.de\/wordpress\/hauptseite-pflanzen\/pflanzen\/blueten-i-orchideen-2\/knabenkraeuter\/\">Knabenkr\u00e4uter II<\/a><\/p>\n<p><em>Quelle des Textauszuges und weitere Infos bei <\/em><a href=\"https:\/\/de.wikipedia.org\/wiki\/Blutrotes_Knabenkraut\" target=\"_blank\" rel=\"noopener noreferrer\">Wikipedia<\/a><em> (<\/em><a href=\"http:\/\/www.gnu.org\/licenses\/fdl-1.3.txt\" target=\"_blank\" rel=\"noopener noreferrer\">GNU-Lizenz<\/a><em>)\u2013 mein Dank gilt den <\/em><a href=\"https:\/\/de.wikipedia.org\/w\/index.php?title=Blutrotes_Knabenkraut&amp;action=history\" target=\"_blank\" rel=\"noopener noreferrer\">Autoren<\/a><em>.<\/em><\/p>\n","protected":false},"excerpt":{"rendered":"<p>Pflanzen -&gt;Orchideen -&gt; Knabenkr\u00e4uter II (Dactylorhiza) Pflanzen von A-Z Zur Galerie Knabenkr\u00e4uter II Das Blutrote Knabenkraut (Dactylorhiza cruenta) wird oft als Unterart des Fleischfarbenen Knabenkrauts als (syn. Dactylorhiza incarnata subsp. cruenta) angesehen. Wesentlicher Unterschied zu diesem sind die vielen ineinander flie\u00dfenden Flecken auf der Ober- und Unterseite der Laub- und Hochbl\u00e4tter des Blutroten Knabenkrautes. Es &hellip; <a href=\"https:\/\/woerrlein-naturfoto.de\/wordpress\/knabenkraeuter-ii-dactylorhiza-a-z\/blutrotes-knabenkraut\/\" class=\"more-link\"><span class=\"screen-reader-text\">Blutrotes Knabenkraut<\/span> weiterlesen <span class=\"meta-nav\">&rarr;<\/span><\/a><\/p>\n","protected":false},"author":1,"featured_media":0,"parent":14210,"menu_order":0,"comment_status":"closed","ping_status":"closed","template":"page-templates\/full-width.php","meta":{"footnotes":""},"class_list":["post-10501","page","type-page","status-publish","hentry"],"_links":{"self":[{"href":"https:\/\/woerrlein-naturfoto.de\/wordpress\/wp-json\/wp\/v2\/pages\/10501","targetHints":{"allow":["GET"]}}],"collection":[{"href":"https:\/\/woerrlein-naturfoto.de\/wordpress\/wp-json\/wp\/v2\/pages"}],"about":[{"href":"https:\/\/woerrlein-naturfoto.de\/wordpress\/wp-json\/wp\/v2\/types\/page"}],"author":[{"embeddable":true,"href":"https:\/\/woerrlein-naturfoto.de\/wordpress\/wp-json\/wp\/v2\/users\/1"}],"replies":[{"embeddable":true,"href":"https:\/\/woerrlein-naturfoto.de\/wordpress\/wp-json\/wp\/v2\/comments?post=10501"}],"version-history":[{"count":10,"href":"https:\/\/woerrlein-naturfoto.de\/wordpress\/wp-json\/wp\/v2\/pages\/10501\/revisions"}],"predecessor-version":[{"id":14905,"href":"https:\/\/woerrlein-naturfoto.de\/wordpress\/wp-json\/wp\/v2\/pages\/10501\/revisions\/14905"}],"up":[{"embeddable":true,"href":"https:\/\/woerrlein-naturfoto.de\/wordpress\/wp-json\/wp\/v2\/pages\/14210"}],"wp:attachment":[{"href":"https:\/\/woerrlein-naturfoto.de\/wordpress\/wp-json\/wp\/v2\/media?parent=10501"}],"curies":[{"name":"wp","href":"https:\/\/api.w.org\/{rel}","templated":true}]}}