{"id":1048,"date":"2014-08-24T22:46:31","date_gmt":"2014-08-24T20:46:31","guid":{"rendered":"http:\/\/woerrlein-naturfoto.de\/wordpress\/?page_id=1048"},"modified":"2015-02-16T12:50:32","modified_gmt":"2015-02-16T11:50:32","slug":"goldregenpfeifer","status":"publish","type":"page","link":"https:\/\/woerrlein-naturfoto.de\/wordpress\/regenpfeifer-a-z\/goldregenpfeifer\/","title":{"rendered":"Goldregenpfeifer"},"content":{"rendered":"<p><a href=\"http:\/\/woerrlein-naturfoto.de\/wordpress\/voegel\/\"><span style=\"color: #ffff66;\">V\u00f6gel<\/span> <\/a>-&gt;<a href=\"http:\/\/woerrlein-naturfoto.de\/wordpress\/hauptseite-voegel\/voegel\/watvoegel-2\"> <span style=\"color: #ffff66;\">Watv\u00f6gel<\/span> <\/a>-&gt;<a href=\"http:\/\/woerrlein-naturfoto.de\/wordpress\/hauptseite-voegel\/voegel\/watvoegel\/regenpfeifer\/\"> <span style=\"color: #ffff66;\">Regenpfeifer<\/span><\/a><br \/>\n<a title=\"V\u00f6gel von A-Z\" href=\"http:\/\/woerrlein-naturfoto.de\/wordpress\/voegel\/voegel_von_a-z\/\">V\u00f6gel von A-Z<\/a><br \/>\nZur Galerie <a title=\"Regenpfeifer\" href=\"http:\/\/woerrlein-naturfoto.de\/wordpress\/hauptseite-voegel\/voegel\/watvoegel\/regenpfeifer\/\">Regenpfeifer<\/a><\/p>\n<p><img loading=\"lazy\" decoding=\"async\" class=\"alignleft wp-image-1031\" src=\"http:\/\/woerrlein-naturfoto.de\/wordpress\/wp-content\/uploads\/Goldregenpfeifer_18048L_v-600x399.jpg\" alt=\"Goldregenpfeifer_18048L_v.jpg\" width=\"600\" height=\"399\" srcset=\"https:\/\/woerrlein-naturfoto.de\/wordpress\/wp-content\/uploads\/Goldregenpfeifer_18048L_v-600x399.jpg 600w, https:\/\/woerrlein-naturfoto.de\/wordpress\/wp-content\/uploads\/Goldregenpfeifer_18048L_v-120x80.jpg 120w, https:\/\/woerrlein-naturfoto.de\/wordpress\/wp-content\/uploads\/Goldregenpfeifer_18048L_v.jpg 1000w\" sizes=\"auto, (max-width: 600px) 100vw, 600px\" \/><\/p>\n<p>Der <b>Goldregenpfeifer<\/b> (<i>Pluvialis apricaria<\/i>) ist eine Vogelart aus der Familie der Regenpfeifer. Er br\u00fctet auf Mooren, nassen Heiden und feuchten Grasfl\u00e4chen. Sein Brutgebiet erstreckt sich von Island \u00fcber Gro\u00dfbritannien und Fennoskandinavien bis nach Mittelsibirien. Es reicht damit bis zum Rande der arktischen Tundra. In Mitteleuropa ist er als Brutvogel nahezu ausgestorben. Einige wenige Brutpaare kommen noch in den Hochmooren Niedersachsens vor. Goldregenpfeifer sind eher plump wirkende Watv\u00f6gel, haben einen runden Kopf und eine graubraun gesprenkelte Oberseite. Die M\u00e4nnchen sind im Fr\u00fchjahr und w\u00e4hrend der Brutzeit durch ihren schwarzen Bauch und die schwarze Kehle, die von einem wei\u00dfen Streifen eingerahmt sind, unverwechselbar. Die Weibchen sind ebenfalls auf der Bauchseite dunkler gef\u00e4rbt, aber nicht so kontrastreich wie die M\u00e4nnchen. Es besteht bei der Schwarzf\u00e4rbung jedoch eine gro\u00dfe Variabilit\u00e4t, so dass eine Unterscheidung zwischen den Geschlechtern nicht immer zweifelsfrei m\u00f6glich ist.<\/p>\n<p>L\u00e4nge: 26-29 cm\u00a0\u00a0 Spannweite: 67-76 cm\u00a0\u00a0 Gewicht: 150-220 g\u00a0\u00a0 Gelege: 4 Eier<\/p>\n<p>Zur Galerie <a title=\"Regenpfeifer\" href=\"http:\/\/woerrlein-naturfoto.de\/wordpress\/hauptseite-voegel\/voegel\/watvoegel\/regenpfeifer\/\">Regenpfeifer<\/a><\/p>\n<p>&nbsp;<\/p>\n<p><em>Quelle des Textauszuges und weitere Infos bei <\/em><a href=\"http:\/\/de.wikipedia.org\/wiki\/Goldregenpfeifer\" target=\"_blank\">Wikipedia<\/a> <em>(<\/em><a href=\"http:\/\/www.gnu.org\/licenses\/fdl-1.3.txt\" target=\"_blank\">GNU-Lizenz<\/a><em>)<\/em> \u2013 <em>mein Dank gilt den<\/em> <a href=\"http:\/\/de.wikipedia.org\/w\/index.php?title=Goldregenpfeifer&amp;action=history\" target=\"_blank\">Autoren<\/a>.<\/p>\n","protected":false},"excerpt":{"rendered":"<p>V\u00f6gel -&gt; Watv\u00f6gel -&gt; Regenpfeifer V\u00f6gel von A-Z Zur Galerie Regenpfeifer Der Goldregenpfeifer (Pluvialis apricaria) ist eine Vogelart aus der Familie der Regenpfeifer. Er br\u00fctet auf Mooren, nassen Heiden und feuchten Grasfl\u00e4chen. Sein Brutgebiet erstreckt sich von Island \u00fcber Gro\u00dfbritannien und Fennoskandinavien bis nach Mittelsibirien. Es reicht damit bis zum Rande der arktischen Tundra. In &hellip; <a href=\"https:\/\/woerrlein-naturfoto.de\/wordpress\/regenpfeifer-a-z\/goldregenpfeifer\/\" class=\"more-link\"><span class=\"screen-reader-text\">Goldregenpfeifer<\/span> weiterlesen <span class=\"meta-nav\">&rarr;<\/span><\/a><\/p>\n","protected":false},"author":1,"featured_media":0,"parent":1044,"menu_order":0,"comment_status":"closed","ping_status":"closed","template":"page-templates\/full-width.php","meta":{"footnotes":""},"class_list":["post-1048","page","type-page","status-publish","hentry"],"_links":{"self":[{"href":"https:\/\/woerrlein-naturfoto.de\/wordpress\/wp-json\/wp\/v2\/pages\/1048","targetHints":{"allow":["GET"]}}],"collection":[{"href":"https:\/\/woerrlein-naturfoto.de\/wordpress\/wp-json\/wp\/v2\/pages"}],"about":[{"href":"https:\/\/woerrlein-naturfoto.de\/wordpress\/wp-json\/wp\/v2\/types\/page"}],"author":[{"embeddable":true,"href":"https:\/\/woerrlein-naturfoto.de\/wordpress\/wp-json\/wp\/v2\/users\/1"}],"replies":[{"embeddable":true,"href":"https:\/\/woerrlein-naturfoto.de\/wordpress\/wp-json\/wp\/v2\/comments?post=1048"}],"version-history":[{"count":17,"href":"https:\/\/woerrlein-naturfoto.de\/wordpress\/wp-json\/wp\/v2\/pages\/1048\/revisions"}],"predecessor-version":[{"id":6243,"href":"https:\/\/woerrlein-naturfoto.de\/wordpress\/wp-json\/wp\/v2\/pages\/1048\/revisions\/6243"}],"up":[{"embeddable":true,"href":"https:\/\/woerrlein-naturfoto.de\/wordpress\/wp-json\/wp\/v2\/pages\/1044"}],"wp:attachment":[{"href":"https:\/\/woerrlein-naturfoto.de\/wordpress\/wp-json\/wp\/v2\/media?parent=1048"}],"curies":[{"name":"wp","href":"https:\/\/api.w.org\/{rel}","templated":true}]}}