{"id":10276,"date":"2018-12-02T11:04:56","date_gmt":"2018-12-02T10:04:56","guid":{"rendered":"http:\/\/woerrlein-naturfoto.de\/wordpress\/?page_id=10276"},"modified":"2022-05-04T17:09:56","modified_gmt":"2022-05-04T15:09:56","slug":"singschwan","status":"publish","type":"page","link":"https:\/\/woerrlein-naturfoto.de\/wordpress\/schwaene-a-z\/singschwan\/","title":{"rendered":"Singschwan"},"content":{"rendered":"<p><span style=\"color: #ffff00;\"><a style=\"color: #ffff00;\" href=\"http:\/\/woerrlein-naturfoto.de\/wordpress\/voegel\/\">V\u00f6gel <\/a><\/span>-&gt;<span style=\"color: #ffff00;\"><a style=\"color: #ffff00;\" href=\"http:\/\/woerrlein-naturfoto.de\/wordpress\/hauptseite-voegel\/voegel\/gaensevoegel-2\/\"> G\u00e4nsev\u00f6gel <\/a><\/span>-&gt;<span style=\"color: #ffff00;\"><a style=\"color: #ffff00;\" href=\"http:\/\/woerrlein-naturfoto.de\/wordpress\/hauptseite-voegel\/voegel\/gaensevoegel-2\/schwaene\/\"> Schw\u00e4ne<\/a><\/span><a title=\"G\u00e4nsev\u00f6gel\" href=\"http:\/\/woerrlein-naturfoto.de\/wordpress\/voegel\/gaensevoegel\/\"><br \/>\n<\/a><a href=\"http:\/\/woerrlein-naturfoto.de\/wordpress\/voegel_von_a-z\/\">V\u00f6gel von A-Z<\/a><br \/>\nzur Galerie <a title=\"Schw\u00e4ne\" href=\"http:\/\/woerrlein-naturfoto.de\/wordpress\/hauptseite-voegel\/voegel\/gaensevoegel-2\/schwaene\/\">Schw\u00e4ne<\/a><br \/>\n<img loading=\"lazy\" decoding=\"async\" class=\"alignleft wp-image-10275\" src=\"http:\/\/woerrlein-naturfoto.de\/wordpress\/wp-content\/uploads\/2014\/12\/Singschwan_D181118_1415-600x400.jpg\" alt=\"\" width=\"600\" height=\"400\" srcset=\"https:\/\/woerrlein-naturfoto.de\/wordpress\/wp-content\/uploads\/2014\/12\/Singschwan_D181118_1415-600x400.jpg 600w, https:\/\/woerrlein-naturfoto.de\/wordpress\/wp-content\/uploads\/2014\/12\/Singschwan_D181118_1415-768x512.jpg 768w, https:\/\/woerrlein-naturfoto.de\/wordpress\/wp-content\/uploads\/2014\/12\/Singschwan_D181118_1415-120x80.jpg 120w, https:\/\/woerrlein-naturfoto.de\/wordpress\/wp-content\/uploads\/2014\/12\/Singschwan_D181118_1415.jpg 1000w\" sizes=\"auto, (max-width: 600px) 100vw, 600px\" \/>Der <b>Singschwan<\/b> (<i>Cygnus cygnus<\/i>) z\u00e4hlt innerhalb der Familie der Entenv\u00f6gel zur Gattung der Schw\u00e4ne. Er hat einen etwas kleineren K\u00f6rper als der <a title=\"H\u00f6ckerschwan\" href=\"http:\/\/woerrlein-naturfoto.de\/wordpress\/schwaene-a-z\/hoeckerschwan\/\" target=\"_blank\" rel=\"noopener noreferrer\">H\u00f6ckerschwan<\/a> und hat einen graderen, weniger geschwungenen Hals. Singschw\u00e4ne sind Brutv\u00f6gel der osteurop\u00e4ischen und sibirischen Taiga. Im Herbst und Winter sind diese Schw\u00e4ne auch in Mitteleuropa zu beobachten. In K\u00fcstengebieten und im norddeutschen Tiefland sind sie regelm\u00e4\u00dfiger Wintergast. Zunehmend kommt es aber auch zu \u00dcbersommerungen und vereinzelten Bruten in Mitteleuropa.<sup id=\"cite_ref-1\" class=\"reference\"> <\/sup>Der Zug aus den Wintergebieten setzt im Oktober ein. Sie kehren ab M\u00e4rz in ihre Brutgebiete zur\u00fcck.<br \/>\nDas Gefieder dieser Schw\u00e4ne ist reinwei\u00df. Der Schnabel ist schwarz, Wachshaut und Schnabelbasis gelb, und weist eine L\u00e4nge von 9 bis 12\u00a0cm auf. Die Augen liegen gleich oberhalb des Schnabelansatzes und sind recht klein.<br \/>\nSingschw\u00e4ne sind sehr ruffreudige V\u00f6gel mit einem umfangreichen Stimmrepertoire. Charakteristisch f\u00fcr ihren Ruf ist ein tiefer, nasaler Posaunenklang. Beim Rufen ist der Hals gew\u00f6hnlich lang gestreckt und der Kopf angehoben. Die Begr\u00fc\u00dfungs- und Triumphgeschreie erinnern mit ihrem <i>gigigi<\/i> und dem Fl\u00fcgelschlagen an die Laute von G\u00e4nsen. Wenn Singschw\u00e4ne in gr\u00f6\u00dferen Gruppen gemeinsam ruhen, ist st\u00e4ndig ein leises <i>ang<\/i> oder ein kehliges <i>ga<\/i> oder <i>go<\/i> zu h\u00f6ren. Die Laute der einzelnen Individuen sind dabei unterschiedlich. Werden sie gest\u00f6rt, ist von ihnen ein kurzes und raues <i>uk<\/i> oder <i>ak<\/i> zu h\u00f6ren. W\u00e4hrend des Fluges rufen sie <i>gra gekt<\/i> oder ein weiches <i>k\u00fc k\u00fc k\u00fc<\/i>. Anders als bei H\u00f6ckerschw\u00e4nen sind bei ihnen im Flug keine metallischen oder sausenden Flugger\u00e4usche zu h\u00f6ren.<\/p>\n<p>L\u00e4nge: 145-160 cm\u00a0\u00a0 Spannweite: 220-240 cm\u00a0\u00a0 Gewicht: 8-12 kg\u00a0\u00a0 Gelege: 3-5 Eier<\/p>\n<p>zur Galerie <a title=\"Schw\u00e4ne\" href=\"http:\/\/woerrlein-naturfoto.de\/wordpress\/hauptseite-voegel\/voegel\/gaensevoegel-2\/schwaene\/\">Schw\u00e4ne<\/a><code><br \/>\n<\/code><\/p>\n<p><em>Quelle des Textauszuges und weitere Infos bei <\/em><a href=\"https:\/\/de.wikipedia.org\/wiki\/Singschwan\" target=\"_blank\" rel=\"noopener noreferrer\">Wikipedia<\/a> <em>(<\/em><a href=\"http:\/\/www.gnu.org\/licenses\/fdl-1.3.txt\" target=\"_blank\" rel=\"noopener noreferrer\">GNU-Lizenz<\/a><em>)<\/em> \u2013 <em>mein Dank gilt den<\/em> <a href=\"https:\/\/de.wikipedia.org\/w\/index.php?title=Singschwan&amp;action=history\" target=\"_blank\" rel=\"noopener noreferrer\">Autoren<\/a>.<\/p>\n","protected":false},"excerpt":{"rendered":"<p>V\u00f6gel -&gt; G\u00e4nsev\u00f6gel -&gt; Schw\u00e4ne V\u00f6gel von A-Z zur Galerie Schw\u00e4ne Der Singschwan (Cygnus cygnus) z\u00e4hlt innerhalb der Familie der Entenv\u00f6gel zur Gattung der Schw\u00e4ne. Er hat einen etwas kleineren K\u00f6rper als der H\u00f6ckerschwan und hat einen graderen, weniger geschwungenen Hals. Singschw\u00e4ne sind Brutv\u00f6gel der osteurop\u00e4ischen und sibirischen Taiga. Im Herbst und Winter sind diese &hellip; <a href=\"https:\/\/woerrlein-naturfoto.de\/wordpress\/schwaene-a-z\/singschwan\/\" class=\"more-link\"><span class=\"screen-reader-text\">Singschwan<\/span> weiterlesen <span class=\"meta-nav\">&rarr;<\/span><\/a><\/p>\n","protected":false},"author":1,"featured_media":0,"parent":2329,"menu_order":0,"comment_status":"closed","ping_status":"closed","template":"page-templates\/full-width.php","meta":{"footnotes":""},"class_list":["post-10276","page","type-page","status-publish","hentry"],"_links":{"self":[{"href":"https:\/\/woerrlein-naturfoto.de\/wordpress\/wp-json\/wp\/v2\/pages\/10276","targetHints":{"allow":["GET"]}}],"collection":[{"href":"https:\/\/woerrlein-naturfoto.de\/wordpress\/wp-json\/wp\/v2\/pages"}],"about":[{"href":"https:\/\/woerrlein-naturfoto.de\/wordpress\/wp-json\/wp\/v2\/types\/page"}],"author":[{"embeddable":true,"href":"https:\/\/woerrlein-naturfoto.de\/wordpress\/wp-json\/wp\/v2\/users\/1"}],"replies":[{"embeddable":true,"href":"https:\/\/woerrlein-naturfoto.de\/wordpress\/wp-json\/wp\/v2\/comments?post=10276"}],"version-history":[{"count":7,"href":"https:\/\/woerrlein-naturfoto.de\/wordpress\/wp-json\/wp\/v2\/pages\/10276\/revisions"}],"predecessor-version":[{"id":14865,"href":"https:\/\/woerrlein-naturfoto.de\/wordpress\/wp-json\/wp\/v2\/pages\/10276\/revisions\/14865"}],"up":[{"embeddable":true,"href":"https:\/\/woerrlein-naturfoto.de\/wordpress\/wp-json\/wp\/v2\/pages\/2329"}],"wp:attachment":[{"href":"https:\/\/woerrlein-naturfoto.de\/wordpress\/wp-json\/wp\/v2\/media?parent=10276"}],"curies":[{"name":"wp","href":"https:\/\/api.w.org\/{rel}","templated":true}]}}