{"id":10135,"date":"2018-10-02T18:57:47","date_gmt":"2018-10-02T16:57:47","guid":{"rendered":"http:\/\/woerrlein-naturfoto.de\/wordpress\/?page_id=10135"},"modified":"2018-10-02T19:03:45","modified_gmt":"2018-10-02T17:03:45","slug":"blutrote-heidelibelle","status":"publish","type":"page","link":"https:\/\/woerrlein-naturfoto.de\/wordpress\/segellibellen-a-z\/blutrote-heidelibelle\/","title":{"rendered":"Blutrote Heidelibelle"},"content":{"rendered":"<p><a href=\"http:\/\/woerrlein-naturfoto.de\/wordpress\/insekten\/\"><span style=\"color: #ffff66;\">Insekten<\/span> <\/a>-&gt;<a href=\"http:\/\/woerrlein-naturfoto.de\/wordpress\/hauptseite-insekten\/insekten\/libellen\/\"> <span style=\"color: #ffff66;\">Libellen<\/span> <\/a>-&gt;<a href=\"http:\/\/woerrlein-naturfoto.de\/wordpress\/hauptseite-insekten\/insekten\/libellen\/segellibelen\/\"> <span style=\"color: #ffff66;\">Segellibellen<\/span><\/a><br \/>\n<a title=\"Insekten A-Z\" href=\"http:\/\/woerrlein-naturfoto.de\/wordpress\/insekten-a-z\/\">Insekten von A-Z<\/a><br \/>\nzur Galerie <a title=\"Segellibelen\" href=\"http:\/\/woerrlein-naturfoto.de\/wordpress\/hauptseite-insekten\/insekten\/libellen\/segellibelen\/\">Segellibellen<\/a><\/p>\n<p><img loading=\"lazy\" decoding=\"async\" class=\"alignleft wp-image-10134\" src=\"http:\/\/woerrlein-naturfoto.de\/wordpress\/wp-content\/uploads\/2015\/01\/BlutroteHeidelibelle_D180812_0278-600x400.jpg\" alt=\"\" width=\"600\" height=\"400\" srcset=\"https:\/\/woerrlein-naturfoto.de\/wordpress\/wp-content\/uploads\/2015\/01\/BlutroteHeidelibelle_D180812_0278-600x400.jpg 600w, https:\/\/woerrlein-naturfoto.de\/wordpress\/wp-content\/uploads\/2015\/01\/BlutroteHeidelibelle_D180812_0278-768x512.jpg 768w, https:\/\/woerrlein-naturfoto.de\/wordpress\/wp-content\/uploads\/2015\/01\/BlutroteHeidelibelle_D180812_0278-120x80.jpg 120w, https:\/\/woerrlein-naturfoto.de\/wordpress\/wp-content\/uploads\/2015\/01\/BlutroteHeidelibelle_D180812_0278.jpg 1000w\" sizes=\"auto, (max-width: 600px) 100vw, 600px\" \/>Die <b>Blutrote Heidelibelle<\/b> (<i>Sympetrum sanguineum<\/i>) ist eine Libellenart aus der Familie der Segellibellen. Diese geh\u00f6ren zu den Gro\u00dflibellen. Es handelt sich dabei um eine mittelgro\u00dfe Libelle mit einer Fl\u00fcgelspannweite von maximal sechs Zentimetern. Der Kopf, der Brustabschnitt (<a title=\"Thorax (Gliederf\u00fc\u00dfer)\" href=\"https:\/\/de.wikipedia.org\/wiki\/Thorax_(Gliederf%C3%BC%C3%9Fer)\" target=\"_blank\" rel=\"noopener noreferrer\">Thorax<\/a>) und der Hinterleib (<a title=\"Abdomen (Gliederf\u00fc\u00dfer)\" href=\"https:\/\/de.wikipedia.org\/wiki\/Abdomen_(Gliederf%C3%BC%C3%9Fer)\" target=\"_blank\" rel=\"noopener noreferrer\">Abdomen<\/a>) sind beim M\u00e4nnchen auffallend rot, beim Weibchen eher br\u00e4unlich-gelbrot mit schwarzer Zeichnung gef\u00e4rbt, wobei gerade bei dieser Spezies aber auch rotgef\u00e4rbte Weibchen nicht selten sind. Die Beine sind komplett schwarz und besitzen oberseits keine gelbe oder r\u00f6tliche F\u00e4rbung wie bei den ansonsten sehr \u00e4hnlichen Arten <a href=\"http:\/\/woerrlein-naturfoto.de\/wordpress\/segellibellen-a-z\/grosse-heidelibelle\/\" target=\"_blank\" rel=\"noopener noreferrer\">Gro\u00dfe Heidelibelle<\/a> (<i>Sympetrum striolatum<\/i>) und <a href=\"http:\/\/woerrlein-naturfoto.de\/wordpress\/segellibellen-a-z\/gemeine-heidelibelle\/\" target=\"_blank\" rel=\"noopener noreferrer\">Gemeine Heidelibelle <\/a>(<i>Sympetrum vulgatum<\/i>). Wie bei der Letztgenannten ist auch bei der Blutroten Heidelibelle der Hinterleib des M\u00e4nnchens im hinteren Drittel verbreitert (jedoch nicht abgeflacht wie bei der <a href=\"http:\/\/woerrlein-naturfoto.de\/wordpress\/segellibellen-a-z\/sumpfheidelibelle\/\" target=\"_blank\" rel=\"noopener noreferrer\">Sumpf-Heidelibelle<\/a>). Die Hinterfl\u00fcgel von <i>Sympetrum sanguineum<\/i> sind an der Basis etwas gelblich gef\u00e4rbt \u2013 aber nicht so ausgedehnt wie bei der <a title=\"Gefleckte Heidelibelle\" href=\"https:\/\/de.wikipedia.org\/wiki\/Gefleckte_Heidelibelle\" target=\"_blank\" rel=\"noopener noreferrer\">Gefleckten Heidelibelle<\/a>.<br \/>\n<a title=\"\" href=\"https:\/\/de.wikipedia.org\/wiki\/Imago_(Zoologie)\" target=\"_blank\" rel=\"noopener noreferrer\">Imagines<\/a> der Blutroten Heidelibelle sind in den Monaten Juli bis November an kleinen Stillgew\u00e4ssern aller Art anzutreffen. Die Paarung und die Eiablage finden im Flug statt, wobei die Tiere in Tandemstellung \u00fcber das Wasser in Ufern\u00e4he zwischen Wasserpflanzen oder \u00fcber feuchtem Boden fliegen. Die Weibchen streifen ihre Eier durch wippende Bewegungen des Hinterleibs an der Wasseroberfl\u00e4che ab. Das M\u00e4nnchen trennt sich relativ bald vom Weibchen und \u00fcberwacht die weitere Eiablage im R\u00fcttelflug, wobei es andere M\u00e4nnchen, die sich n\u00e4hern, verjagt. H\u00e4ufig verliert es dabei allerdings das Weibchen aus den Augen, das weiter Eier legt.<br \/>\nDie Larven schl\u00fcpfen im Jahr nach der Eiablage. Sie bevorzugen den Bereich auf dem Gew\u00e4ssergrund oder zwischen Wasserpflanzen und sind h\u00e4ufig mit Bodensubstrat behaftet. Ihre aquatile Entwicklung dauert ein Jahr; danach folgt die Metamorphose zur fertigen Libelle.<\/p>\n<p><strong>Flugzeit:<\/strong>\u00a0\u00a0\u00a0\u00a0 Juli bis November<\/p>\n<p>Zur Galerie <a title=\"Segellibelen\" href=\"http:\/\/woerrlein-naturfoto.de\/wordpress\/hauptseite-insekten\/insekten\/libellen\/segellibelen\/\">Segellibellen<\/a><\/p>\n<p><em>Quelle des Textauszuges und weitere Infos bei <\/em><a href=\"https:\/\/de.wikipedia.org\/wiki\/Blutrote_Heidelibelle\" target=\"_blank\" rel=\"noopener noreferrer\">Wikipedia<\/a><em> (<\/em><a href=\"http:\/\/www.gnu.org\/licenses\/fdl-1.3.txt\" target=\"_blank\" rel=\"noopener noreferrer\">GNU-Lizenz<\/a><em>)\u2013 mein Dank gilt den <\/em><a href=\"https:\/\/de.wikipedia.org\/w\/index.php?title=Blutrote_Heidelibelle&amp;action=history\" target=\"_blank\" rel=\"noopener noreferrer\">Autoren<\/a><em>.<\/em><\/p>\n","protected":false},"excerpt":{"rendered":"<p>Insekten -&gt; Libellen -&gt; Segellibellen Insekten von A-Z zur Galerie Segellibellen Die Blutrote Heidelibelle (Sympetrum sanguineum) ist eine Libellenart aus der Familie der Segellibellen. Diese geh\u00f6ren zu den Gro\u00dflibellen. Es handelt sich dabei um eine mittelgro\u00dfe Libelle mit einer Fl\u00fcgelspannweite von maximal sechs Zentimetern. Der Kopf, der Brustabschnitt (Thorax) und der Hinterleib (Abdomen) sind beim &hellip; <a href=\"https:\/\/woerrlein-naturfoto.de\/wordpress\/segellibellen-a-z\/blutrote-heidelibelle\/\" class=\"more-link\"><span class=\"screen-reader-text\">Blutrote Heidelibelle<\/span> weiterlesen <span class=\"meta-nav\">&rarr;<\/span><\/a><\/p>\n","protected":false},"author":1,"featured_media":0,"parent":3560,"menu_order":0,"comment_status":"closed","ping_status":"closed","template":"page-templates\/full-width.php","meta":{"footnotes":""},"class_list":["post-10135","page","type-page","status-publish","hentry"],"_links":{"self":[{"href":"https:\/\/woerrlein-naturfoto.de\/wordpress\/wp-json\/wp\/v2\/pages\/10135","targetHints":{"allow":["GET"]}}],"collection":[{"href":"https:\/\/woerrlein-naturfoto.de\/wordpress\/wp-json\/wp\/v2\/pages"}],"about":[{"href":"https:\/\/woerrlein-naturfoto.de\/wordpress\/wp-json\/wp\/v2\/types\/page"}],"author":[{"embeddable":true,"href":"https:\/\/woerrlein-naturfoto.de\/wordpress\/wp-json\/wp\/v2\/users\/1"}],"replies":[{"embeddable":true,"href":"https:\/\/woerrlein-naturfoto.de\/wordpress\/wp-json\/wp\/v2\/comments?post=10135"}],"version-history":[{"count":3,"href":"https:\/\/woerrlein-naturfoto.de\/wordpress\/wp-json\/wp\/v2\/pages\/10135\/revisions"}],"predecessor-version":[{"id":10138,"href":"https:\/\/woerrlein-naturfoto.de\/wordpress\/wp-json\/wp\/v2\/pages\/10135\/revisions\/10138"}],"up":[{"embeddable":true,"href":"https:\/\/woerrlein-naturfoto.de\/wordpress\/wp-json\/wp\/v2\/pages\/3560"}],"wp:attachment":[{"href":"https:\/\/woerrlein-naturfoto.de\/wordpress\/wp-json\/wp\/v2\/media?parent=10135"}],"curies":[{"name":"wp","href":"https:\/\/api.w.org\/{rel}","templated":true}]}}