{"id":10050,"date":"2018-08-28T21:32:04","date_gmt":"2018-08-28T19:32:04","guid":{"rendered":"http:\/\/woerrlein-naturfoto.de\/wordpress\/?page_id=10050"},"modified":"2022-07-20T15:07:53","modified_gmt":"2022-07-20T13:07:53","slug":"argus-blaeuling","status":"publish","type":"page","link":"https:\/\/woerrlein-naturfoto.de\/wordpress\/blaeulinge-a-z\/argus-blaeuling\/","title":{"rendered":"Argus-Bl\u00e4uling"},"content":{"rendered":"<p><a href=\"http:\/\/woerrlein-naturfoto.de\/wordpress\/insekten\/\"><span style=\"color: #ffff66;\">Insekten<\/span> <\/a>-&gt;<a href=\"http:\/\/woerrlein-naturfoto.de\/wordpress\/hauptseite-insekten\/insekten\/schmetterlinge-2\/\"> <span style=\"color: #ffff66;\">Schmetterlinge<\/span><\/a><br \/>\n<a title=\"Insekten A-Z\" href=\"http:\/\/woerrlein-naturfoto.de\/wordpress\/insekten-a-z\/\">Insekten von A-Z<\/a><br \/>\nzur Galerie <a href=\"https:\/\/woerrlein-naturfoto.de\/wordpress\/hauptseite-insekten\/insekten\/schmetterlinge-2\/blaeulinge\/\">Bl\u00e4ulinge I<\/a><\/p>\n<p><img loading=\"lazy\" decoding=\"async\" class=\"alignleft wp-image-10023\" src=\"http:\/\/woerrlein-naturfoto.de\/wordpress\/wp-content\/uploads\/2015\/01\/SilbergruenerBlaeuling_D180617_9752-400x600.jpg\" alt=\"\" width=\"267\" height=\"400\" \/>Der <b>Gei\u00dfklee-Bl\u00e4uling<\/b> (<i>Plebejus argus<\/i>), auch <b>Argus-Bl\u00e4uling<\/b> genannt, ist ein Tagfalter aus der Familie der Bl\u00e4ulinge. 2008 wurde er zum <a title=\"Schmetterling des Jahres\" href=\"https:\/\/de.wikipedia.org\/wiki\/Schmetterling_des_Jahres\" target=\"_blank\" rel=\"noopener noreferrer\">Schmetterling des Jahres<\/a> gek\u00fcrt.<br \/>\nDie Fl\u00fcgelspannweite dieser kleinen Falter betr\u00e4gt zwischen 20 und 30 Millimetern. Die M\u00e4nnchen sind oberseits Azurblau gef\u00e4rbt und am Fl\u00fcgelsaum br\u00e4unlich mit wei\u00dfem gefransten Rand. Ihre <a title=\"Tibia (Gliederf\u00fc\u00dfer)\" href=\"https:\/\/de.wikipedia.org\/wiki\/Tibia_(Gliederf%C3%BC%C3%9Fer)\" target=\"_blank\" rel=\"noopener noreferrer\">Tibia<\/a> der Vorderbeine besitzen einen kr\u00e4ftigen Dorn. Die Weibchen sind auf der Fl\u00fcgeloberseite braun und haben auf den Hinterfl\u00fcgeln orange Flecken im Bereich des Fl\u00fcgelsaums. Die Unterseite beider Geschlechter ist hellgrau mit schwarzen Flecken, welche auf den Hinterfl\u00fcgeln ins gr\u00fcnliche \u00fcbergehen, und orangen Flecken am Fl\u00fcgelrand. Der K\u00f6rper ist oberseits blaugrau und unterseits heller graublau gef\u00e4rbt.<br \/>\n<i>Plebeius argus<\/i> ist weit verbreitet von Nord- und Ost-Spanien bis nach Skandinavien. Er kommt ebenfalls in Griechenland und im europ\u00e4ischen Teil der T\u00fcrkei vor, nicht jedoch in Irland und Schottland. Da die Raupen von <i>Plebeius argus<\/i> ausgepr\u00e4gt <a title=\"Myrmekophilie\" href=\"https:\/\/de.wikipedia.org\/wiki\/Myrmekophilie\" target=\"_blank\" rel=\"noopener noreferrer\">myrmekophil<\/a> sind, findet die Eiablage in der N\u00e4he von Ameisennestern statt. Erwachsene Raupen verpuppen sich in Ameisennestern, in die sie von Arbeiterinnen hineingezogen werden. Symbiosen werden mit Schwarze Wegameise (<i>Lasius niger<\/i>), Fremde Wegameise (<i>Lasius alienus<\/i>) und Aschgraue Sklavenameise (<i>Formica cinerea<\/i>) gebildet.<br \/>\nIn Europa ist der Bestand des Gei\u00dfklee-Bl\u00e4ulings stabil. In Deutschland ist er gef\u00e4hrdet, Rote Liste 3.<\/p>\n<p><strong>Flugzeit:<\/strong>\u00a0\u00a0\u00a0\u00a0 Mai bis Juni und Juli bis August, in zwei Generationen.<\/p>\n<p>Zur Galerie <a href=\"https:\/\/woerrlein-naturfoto.de\/wordpress\/hauptseite-insekten\/insekten\/schmetterlinge-2\/blaeulinge\/\">Bl\u00e4ulinge I<\/a><\/p>\n<p><em>Quelle des Textauszuges und weitere Infos bei <\/em><a href=\"https:\/\/de.wikipedia.org\/wiki\/Gei%C3%9Fklee-Bl%C3%A4uling\" target=\"_blank\" rel=\"noopener noreferrer\">Wikipedia<\/a><em> (<\/em><a href=\"http:\/\/www.gnu.org\/licenses\/fdl-1.3.txt\" target=\"_blank\" rel=\"noopener noreferrer\">GNU-Lizenz<\/a><em>)\u2013 mein Dank gilt den <\/em><a href=\"https:\/\/de.wikipedia.org\/w\/index.php?title=Gei%C3%9Fklee-Bl%C3%A4uling&amp;action=history\" target=\"_blank\" rel=\"noopener noreferrer\">Autoren<\/a><em>.<\/em><\/p>\n","protected":false},"excerpt":{"rendered":"<p>Insekten -&gt; Schmetterlinge Insekten von A-Z zur Galerie Bl\u00e4ulinge I Der Gei\u00dfklee-Bl\u00e4uling (Plebejus argus), auch Argus-Bl\u00e4uling genannt, ist ein Tagfalter aus der Familie der Bl\u00e4ulinge. 2008 wurde er zum Schmetterling des Jahres gek\u00fcrt. Die Fl\u00fcgelspannweite dieser kleinen Falter betr\u00e4gt zwischen 20 und 30 Millimetern. Die M\u00e4nnchen sind oberseits Azurblau gef\u00e4rbt und am Fl\u00fcgelsaum br\u00e4unlich mit &hellip; <a href=\"https:\/\/woerrlein-naturfoto.de\/wordpress\/blaeulinge-a-z\/argus-blaeuling\/\" class=\"more-link\"><span class=\"screen-reader-text\">Argus-Bl\u00e4uling<\/span> weiterlesen <span class=\"meta-nav\">&rarr;<\/span><\/a><\/p>\n","protected":false},"author":1,"featured_media":0,"parent":11125,"menu_order":0,"comment_status":"closed","ping_status":"closed","template":"page-templates\/full-width.php","meta":{"footnotes":""},"class_list":["post-10050","page","type-page","status-publish","hentry"],"_links":{"self":[{"href":"https:\/\/woerrlein-naturfoto.de\/wordpress\/wp-json\/wp\/v2\/pages\/10050","targetHints":{"allow":["GET"]}}],"collection":[{"href":"https:\/\/woerrlein-naturfoto.de\/wordpress\/wp-json\/wp\/v2\/pages"}],"about":[{"href":"https:\/\/woerrlein-naturfoto.de\/wordpress\/wp-json\/wp\/v2\/types\/page"}],"author":[{"embeddable":true,"href":"https:\/\/woerrlein-naturfoto.de\/wordpress\/wp-json\/wp\/v2\/users\/1"}],"replies":[{"embeddable":true,"href":"https:\/\/woerrlein-naturfoto.de\/wordpress\/wp-json\/wp\/v2\/comments?post=10050"}],"version-history":[{"count":6,"href":"https:\/\/woerrlein-naturfoto.de\/wordpress\/wp-json\/wp\/v2\/pages\/10050\/revisions"}],"predecessor-version":[{"id":15010,"href":"https:\/\/woerrlein-naturfoto.de\/wordpress\/wp-json\/wp\/v2\/pages\/10050\/revisions\/15010"}],"up":[{"embeddable":true,"href":"https:\/\/woerrlein-naturfoto.de\/wordpress\/wp-json\/wp\/v2\/pages\/11125"}],"wp:attachment":[{"href":"https:\/\/woerrlein-naturfoto.de\/wordpress\/wp-json\/wp\/v2\/media?parent=10050"}],"curies":[{"name":"wp","href":"https:\/\/api.w.org\/{rel}","templated":true}]}}