{"id":10046,"date":"2018-08-28T21:07:37","date_gmt":"2018-08-28T19:07:37","guid":{"rendered":"http:\/\/woerrlein-naturfoto.de\/wordpress\/?page_id=10046"},"modified":"2022-07-20T15:12:48","modified_gmt":"2022-07-20T13:12:48","slug":"himmelblauer-blaeuling","status":"publish","type":"page","link":"https:\/\/woerrlein-naturfoto.de\/wordpress\/blaeulinge-a-z\/himmelblauer-blaeuling\/","title":{"rendered":"Himmelblauer Bl\u00e4uling"},"content":{"rendered":"<p><a href=\"http:\/\/woerrlein-naturfoto.de\/wordpress\/insekten\/\"><span style=\"color: #ffff66;\">Insekten<\/span> <\/a>-&gt;<a href=\"http:\/\/woerrlein-naturfoto.de\/wordpress\/hauptseite-insekten\/insekten\/schmetterlinge-2\/\"> <span style=\"color: #ffff66;\">Schmetterlinge<\/span><\/a><br \/>\n<a title=\"Insekten A-Z\" href=\"http:\/\/woerrlein-naturfoto.de\/wordpress\/insekten-a-z\/\">Insekten von A-Z<\/a><br \/>\nzur Galerie <a href=\"https:\/\/woerrlein-naturfoto.de\/wordpress\/hauptseite-insekten\/insekten\/schmetterlinge-2\/blaeulinge\/\">Bl\u00e4ulinge I<\/a><\/p>\n<p><img loading=\"lazy\" decoding=\"async\" class=\"alignleft wp-image-10030\" src=\"http:\/\/woerrlein-naturfoto.de\/wordpress\/wp-content\/uploads\/2015\/01\/Himmelblauer_Blaeuling_AW_52926_4581x3054-600x400.jpg\" alt=\"\" width=\"600\" height=\"400\" \/>Der <b>Himmelblaue Bl\u00e4uling<\/b> (<i>Polyommatus bellargus<\/i>) ist ein Schmetterling aus der Familie der Bl\u00e4ulinge.<br \/>\nDie Fl\u00fcgelspannweite der Falter ist zwischen 30 und 40 Millimeter gro\u00df. Die Fl\u00fcgeloberseiten der Weibchen sind wie bei vielen Arten der Bl\u00e4ulinge braun, w\u00e4hrend die der M\u00e4nnchen leuchtend blau gef\u00e4rbt sind. Dem intensiven Blau hat die Art ihren Namen zu verdanken. Die blaue Fl\u00fcgeloberseite der M\u00e4nnchen hat eine feine, schwarze Randlinie und wei\u00dfe Fransen an den Au\u00dfenkanten, die braune Flecke in H\u00f6he der Fl\u00fcgeladern haben. Die Hinterfl\u00fcgel haben kleine dunkle Randpunkte. Die Fl\u00fcgelunterseite ist hellbraun bis graubraun mit hell umrandeten schwarzen und orangen Flecken in der <a title=\"Fl\u00fcgel (Schmetterling)\" href=\"https:\/\/de.wikipedia.org\/wiki\/Fl%C3%BCgel_(Schmetterling)#Regionen\" target=\"_blank\" rel=\"noopener noreferrer\">Submarginalregion<\/a>. Die M\u00e4nnchen sind in ihrer F\u00e4rbung variabel, so dass sie manchmal einen gr\u00fcnlichen Schimmer haben.<br \/>\nDie Fl\u00fcgeloberseite der Weibchen ist braun, teilweise blau \u00fcbergossen, besonders Richtung <a title=\"Fl\u00fcgel (Schmetterling)\" href=\"https:\/\/de.wikipedia.org\/wiki\/Fl%C3%BCgel_(Schmetterling)#Regionen\" target=\"_blank\" rel=\"noopener noreferrer\">Basalregion<\/a>. Auf dem Rand der Hinterfl\u00fcgel und selten auch auf den Vorderfl\u00fcgeln befinden sich kr\u00e4ftige orange Flecken, die auf den Hinterfl\u00fcgeln zus\u00e4tzlich einen wei\u00dfen u-f\u00f6rmigen Bogen zum Fl\u00fcgelrand haben.<br \/>\nDie Art kommt vor allem im Bergland auf sonnigen, mageren Wiesen und Trockenh\u00e4ngen in H\u00f6hen von 100 bis 2000 Metern vor. Der Himmelblaue Bl\u00e4uling ist weit verbreitet in S\u00fcd- und Mitteleuropa bis zum 55\u00b0 n\u00f6rdl. Breite. Von den Mittelmeerk\u00fcsten und dem europ\u00e4ischen Teil der T\u00fcrkei bis zum S\u00fcden Englands und Litauen. Er ist selten in S\u00fcdspanien und fehlt im n\u00f6rdlichen Belgien, den Niederlanden und Norddeutschland sowie im S\u00fcden Italiens s\u00fcdlich von Neapel und in S\u00fcdgriechenland sowie auf den Mittelmeerinseln au\u00dfer auf Mallorca.<\/p>\n<p><strong>Flugzeit:<\/strong>\u00a0\u00a0\u00a0\u00a0 Mitte Mai bis Juni und Ende Juli bis Mitte September in zwei Generationen.<\/p>\n<p>Zur Galerie <a href=\"https:\/\/woerrlein-naturfoto.de\/wordpress\/hauptseite-insekten\/insekten\/schmetterlinge-2\/blaeulinge\/\">Bl\u00e4ulinge I<\/a><\/p>\n<p><em>Quelle des Textauszuges und weitere Infos bei <\/em><a href=\"https:\/\/de.wikipedia.org\/wiki\/Himmelblauer_Bl%C3%A4uling\" target=\"_blank\" rel=\"noopener noreferrer\">Wikipedia<\/a><em> (<\/em><a href=\"http:\/\/www.gnu.org\/licenses\/fdl-1.3.txt\" target=\"_blank\" rel=\"noopener noreferrer\">GNU-Lizenz<\/a><em>)\u2013 mein Dank gilt den <\/em><a href=\"https:\/\/de.wikipedia.org\/w\/index.php?title=Himmelblauer_Bl%C3%A4uling&amp;action=history\" target=\"_blank\" rel=\"noopener noreferrer\">Autoren<\/a><em>.<\/em><\/p>\n","protected":false},"excerpt":{"rendered":"<p>Insekten -&gt; Schmetterlinge Insekten von A-Z zur Galerie Bl\u00e4ulinge I Der Himmelblaue Bl\u00e4uling (Polyommatus bellargus) ist ein Schmetterling aus der Familie der Bl\u00e4ulinge. Die Fl\u00fcgelspannweite der Falter ist zwischen 30 und 40 Millimeter gro\u00df. Die Fl\u00fcgeloberseiten der Weibchen sind wie bei vielen Arten der Bl\u00e4ulinge braun, w\u00e4hrend die der M\u00e4nnchen leuchtend blau gef\u00e4rbt sind. Dem &hellip; <a href=\"https:\/\/woerrlein-naturfoto.de\/wordpress\/blaeulinge-a-z\/himmelblauer-blaeuling\/\" class=\"more-link\"><span class=\"screen-reader-text\">Himmelblauer Bl\u00e4uling<\/span> weiterlesen <span class=\"meta-nav\">&rarr;<\/span><\/a><\/p>\n","protected":false},"author":1,"featured_media":0,"parent":11125,"menu_order":0,"comment_status":"closed","ping_status":"closed","template":"page-templates\/full-width.php","meta":{"footnotes":""},"class_list":["post-10046","page","type-page","status-publish","hentry"],"_links":{"self":[{"href":"https:\/\/woerrlein-naturfoto.de\/wordpress\/wp-json\/wp\/v2\/pages\/10046","targetHints":{"allow":["GET"]}}],"collection":[{"href":"https:\/\/woerrlein-naturfoto.de\/wordpress\/wp-json\/wp\/v2\/pages"}],"about":[{"href":"https:\/\/woerrlein-naturfoto.de\/wordpress\/wp-json\/wp\/v2\/types\/page"}],"author":[{"embeddable":true,"href":"https:\/\/woerrlein-naturfoto.de\/wordpress\/wp-json\/wp\/v2\/users\/1"}],"replies":[{"embeddable":true,"href":"https:\/\/woerrlein-naturfoto.de\/wordpress\/wp-json\/wp\/v2\/comments?post=10046"}],"version-history":[{"count":5,"href":"https:\/\/woerrlein-naturfoto.de\/wordpress\/wp-json\/wp\/v2\/pages\/10046\/revisions"}],"predecessor-version":[{"id":15014,"href":"https:\/\/woerrlein-naturfoto.de\/wordpress\/wp-json\/wp\/v2\/pages\/10046\/revisions\/15014"}],"up":[{"embeddable":true,"href":"https:\/\/woerrlein-naturfoto.de\/wordpress\/wp-json\/wp\/v2\/pages\/11125"}],"wp:attachment":[{"href":"https:\/\/woerrlein-naturfoto.de\/wordpress\/wp-json\/wp\/v2\/media?parent=10046"}],"curies":[{"name":"wp","href":"https:\/\/api.w.org\/{rel}","templated":true}]}}