{"id":10013,"date":"2018-07-31T21:23:47","date_gmt":"2018-07-31T19:23:47","guid":{"rendered":"http:\/\/woerrlein-naturfoto.de\/wordpress\/?page_id=10013"},"modified":"2018-07-31T21:26:45","modified_gmt":"2018-07-31T19:26:45","slug":"gebirgsstelze","status":"publish","type":"page","link":"https:\/\/woerrlein-naturfoto.de\/wordpress\/stelzen-wasseramseln-a-z\/gebirgsstelze\/","title":{"rendered":"Gebirgsstelze"},"content":{"rendered":"<p><a href=\"http:\/\/woerrlein-naturfoto.de\/wordpress\/voegel\/\"><span style=\"color: #ffff66;\">V\u00f6gel<\/span> <\/a>-&gt;<a href=\"http:\/\/woerrlein-naturfoto.de\/wordpress\/voegel\/sperlingsvoegel\/\"> <span style=\"color: #ffff66;\">Sperlingsv\u00f6gel<\/span> <\/a>-&gt;<a href=\"http:\/\/woerrlein-naturfoto.de\/wordpress\/hauptseite-voegel\/voegel\/sperlingsvoegel-2\/stelzen-wasseramseln\/\"> <span style=\"color: #ffff66;\">Stelzen, Wasseramseln<\/span><\/a><br \/>\n<a title=\"V\u00f6gel von A-Z\" href=\"http:\/\/woerrlein-naturfoto.de\/wordpress\/voegel\/voegel_von_a-z\/\">V\u00f6gel von A-Z<\/a><br \/>\nzur Galerie <a title=\"Stelzen, Wasseramseln\" href=\"http:\/\/woerrlein-naturfoto.de\/wordpress\/hauptseite-voegel\/voegel\/sperlingsvoegel-2\/stelzen-wasseramseln\/\">Stelzen, Wasseramseln<\/a><\/p>\n<p><img loading=\"lazy\" decoding=\"async\" class=\"alignleft wp-image-9915\" src=\"http:\/\/woerrlein-naturfoto.de\/wordpress\/wp-content\/uploads\/2018\/06\/Gebirgsstelze_AW13083L_5462x3641-600x400.jpg\" alt=\"\" width=\"600\" height=\"400\" srcset=\"https:\/\/woerrlein-naturfoto.de\/wordpress\/wp-content\/uploads\/2018\/06\/Gebirgsstelze_AW13083L_5462x3641-600x400.jpg 600w, https:\/\/woerrlein-naturfoto.de\/wordpress\/wp-content\/uploads\/2018\/06\/Gebirgsstelze_AW13083L_5462x3641-768x511.jpg 768w, https:\/\/woerrlein-naturfoto.de\/wordpress\/wp-content\/uploads\/2018\/06\/Gebirgsstelze_AW13083L_5462x3641-120x80.jpg 120w, https:\/\/woerrlein-naturfoto.de\/wordpress\/wp-content\/uploads\/2018\/06\/Gebirgsstelze_AW13083L_5462x3641.jpg 1000w\" sizes=\"auto, (max-width: 600px) 100vw, 600px\" \/>Die <b>Gebirgsstelze<\/b> (<i>Motacilla cinerea<\/i>) oder <b>Bergstelze<\/b> ist eine Singvogelart aus der Familie der Stelzen und Pieper. Die sehr langschw\u00e4nzige, oberseits graue und unterseits intensiv gelbe Stelze besiedelt schnell flie\u00dfende, meist bewaldete Gew\u00e4sser und ern\u00e4hrt sich vorwiegend von Insekten und deren Larven. Sie br\u00fctet oft an Wehren, Br\u00fccken oder M\u00fchlen. Das Verbreitungsgebiet reicht von den Inseln des Ostatlantik und dem Atlasgebirge in Nordafrika \u00fcber gro\u00dfe Teile Eurasiens, wo die Art allerdings in Nordeuropa, dem europ\u00e4ischen Teil Russlands und gro\u00dfen Teilen Zentralasiens weitgehend fehlt. Die meisten Gebirgsstelzen des atlantisch beeinflussten Europas und der subtropischen Regionen sind Standv\u00f6gel, n\u00f6rdlicher br\u00fctende Populationen und die meisten asiatischen V\u00f6gel \u00fcberwintern in den subtropischen und tropischen Regionen Europas, Afrikas und Asiens. Die Art hat sich seit etwa 1850 von den zentraleurop\u00e4ischen Mittelgebirgen aus in die norddeutsche Tiefebene und nach Polen ausgebreitet und von dort auch neue Brutr\u00e4ume in den Niederlanden, Nordeuropa und dem Baltikum erschlossen.<\/p>\n<p>L\u00e4nge: 18-19 cm\u00a0\u00a0 Spannweite: 25-27 cm\u00a0\u00a0 Gewicht: 15-22 g\u00a0\u00a0 Gelege: 4-5 Eier<\/p>\n<p>Zur Galerie <a title=\"Stelzen, Wasseramseln\" href=\"http:\/\/woerrlein-naturfoto.de\/wordpress\/hauptseite-voegel\/voegel\/sperlingsvoegel-2\/stelzen-wasseramseln\/\">Stelzen, Wasseramseln<\/a><\/p>\n<p><em>Quelle des Textauszuges und weitere Infos bei <\/em><a href=\"https:\/\/de.wikipedia.org\/wiki\/Gebirgsstelze\" target=\"_blank\" rel=\"noopener noreferrer\">Wikipedia<\/a> <em>(<\/em><a href=\"http:\/\/www.gnu.org\/licenses\/fdl-1.3.txt\" target=\"_blank\" rel=\"noopener noreferrer\">GNU-Lizenz<\/a><em>)<\/em> \u2013 <em>mein Dank gilt den<\/em> <a href=\"https:\/\/de.wikipedia.org\/w\/index.php?title=Gebirgsstelze&amp;action=history\" target=\"_blank\" rel=\"noopener noreferrer\">Autoren<\/a>.<\/p>\n","protected":false},"excerpt":{"rendered":"<p>V\u00f6gel -&gt; Sperlingsv\u00f6gel -&gt; Stelzen, Wasseramseln V\u00f6gel von A-Z zur Galerie Stelzen, Wasseramseln Die Gebirgsstelze (Motacilla cinerea) oder Bergstelze ist eine Singvogelart aus der Familie der Stelzen und Pieper. Die sehr langschw\u00e4nzige, oberseits graue und unterseits intensiv gelbe Stelze besiedelt schnell flie\u00dfende, meist bewaldete Gew\u00e4sser und ern\u00e4hrt sich vorwiegend von Insekten und deren Larven. Sie &hellip; <a href=\"https:\/\/woerrlein-naturfoto.de\/wordpress\/stelzen-wasseramseln-a-z\/gebirgsstelze\/\" class=\"more-link\"><span class=\"screen-reader-text\">Gebirgsstelze<\/span> weiterlesen <span class=\"meta-nav\">&rarr;<\/span><\/a><\/p>\n","protected":false},"author":1,"featured_media":0,"parent":2978,"menu_order":0,"comment_status":"closed","ping_status":"closed","template":"page-templates\/full-width.php","meta":{"footnotes":""},"class_list":["post-10013","page","type-page","status-publish","hentry"],"_links":{"self":[{"href":"https:\/\/woerrlein-naturfoto.de\/wordpress\/wp-json\/wp\/v2\/pages\/10013","targetHints":{"allow":["GET"]}}],"collection":[{"href":"https:\/\/woerrlein-naturfoto.de\/wordpress\/wp-json\/wp\/v2\/pages"}],"about":[{"href":"https:\/\/woerrlein-naturfoto.de\/wordpress\/wp-json\/wp\/v2\/types\/page"}],"author":[{"embeddable":true,"href":"https:\/\/woerrlein-naturfoto.de\/wordpress\/wp-json\/wp\/v2\/users\/1"}],"replies":[{"embeddable":true,"href":"https:\/\/woerrlein-naturfoto.de\/wordpress\/wp-json\/wp\/v2\/comments?post=10013"}],"version-history":[{"count":3,"href":"https:\/\/woerrlein-naturfoto.de\/wordpress\/wp-json\/wp\/v2\/pages\/10013\/revisions"}],"predecessor-version":[{"id":10016,"href":"https:\/\/woerrlein-naturfoto.de\/wordpress\/wp-json\/wp\/v2\/pages\/10013\/revisions\/10016"}],"up":[{"embeddable":true,"href":"https:\/\/woerrlein-naturfoto.de\/wordpress\/wp-json\/wp\/v2\/pages\/2978"}],"wp:attachment":[{"href":"https:\/\/woerrlein-naturfoto.de\/wordpress\/wp-json\/wp\/v2\/media?parent=10013"}],"curies":[{"name":"wp","href":"https:\/\/api.w.org\/{rel}","templated":true}]}}