{"id":1001,"date":"2014-08-24T17:16:46","date_gmt":"2014-08-24T15:16:46","guid":{"rendered":"http:\/\/woerrlein-naturfoto.de\/wordpress\/?page_id=1001"},"modified":"2015-02-16T12:52:51","modified_gmt":"2015-02-16T11:52:51","slug":"sturmmoewe","status":"publish","type":"page","link":"https:\/\/woerrlein-naturfoto.de\/wordpress\/moewen-a-z\/sturmmoewe\/","title":{"rendered":"Sturmm\u00f6we"},"content":{"rendered":"<p><a href=\"http:\/\/woerrlein-naturfoto.de\/wordpress\/voegel\/\"><span style=\"color: #ffff66;\">V\u00f6gel<\/span> <\/a>-&gt;<a href=\"http:\/\/woerrlein-naturfoto.de\/wordpress\/hauptseite-voegel\/voegel\/watvoegel-2\"> <span style=\"color: #ffff66;\">Watv\u00f6gel<\/span> <\/a>-&gt;<a href=\"http:\/\/woerrlein-naturfoto.de\/wordpress\/hauptseite-voegel\/voegel\/watvoegel\/moewen-2\/\"> <span style=\"color: #ffff66;\">M\u00f6wen<\/span><\/a><br \/>\n<a title=\"V\u00f6gel von A-Z\" href=\"http:\/\/woerrlein-naturfoto.de\/wordpress\/voegel\/voegel_von_a-z\/\">V\u00f6gel von A-Z<\/a><br \/>\nZur Galerie <a title=\"M\u00f6wen\" href=\"http:\/\/woerrlein-naturfoto.de\/wordpress\/hauptseite-voegel\/voegel\/watvoegel\/moewen-2\/\">M\u00f6wen<\/a><\/p>\n<p><img loading=\"lazy\" decoding=\"async\" class=\"alignleft wp-image-944\" src=\"http:\/\/woerrlein-naturfoto.de\/wordpress\/wp-content\/uploads\/Sturmmoewe_AW_22688_v-600x400.jpg\" alt=\"Sturmmoewe_AW_22688_v.jpg\" width=\"600\" height=\"400\" srcset=\"https:\/\/woerrlein-naturfoto.de\/wordpress\/wp-content\/uploads\/Sturmmoewe_AW_22688_v-600x400.jpg 600w, https:\/\/woerrlein-naturfoto.de\/wordpress\/wp-content\/uploads\/Sturmmoewe_AW_22688_v-120x80.jpg 120w, https:\/\/woerrlein-naturfoto.de\/wordpress\/wp-content\/uploads\/Sturmmoewe_AW_22688_v.jpg 1000w\" sizes=\"auto, (max-width: 600px) 100vw, 600px\" \/><\/p>\n<p>Die <b>Sturmm\u00f6we<\/b> (<i>Larus canus<\/i>) ist eine Vogelart aus der Familie der M\u00f6wen und die kleinste Art der Gattung <i>Larus<\/i>. Ihre Verbreitung liegt vorwiegend in den gem\u00e4\u00dfigten Breiten und reicht durch ganz Eurasien sowie \u00fcber die Beringstra\u00dfe hinweg im Nordwesten Nordamerikas von Alaska bis Zentralkanada. Im Ostteil Nordamerikas wird die Art \u00f6kologisch durch die sehr \u00e4hnliche, etwas gr\u00f6\u00dfere und nahe verwandte Ringschnabelm\u00f6we ersetzt. Die amerikanische Unterart wird von manchen Autoren auch als eigene Art angesehen. Die Sturmm\u00f6we br\u00fctet meist in kleineren Kolonien von bis zu 50 Paaren, es kommen jedoch an der K\u00fcste bisweilen auch gr\u00f6\u00dfere mit mehreren tausend Paaren vor. Das Nest wird meist am Boden errichtet, kann aber auch erh\u00f6ht liegen und sogar Baumnester kommen vor. Die Nahrung besteht aus Regenw\u00fcrmern, Watt- oder Seeringelw\u00fcrmern, Insekten (vor allem K\u00e4fern), anderen Wirbellosen, kleineren Fischen, Getreide oder Fr\u00fcchten. Auch V\u00f6gel, Eier und kleine S\u00e4ugetiere z\u00e4hlen zum Beutespektrum.<\/p>\n<p>L\u00e4nge: 38-44 cm\u00a0\u00a0 Spannweite: 110-125 cm\u00a0\u00a0 Gewicht: 300-480 g\u00a0\u00a0 Gelege: 3 Eier<\/p>\n<p>Zur Galerie <a title=\"M\u00f6wen\" href=\"http:\/\/woerrlein-naturfoto.de\/wordpress\/hauptseite-voegel\/voegel\/watvoegel\/moewen-2\/\">M\u00f6wen<\/a><\/p>\n<p>&nbsp;<\/p>\n<p><em>Quelle des Textauszuges und weitere Infos bei <\/em><a href=\"http:\/\/de.wikipedia.org\/wiki\/Sturmm%C3%B6we\" target=\"_blank\">Wikipedia<\/a> <em>(<\/em><a href=\"http:\/\/www.gnu.org\/licenses\/fdl-1.3.txt\" target=\"_blank\">GNU-Lizenz<\/a><em>)<\/em> \u2013 <em>mein Dank gilt den<\/em> <a href=\"http:\/\/de.wikipedia.org\/w\/index.php?title=Sturmm%C3%B6we&amp;action=history\" target=\"_blank\">Autoren<\/a>.<\/p>\n","protected":false},"excerpt":{"rendered":"<p>V\u00f6gel -&gt; Watv\u00f6gel -&gt; M\u00f6wen V\u00f6gel von A-Z Zur Galerie M\u00f6wen Die Sturmm\u00f6we (Larus canus) ist eine Vogelart aus der Familie der M\u00f6wen und die kleinste Art der Gattung Larus. Ihre Verbreitung liegt vorwiegend in den gem\u00e4\u00dfigten Breiten und reicht durch ganz Eurasien sowie \u00fcber die Beringstra\u00dfe hinweg im Nordwesten Nordamerikas von Alaska bis Zentralkanada. &hellip; <a href=\"https:\/\/woerrlein-naturfoto.de\/wordpress\/moewen-a-z\/sturmmoewe\/\" class=\"more-link\"><span class=\"screen-reader-text\">Sturmm\u00f6we<\/span> weiterlesen <span class=\"meta-nav\">&rarr;<\/span><\/a><\/p>\n","protected":false},"author":1,"featured_media":0,"parent":961,"menu_order":0,"comment_status":"closed","ping_status":"closed","template":"page-templates\/full-width.php","meta":{"footnotes":""},"class_list":["post-1001","page","type-page","status-publish","hentry"],"_links":{"self":[{"href":"https:\/\/woerrlein-naturfoto.de\/wordpress\/wp-json\/wp\/v2\/pages\/1001","targetHints":{"allow":["GET"]}}],"collection":[{"href":"https:\/\/woerrlein-naturfoto.de\/wordpress\/wp-json\/wp\/v2\/pages"}],"about":[{"href":"https:\/\/woerrlein-naturfoto.de\/wordpress\/wp-json\/wp\/v2\/types\/page"}],"author":[{"embeddable":true,"href":"https:\/\/woerrlein-naturfoto.de\/wordpress\/wp-json\/wp\/v2\/users\/1"}],"replies":[{"embeddable":true,"href":"https:\/\/woerrlein-naturfoto.de\/wordpress\/wp-json\/wp\/v2\/comments?post=1001"}],"version-history":[{"count":12,"href":"https:\/\/woerrlein-naturfoto.de\/wordpress\/wp-json\/wp\/v2\/pages\/1001\/revisions"}],"predecessor-version":[{"id":6249,"href":"https:\/\/woerrlein-naturfoto.de\/wordpress\/wp-json\/wp\/v2\/pages\/1001\/revisions\/6249"}],"up":[{"embeddable":true,"href":"https:\/\/woerrlein-naturfoto.de\/wordpress\/wp-json\/wp\/v2\/pages\/961"}],"wp:attachment":[{"href":"https:\/\/woerrlein-naturfoto.de\/wordpress\/wp-json\/wp\/v2\/media?parent=1001"}],"curies":[{"name":"wp","href":"https:\/\/api.w.org\/{rel}","templated":true}]}}