{"id":10008,"date":"2018-07-31T21:08:42","date_gmt":"2018-07-31T19:08:42","guid":{"rendered":"http:\/\/woerrlein-naturfoto.de\/wordpress\/?page_id=10008"},"modified":"2018-07-31T21:13:43","modified_gmt":"2018-07-31T19:13:43","slug":"ohrenlerche","status":"publish","type":"page","link":"https:\/\/woerrlein-naturfoto.de\/wordpress\/wildes-durcheinander-a-z\/ohrenlerche\/","title":{"rendered":"Ohrenlerche"},"content":{"rendered":"<p><a href=\"http:\/\/woerrlein-naturfoto.de\/wordpress\/voegel\/\"><span style=\"color: #ffff66;\">V\u00f6gel<\/span> <\/a>-&gt;<a href=\"http:\/\/woerrlein-naturfoto.de\/wordpress\/hauptseite-voegel\/voegel\/wildes-durcheinander\/\"> <span style=\"color: #ffff66;\">wildes Durcheinander<\/span><\/a><br \/>\n<a title=\"V\u00f6gel von A-Z\" href=\"http:\/\/woerrlein-naturfoto.de\/wordpress\/voegel\/voegel_von_a-z\/\">V\u00f6gel von A-Z<\/a><br \/>\nZur Galerie <a title=\"wildes Durcheinander\" href=\"http:\/\/woerrlein-naturfoto.de\/wordpress\/hauptseite-voegel\/voegel\/wildes-durcheinander\/\">sonstiger Vogelarten<\/a><\/p>\n<p><img loading=\"lazy\" decoding=\"async\" class=\"alignleft wp-image-9920\" src=\"http:\/\/woerrlein-naturfoto.de\/wordpress\/wp-content\/uploads\/2018\/06\/Ohrenlerche_D180331_0615-600x400.jpg\" alt=\"\" width=\"600\" height=\"400\" srcset=\"https:\/\/woerrlein-naturfoto.de\/wordpress\/wp-content\/uploads\/2018\/06\/Ohrenlerche_D180331_0615-600x400.jpg 600w, https:\/\/woerrlein-naturfoto.de\/wordpress\/wp-content\/uploads\/2018\/06\/Ohrenlerche_D180331_0615-768x512.jpg 768w, https:\/\/woerrlein-naturfoto.de\/wordpress\/wp-content\/uploads\/2018\/06\/Ohrenlerche_D180331_0615-120x80.jpg 120w, https:\/\/woerrlein-naturfoto.de\/wordpress\/wp-content\/uploads\/2018\/06\/Ohrenlerche_D180331_0615.jpg 1000w\" sizes=\"auto, (max-width: 600px) 100vw, 600px\" \/><\/p>\n<p>Die <b>Ohrenlerche<\/b> (<i>Eremophila alpestris<\/i>) ist im Sommer durch eine Gesichtsmaske und \u201eTeufelsh\u00f6rner\u201c, die beim Weibchen k\u00fcrzer sind, unverwechselbar. Die K\u00f6rperl\u00e4nge dieser Lerchenart betr\u00e4gt zwischen 16 und 17\u00a0cm. Zu Fu\u00df ist die Ohrenlerche fast genauso geschickt wie in der Luft.<br \/>\nDas Verbreitungsgebiet der Ohrenlerche ist sehr gro\u00df. Als holarktisch verbreiteter Brutvogel kommt die Art vom Atlasgebirge Marokkos bis nach Nord- und S\u00fcdamerika vor. Sie ist ein regelm\u00e4\u00dfiger Wintergast an den K\u00fcsten Mitteleuropas.<br \/>\nBaum- und strauchlose Gegenden werden von der Ohrenlerche bevorzugt, diese findet sie in s\u00fcdlichen Gebieten oberhalb der Baumgrenze und in der n\u00f6rdlichen Flechtentundra sowie in den nordamerikanischen Great Plains. So gilt sie in North Dakota beispielsweise als der h\u00e4ufigste Brutvogel. Manchmal findet man sie auch an Ufern von Seen oder an der K\u00fcste. In s\u00fcdlichen Verbreitungsgebieten ist die Ohrenlerche meist ein Standvogel, w\u00e4hrend n\u00f6rdliche Populationen im Winter nach S\u00fcden, vorzugsweise in K\u00fcstenbereiche, ziehen. W\u00e4hrend sie im Brutgebiet h\u00e4ufig sehr scheu sind, zeigen Winterg\u00e4ste h\u00e4ufig ein vertrauteres Verhalten.<\/p>\n<p>L\u00e4nge: 16-17 cm\u00a0\u00a0 Spannweite: 30-35 cm\u00a0\u00a0 Gewicht: 30-45 g\u00a0\u00a0 Gelege: 2-4 Eier<\/p>\n<p>Zur Galerie <a title=\"wildes Durcheinander\" href=\"http:\/\/woerrlein-naturfoto.de\/wordpress\/hauptseite-voegel\/voegel\/wildes-durcheinander\/\">sonstiger Vogelarten<\/a><\/p>\n<p><em>Quelle des Textauszuges und weitere Infos bei <\/em><a href=\"https:\/\/de.wikipedia.org\/wiki\/Ohrenlerche\" target=\"_blank\" rel=\"noopener noreferrer\">Wikipedia<\/a><em> (<\/em><a href=\"http:\/\/www.gnu.org\/licenses\/fdl-1.3.txt\" target=\"_blank\" rel=\"noopener noreferrer\">GNU-Lizenz<\/a><em>)\u2013 mein Dank gilt den <\/em><a href=\"https:\/\/de.wikipedia.org\/w\/index.php?title=Ohrenlerche&amp;action=history\" target=\"_blank\" rel=\"noopener noreferrer\">Autoren<\/a><em>.<\/em><\/p>\n","protected":false},"excerpt":{"rendered":"<p>V\u00f6gel -&gt; wildes Durcheinander V\u00f6gel von A-Z Zur Galerie sonstiger Vogelarten Die Ohrenlerche (Eremophila alpestris) ist im Sommer durch eine Gesichtsmaske und \u201eTeufelsh\u00f6rner\u201c, die beim Weibchen k\u00fcrzer sind, unverwechselbar. Die K\u00f6rperl\u00e4nge dieser Lerchenart betr\u00e4gt zwischen 16 und 17\u00a0cm. Zu Fu\u00df ist die Ohrenlerche fast genauso geschickt wie in der Luft. Das Verbreitungsgebiet der Ohrenlerche ist &hellip; <a href=\"https:\/\/woerrlein-naturfoto.de\/wordpress\/wildes-durcheinander-a-z\/ohrenlerche\/\" class=\"more-link\"><span class=\"screen-reader-text\">Ohrenlerche<\/span> weiterlesen <span class=\"meta-nav\">&rarr;<\/span><\/a><\/p>\n","protected":false},"author":1,"featured_media":0,"parent":3118,"menu_order":0,"comment_status":"closed","ping_status":"closed","template":"page-templates\/full-width.php","meta":{"footnotes":""},"class_list":["post-10008","page","type-page","status-publish","hentry"],"_links":{"self":[{"href":"https:\/\/woerrlein-naturfoto.de\/wordpress\/wp-json\/wp\/v2\/pages\/10008","targetHints":{"allow":["GET"]}}],"collection":[{"href":"https:\/\/woerrlein-naturfoto.de\/wordpress\/wp-json\/wp\/v2\/pages"}],"about":[{"href":"https:\/\/woerrlein-naturfoto.de\/wordpress\/wp-json\/wp\/v2\/types\/page"}],"author":[{"embeddable":true,"href":"https:\/\/woerrlein-naturfoto.de\/wordpress\/wp-json\/wp\/v2\/users\/1"}],"replies":[{"embeddable":true,"href":"https:\/\/woerrlein-naturfoto.de\/wordpress\/wp-json\/wp\/v2\/comments?post=10008"}],"version-history":[{"count":3,"href":"https:\/\/woerrlein-naturfoto.de\/wordpress\/wp-json\/wp\/v2\/pages\/10008\/revisions"}],"predecessor-version":[{"id":10011,"href":"https:\/\/woerrlein-naturfoto.de\/wordpress\/wp-json\/wp\/v2\/pages\/10008\/revisions\/10011"}],"up":[{"embeddable":true,"href":"https:\/\/woerrlein-naturfoto.de\/wordpress\/wp-json\/wp\/v2\/pages\/3118"}],"wp:attachment":[{"href":"https:\/\/woerrlein-naturfoto.de\/wordpress\/wp-json\/wp\/v2\/media?parent=10008"}],"curies":[{"name":"wp","href":"https:\/\/api.w.org\/{rel}","templated":true}]}}